{"id":1286,"date":"2022-06-02T21:12:08","date_gmt":"2022-06-02T21:12:08","guid":{"rendered":"https:\/\/sosresponds.org\/?page_id=1286"},"modified":"2022-06-09T20:52:20","modified_gmt":"2022-06-09T20:52:20","slug":"your-gift-doubles","status":"publish","type":"page","link":"https:\/\/sosresponds.org\/es\/your-gift-doubles\/","title":{"rendered":""},"content":{"rendered":"<div data-elementor-type=\"wp-page\" data-elementor-id=\"1286\" class=\"elementor elementor-1286\" data-elementor-post-type=\"page\">\n\t\t\t\t\t\t<section class=\"elementor-section elementor-top-section elementor-element elementor-element-8a17c05 elementor-section-boxed elementor-section-height-default elementor-section-height-default\" data-id=\"8a17c05\" data-element_type=\"section\" data-e-type=\"section\">\n\t\t\t\t\t\t<div class=\"elementor-container elementor-column-gap-default\">\n\t\t\t\t\t<div class=\"elementor-column elementor-col-100 elementor-top-column elementor-element elementor-element-495ac2e\" data-id=\"495ac2e\" data-element_type=\"column\" data-e-type=\"column\">\n\t\t\t<div class=\"elementor-widget-wrap elementor-element-populated\">\n\t\t\t\t\t\t<div class=\"elementor-element elementor-element-02a6fe9 elementor-widget elementor-widget-spacer\" data-id=\"02a6fe9\" data-element_type=\"widget\" data-e-type=\"widget\" data-widget_type=\"spacer.default\">\n\t\t\t\t<div class=\"elementor-widget-container\">\n\t\t\t\t\t\t\t<div class=\"elementor-spacer\">\n\t\t\t<div class=\"elementor-spacer-inner\"><\/div>\n\t\t<\/div>\n\t\t\t\t\t\t<\/div>\n\t\t\t\t<\/div>\n\t\t\t\t<div class=\"elementor-element elementor-element-2d7f21a elementor-widget elementor-widget-heading\" data-id=\"2d7f21a\" data-element_type=\"widget\" data-e-type=\"widget\" data-widget_type=\"heading.default\">\n\t\t\t\t<div class=\"elementor-widget-container\">\n\t\t\t\t\t<h2 class=\"elementor-heading-title elementor-size-default\">Tu donaci\u00f3n se duplica para rescatar a mujeres y ni\u00f1os de la esclavitud<p class=\"MsoNormal\" style=\"margin: 0in;font-size: 12pt;, serif;font-weight: 400;white-space: normal\"><b><span style=\"font-size: 10pt;font-family: Helvetica\"><i><\/i><\/span><\/b><\/p><br><\/h2>\t\t\t\t<\/div>\n\t\t\t\t<\/div>\n\t\t\t\t\t<\/div>\n\t\t<\/div>\n\t\t\t\t\t<\/div>\n\t\t<\/section>\n\t\t\t\t<section class=\"elementor-section elementor-top-section elementor-element elementor-element-7a981f8 elementor-section-boxed elementor-section-height-default elementor-section-height-default\" data-id=\"7a981f8\" data-element_type=\"section\" data-e-type=\"section\">\n\t\t\t\t\t\t<div class=\"elementor-container elementor-column-gap-default\">\n\t\t\t\t\t<div class=\"elementor-column elementor-col-100 elementor-top-column elementor-element elementor-element-65db348\" data-id=\"65db348\" data-element_type=\"column\" data-e-type=\"column\">\n\t\t\t<div class=\"elementor-widget-wrap elementor-element-populated\">\n\t\t\t\t\t\t<div class=\"elementor-element elementor-element-b7e8bd1 elementor-widget elementor-widget-text-editor\" data-id=\"b7e8bd1\" data-element_type=\"widget\" data-e-type=\"widget\" data-widget_type=\"text-editor.default\">\n\t\t\t\t<div class=\"elementor-widget-container\">\n\t\t\t\t\t\t\t\t\t<p>Gracias por su mejor regalo a continuaci\u00f3n para ayudar a cubrir una necesidad de $72.000 y movilizar el rescate y la rehabilitaci\u00f3n de 40 mujeres y ni\u00f1os de la esclavitud.<\/p>\n<p><strong><em>S\u00d3LO HOY, su donaci\u00f3n se duplicar\u00e1 con una igualaci\u00f3n de $5.000 para ayudar a garantizar que todas las j\u00f3venes vidas que esperan ser rescatadas puedan ser atendidas.<br><br><\/em><\/strong><\/p>\n<p><img decoding=\"async\" data-opt-id=\"1756320076\" class=\"aligncenter\"  src=\"http:\/\/g.emtmr.co\/7a636a2bc01a7e97\" alt=\"emailtimers.com\" width=\"800\" height=\"70\"><\/p>\n<p><strong><em>&nbsp;<\/em><\/strong>As\u00ed que, por favor, responda r\u00e1pidamente para ayudar a potenciar los esfuerzos sobre el terreno para rescatar y rehabilitar a las mujeres y ni\u00f1os esclavizados y proporcionarles:<br><br><br><\/p>\n<ul>\n<li>Un lugar seguro para dormir y la tan necesitada comida<\/li>\n<li>Atenci\u00f3n m\u00e9dica vital y asesoramiento<\/li>\n<li>Formaci\u00f3n profesional y educaci\u00f3n para construir su futuro<\/li>\n<\/ul>\n<p>&nbsp;<br><br>Su apoyo urgente tambi\u00e9n ayuda a poner en pr\u00e1ctica soluciones sostenibles a los problemas de fondo que hacen que las comunidades sean vulnerables a la trata en primer lugar.<\/p>\n<p>En nombre de todas las mujeres y los ni\u00f1os a los que les dar\u00e1s la posibilidad de llevar una vida de esperanza, te agradecemos que act\u00faes hoy con tu donaci\u00f3n... <em>porque la libertad lo exige.<\/em><\/p>\t\t\t\t\t\t\t\t<\/div>\n\t\t\t\t<\/div>\n\t\t\t\t<div class=\"elementor-element elementor-element-b50c74f elementor-widget-divider--view-line elementor-widget elementor-widget-divider\" data-id=\"b50c74f\" data-element_type=\"widget\" data-e-type=\"widget\" data-widget_type=\"divider.default\">\n\t\t\t\t<div class=\"elementor-widget-container\">\n\t\t\t\t\t\t\t<div class=\"elementor-divider\">\n\t\t\t<span class=\"elementor-divider-separator\">\n\t\t\t\t\t\t<\/span>\n\t\t<\/div>\n\t\t\t\t\t\t<\/div>\n\t\t\t\t<\/div>\n\t\t\t\t\t<\/div>\n\t\t<\/div>\n\t\t\t\t\t<\/div>\n\t\t<\/section>\n\t\t\t\t<section class=\"elementor-section elementor-top-section elementor-element elementor-element-6e72cbe elementor-section-boxed elementor-section-height-default elementor-section-height-default\" data-id=\"6e72cbe\" data-element_type=\"section\" data-e-type=\"section\">\n\t\t\t\t\t\t<div class=\"elementor-container elementor-column-gap-default\">\n\t\t\t\t\t<div class=\"elementor-column elementor-col-33 elementor-top-column elementor-element elementor-element-7de3280\" data-id=\"7de3280\" data-element_type=\"column\" data-e-type=\"column\">\n\t\t\t<div class=\"elementor-widget-wrap elementor-element-populated\">\n\t\t\t\t\t\t<div class=\"elementor-element elementor-element-4373d8a elementor-widget elementor-widget-spacer\" data-id=\"4373d8a\" data-element_type=\"widget\" data-e-type=\"widget\" data-widget_type=\"spacer.default\">\n\t\t\t\t<div class=\"elementor-widget-container\">\n\t\t\t\t\t\t\t<div class=\"elementor-spacer\">\n\t\t\t<div class=\"elementor-spacer-inner\"><\/div>\n\t\t<\/div>\n\t\t\t\t\t\t<\/div>\n\t\t\t\t<\/div>\n\t\t\t\t\t<\/div>\n\t\t<\/div>\n\t\t\t\t<div class=\"elementor-column elementor-col-33 elementor-top-column elementor-element elementor-element-c3df2b5\" data-id=\"c3df2b5\" data-element_type=\"column\" data-e-type=\"column\">\n\t\t\t<div class=\"elementor-widget-wrap elementor-element-populated\">\n\t\t\t\t\t\t<div class=\"elementor-element elementor-element-dc52c3d elementor-widget elementor-widget-html\" data-id=\"dc52c3d\" data-element_type=\"widget\" data-e-type=\"widget\" data-widget_type=\"html.default\">\n\t\t\t\t<div class=\"elementor-widget-container\">\n\t\t\t\t\t<a href=\"#XEZDFTGX\" style=\"display: none\"><\/a>\t\t\t\t<\/div>\n\t\t\t\t<\/div>\n\t\t\t\t\t<\/div>\n\t\t<\/div>\n\t\t\t\t<div class=\"elementor-column elementor-col-33 elementor-top-column elementor-element elementor-element-31f90d1\" data-id=\"31f90d1\" data-element_type=\"column\" data-e-type=\"column\">\n\t\t\t<div class=\"elementor-widget-wrap elementor-element-populated\">\n\t\t\t\t\t\t<div class=\"elementor-element elementor-element-689cf45 elementor-widget elementor-widget-spacer\" data-id=\"689cf45\" data-element_type=\"widget\" data-e-type=\"widget\" data-widget_type=\"spacer.default\">\n\t\t\t\t<div class=\"elementor-widget-container\">\n\t\t\t\t\t\t\t<div class=\"elementor-spacer\">\n\t\t\t<div class=\"elementor-spacer-inner\"><\/div>\n\t\t<\/div>\n\t\t\t\t\t\t<\/div>\n\t\t\t\t<\/div>\n\t\t\t\t\t<\/div>\n\t\t<\/div>\n\t\t\t\t\t<\/div>\n\t\t<\/section>\n\t\t\t\t<section class=\"elementor-section elementor-top-section elementor-element elementor-element-ea16102 elementor-section-boxed elementor-section-height-default elementor-section-height-default\" data-id=\"ea16102\" data-element_type=\"section\" data-e-type=\"section\">\n\t\t\t\t\t\t<div class=\"elementor-container elementor-column-gap-default\">\n\t\t\t\t\t<div class=\"elementor-column elementor-col-100 elementor-top-column elementor-element elementor-element-823b12a\" data-id=\"823b12a\" data-element_type=\"column\" data-e-type=\"column\">\n\t\t\t<div class=\"elementor-widget-wrap elementor-element-populated\">\n\t\t\t\t\t\t<div class=\"elementor-element elementor-element-417ccff elementor-widget elementor-widget-spacer\" data-id=\"417ccff\" data-element_type=\"widget\" data-e-type=\"widget\" data-widget_type=\"spacer.default\">\n\t\t\t\t<div class=\"elementor-widget-container\">\n\t\t\t\t\t\t\t<div class=\"elementor-spacer\">\n\t\t\t<div class=\"elementor-spacer-inner\"><\/div>\n\t\t<\/div>\n\t\t\t\t\t\t<\/div>\n\t\t\t\t<\/div>\n\t\t\t\t\t<\/div>\n\t\t<\/div>\n\t\t\t\t\t<\/div>\n\t\t<\/section>\n\t\t\t\t<\/div>","protected":false},"excerpt":{"rendered":"<p>Your gift DOUBLES to rescue women and children from slavery Thank you for your best gift below to help meet a $72,000 need and mobilize the rescue and rehabilitation of [&hellip;]<\/p>\n","protected":false},"author":7,"featured_media":0,"parent":0,"menu_order":0,"comment_status":"closed","ping_status":"closed","template":"","meta":{"_seopress_robots_primary_cat":"","_seopress_titles_title":"Your gift DOUBLES to rescue women and children from slavery","_seopress_titles_desc":"So please respond quickly to help empower on-the-ground efforts to rescue and rehabilitate enslaved women and children","_seopress_robots_index":"","footnotes":""},"class_list":["post-1286","page","type-page","status-publish","hentry"],"_links":{"self":[{"href":"https:\/\/sosresponds.org\/es\/wp-json\/wp\/v2\/pages\/1286","targetHints":{"allow":["GET"]}}],"collection":[{"href":"https:\/\/sosresponds.org\/es\/wp-json\/wp\/v2\/pages"}],"about":[{"href":"https:\/\/sosresponds.org\/es\/wp-json\/wp\/v2\/types\/page"}],"author":[{"embeddable":true,"href":"https:\/\/sosresponds.org\/es\/wp-json\/wp\/v2\/users\/7"}],"replies":[{"embeddable":true,"href":"https:\/\/sosresponds.org\/es\/wp-json\/wp\/v2\/comments?post=1286"}],"version-history":[{"count":0,"href":"https:\/\/sosresponds.org\/es\/wp-json\/wp\/v2\/pages\/1286\/revisions"}],"wp:attachment":[{"href":"https:\/\/sosresponds.org\/es\/wp-json\/wp\/v2\/media?parent=1286"}],"curies":[{"name":"wp","href":"https:\/\/api.w.org\/{rel}","templated":true}]}}