{"id":1303,"date":"2022-06-08T19:01:02","date_gmt":"2022-06-08T19:01:02","guid":{"rendered":"https:\/\/sosresponds.org\/?page_id=1303"},"modified":"2022-06-08T21:34:26","modified_gmt":"2022-06-08T21:34:26","slug":"kksp0622","status":"publish","type":"page","link":"https:\/\/sosresponds.org\/es\/kksp0622\/","title":{"rendered":"Campa\u00f1a de radio Junio 2022"},"content":{"rendered":"<div data-elementor-type=\"wp-page\" data-elementor-id=\"1303\" class=\"elementor elementor-1303\" data-elementor-post-type=\"page\">\n\t\t\t\t\t\t<section class=\"elementor-section elementor-top-section elementor-element elementor-element-37bc285 elementor-section-boxed elementor-section-height-default elementor-section-height-default\" data-id=\"37bc285\" data-element_type=\"section\" data-e-type=\"section\">\n\t\t\t\t\t\t<div class=\"elementor-container elementor-column-gap-default\">\n\t\t\t\t\t<div class=\"elementor-column elementor-col-100 elementor-top-column elementor-element elementor-element-a89ff02\" data-id=\"a89ff02\" data-element_type=\"column\" data-e-type=\"column\">\n\t\t\t<div class=\"elementor-widget-wrap elementor-element-populated\">\n\t\t\t\t\t\t<div class=\"elementor-element elementor-element-00ef584 elementor-widget elementor-widget-spacer\" data-id=\"00ef584\" data-element_type=\"widget\" data-e-type=\"widget\" data-widget_type=\"spacer.default\">\n\t\t\t\t<div class=\"elementor-widget-container\">\n\t\t\t\t\t\t\t<div class=\"elementor-spacer\">\n\t\t\t<div class=\"elementor-spacer-inner\"><\/div>\n\t\t<\/div>\n\t\t\t\t\t\t<\/div>\n\t\t\t\t<\/div>\n\t\t\t\t<div class=\"elementor-element elementor-element-c55883e elementor-widget elementor-widget-image\" data-id=\"c55883e\" data-element_type=\"widget\" data-e-type=\"widget\" data-widget_type=\"image.default\">\n\t\t\t\t<div class=\"elementor-widget-container\">\n\t\t\t\t\t\t\t\t\t\t\t\t\t\t\t<img data-opt-id=537967193  data-opt-src=\"https:\/\/mlvggls1rius.i.optimole.com\/w:880\/h:440\/q:81\/f:best\/https:\/\/sosresponds.org\/wp-content\/uploads\/2022\/06\/SOS-Banner-w-Logo-2206.png\"  decoding=\"async\" width=\"880\" height=\"440\" src=\"data:image/svg+xml,%3Csvg%20viewBox%3D%220%200%20880%20440%22%20width%3D%22880%22%20height%3D%22440%22%20xmlns%3D%22http%3A%2F%2Fwww.w3.org%2F2000%2Fsvg%22%3E%3Crect%20width%3D%22880%22%20height%3D%22440%22%20fill%3D%22transparent%22%2F%3E%3C%2Fsvg%3E\" class=\"attachment-full size-full wp-image-1305\" alt=\"\" old-srcset=\"https:\/\/mlvggls1rius.i.optimole.com\/w:880\/h:440\/q:81\/f:best\/https:\/\/sosresponds.org\/wp-content\/uploads\/2022\/06\/SOS-Banner-w-Logo-2206.png 880w, https:\/\/mlvggls1rius.i.optimole.com\/w:300\/h:150\/q:81\/f:best\/https:\/\/sosresponds.org\/wp-content\/uploads\/2022\/06\/SOS-Banner-w-Logo-2206.png 300w, https:\/\/mlvggls1rius.i.optimole.com\/w:768\/h:384\/q:81\/f:best\/https:\/\/sosresponds.org\/wp-content\/uploads\/2022\/06\/SOS-Banner-w-Logo-2206.png 768w, https:\/\/mlvggls1rius.i.optimole.com\/w:18\/h:9\/q:81\/f:best\/https:\/\/sosresponds.org\/wp-content\/uploads\/2022\/06\/SOS-Banner-w-Logo-2206.png 18w, https:\/\/mlvggls1rius.i.optimole.com\/w:880\/h:440\/q:81\/f:best\/dpr:2\/https:\/\/sosresponds.org\/wp-content\/uploads\/2022\/06\/SOS-Banner-w-Logo-2206.png 2x\" \/><noscript><img data-opt-id=537967193  decoding=\"async\" width=\"880\" height=\"440\" src=\"https:\/\/mlvggls1rius.i.optimole.com\/w:880\/h:440\/q:81\/f:best\/https:\/\/sosresponds.org\/wp-content\/uploads\/2022\/06\/SOS-Banner-w-Logo-2206.png\" class=\"attachment-full size-full wp-image-1305\" alt=\"\" srcset=\"https:\/\/mlvggls1rius.i.optimole.com\/w:880\/h:440\/q:81\/f:best\/https:\/\/sosresponds.org\/wp-content\/uploads\/2022\/06\/SOS-Banner-w-Logo-2206.png 880w, https:\/\/mlvggls1rius.i.optimole.com\/w:300\/h:150\/q:81\/f:best\/https:\/\/sosresponds.org\/wp-content\/uploads\/2022\/06\/SOS-Banner-w-Logo-2206.png 300w, https:\/\/mlvggls1rius.i.optimole.com\/w:768\/h:384\/q:81\/f:best\/https:\/\/sosresponds.org\/wp-content\/uploads\/2022\/06\/SOS-Banner-w-Logo-2206.png 768w, https:\/\/mlvggls1rius.i.optimole.com\/w:18\/h:9\/q:81\/f:best\/https:\/\/sosresponds.org\/wp-content\/uploads\/2022\/06\/SOS-Banner-w-Logo-2206.png 18w, https:\/\/mlvggls1rius.i.optimole.com\/w:880\/h:440\/q:81\/f:best\/dpr:2\/https:\/\/sosresponds.org\/wp-content\/uploads\/2022\/06\/SOS-Banner-w-Logo-2206.png 2x\" sizes=\"(max-width: 800px) 100vw, 800px\" \/></noscript>\t\t\t\t\t\t\t\t\t\t\t\t\t\t\t<\/div>\n\t\t\t\t<\/div>\n\t\t\t\t<div class=\"elementor-element elementor-element-98a001b elementor-widget elementor-widget-heading\" data-id=\"98a001b\" data-element_type=\"widget\" data-e-type=\"widget\" data-widget_type=\"heading.default\">\n\t\t\t\t<div class=\"elementor-widget-container\">\n\t\t\t\t\t<h2 class=\"elementor-heading-title elementor-size-default\">Rescate de mujeres y ni\u00f1os en riesgo<\/h2>\t\t\t\t<\/div>\n\t\t\t\t<\/div>\n\t\t\t\t<div class=\"elementor-element elementor-element-dcc4154 elementor-widget-divider--view-line elementor-widget elementor-widget-divider\" data-id=\"dcc4154\" data-element_type=\"widget\" data-e-type=\"widget\" data-widget_type=\"divider.default\">\n\t\t\t\t<div class=\"elementor-widget-container\">\n\t\t\t\t\t\t\t<div class=\"elementor-divider\">\n\t\t\t<span class=\"elementor-divider-separator\">\n\t\t\t\t\t\t<\/span>\n\t\t<\/div>\n\t\t\t\t\t\t<\/div>\n\t\t\t\t<\/div>\n\t\t\t\t\t<\/div>\n\t\t<\/div>\n\t\t\t\t\t<\/div>\n\t\t<\/section>\n\t\t\t\t<section class=\"elementor-section elementor-top-section elementor-element elementor-element-22515f8 elementor-section-boxed elementor-section-height-default elementor-section-height-default\" data-id=\"22515f8\" data-element_type=\"section\" data-e-type=\"section\">\n\t\t\t\t\t\t<div class=\"elementor-container elementor-column-gap-default\">\n\t\t\t\t\t<div class=\"elementor-column elementor-col-33 elementor-top-column elementor-element elementor-element-43619a0\" data-id=\"43619a0\" data-element_type=\"column\" data-e-type=\"column\">\n\t\t\t<div class=\"elementor-widget-wrap\">\n\t\t\t\t\t\t\t<\/div>\n\t\t<\/div>\n\t\t\t\t<div class=\"elementor-column elementor-col-33 elementor-top-column elementor-element elementor-element-f022ea3\" data-id=\"f022ea3\" data-element_type=\"column\" data-e-type=\"column\">\n\t\t\t<div class=\"elementor-widget-wrap elementor-element-populated\">\n\t\t\t\t\t\t<div class=\"elementor-element elementor-element-dd5685f elementor-widget elementor-widget-text-editor\" data-id=\"dd5685f\" data-element_type=\"widget\" data-e-type=\"widget\" data-widget_type=\"text-editor.default\">\n\t\t\t\t<div class=\"elementor-widget-container\">\n\t\t\t\t\t\t\t\t\t<p>Actualmente hay m\u00e1s de 40 millones de esclavos en el mundo.<\/p><p>Uno de cada cuatro de estos esclavos son ni\u00f1os.<\/p><p><strong>Los ni\u00f1os.<\/strong>\u00a0<i><\/i><\/p><p><em>S\u00f3lo se necesitan $50 para alimentar a una familia de 4 personas durante un mes - y ayudar a protegerlas de ser v\u00edctimas de los traficantes.  En este momento, cada donaci\u00f3n ser\u00e1 duplicada por un generoso amigo de SOS, por lo que tu donaci\u00f3n ayudar\u00e1 al doble de mujeres y ni\u00f1os.<\/em><\/p><p><u><\/u><u><\/u><strong>Por el bien de las mujeres y los ni\u00f1os, por favor, no se demore.\u00a0<\/strong><\/p><p>Gracias por su decisi\u00f3n compasiva de ayudarles a caminar en libertad... hasta que todos sean libres.<\/p>\t\t\t\t\t\t\t\t<\/div>\n\t\t\t\t<\/div>\n\t\t\t\t\t<\/div>\n\t\t<\/div>\n\t\t\t\t<div class=\"elementor-column elementor-col-33 elementor-top-column elementor-element elementor-element-80e398b\" data-id=\"80e398b\" data-element_type=\"column\" data-e-type=\"column\">\n\t\t\t<div class=\"elementor-widget-wrap\">\n\t\t\t\t\t\t\t<\/div>\n\t\t<\/div>\n\t\t\t\t\t<\/div>\n\t\t<\/section>\n\t\t\t\t<section class=\"elementor-section elementor-top-section elementor-element elementor-element-498f2a0 elementor-section-boxed elementor-section-height-default elementor-section-height-default\" data-id=\"498f2a0\" data-element_type=\"section\" data-e-type=\"section\">\n\t\t\t\t\t\t<div class=\"elementor-container elementor-column-gap-default\">\n\t\t\t\t\t<div class=\"elementor-column elementor-col-50 elementor-top-column elementor-element elementor-element-c710292\" data-id=\"c710292\" data-element_type=\"column\" data-e-type=\"column\">\n\t\t\t<div class=\"elementor-widget-wrap elementor-element-populated\">\n\t\t\t\t\t\t<div class=\"elementor-element elementor-element-e8725e1 elementor-widget elementor-widget-image\" data-id=\"e8725e1\" data-element_type=\"widget\" data-e-type=\"widget\" data-widget_type=\"image.default\">\n\t\t\t\t<div class=\"elementor-widget-container\">\n\t\t\t\t\t\t\t\t\t\t\t\t\t\t\t<img data-opt-id=558840647  data-opt-src=\"https:\/\/mlvggls1rius.i.optimole.com\/w:780\/h:680\/q:81\/f:best\/https:\/\/sosresponds.org\/wp-content\/uploads\/2022\/06\/SOS-Banner_Welcome-780x680-1.png\"  decoding=\"async\" width=\"780\" height=\"680\" src=\"data:image/svg+xml,%3Csvg%20viewBox%3D%220%200%20780%20680%22%20width%3D%22780%22%20height%3D%22680%22%20xmlns%3D%22http%3A%2F%2Fwww.w3.org%2F2000%2Fsvg%22%3E%3Crect%20width%3D%22780%22%20height%3D%22680%22%20fill%3D%22transparent%22%2F%3E%3C%2Fsvg%3E\" class=\"attachment-large size-large wp-image-1306\" alt=\"\" old-srcset=\"https:\/\/mlvggls1rius.i.optimole.com\/w:780\/h:680\/q:81\/f:best\/https:\/\/sosresponds.org\/wp-content\/uploads\/2022\/06\/SOS-Banner_Welcome-780x680-1.png 780w, https:\/\/mlvggls1rius.i.optimole.com\/w:300\/h:262\/q:81\/f:best\/https:\/\/sosresponds.org\/wp-content\/uploads\/2022\/06\/SOS-Banner_Welcome-780x680-1.png 300w, https:\/\/mlvggls1rius.i.optimole.com\/w:768\/h:670\/q:81\/f:best\/https:\/\/sosresponds.org\/wp-content\/uploads\/2022\/06\/SOS-Banner_Welcome-780x680-1.png 768w, https:\/\/mlvggls1rius.i.optimole.com\/w:14\/h:12\/q:81\/f:best\/https:\/\/sosresponds.org\/wp-content\/uploads\/2022\/06\/SOS-Banner_Welcome-780x680-1.png 14w, https:\/\/mlvggls1rius.i.optimole.com\/w:780\/h:680\/q:81\/f:best\/dpr:2\/https:\/\/sosresponds.org\/wp-content\/uploads\/2022\/06\/SOS-Banner_Welcome-780x680-1.png 2x\" \/><noscript><img data-opt-id=558840647  decoding=\"async\" width=\"780\" height=\"680\" src=\"https:\/\/mlvggls1rius.i.optimole.com\/w:780\/h:680\/q:81\/f:best\/https:\/\/sosresponds.org\/wp-content\/uploads\/2022\/06\/SOS-Banner_Welcome-780x680-1.png\" class=\"attachment-large size-large wp-image-1306\" alt=\"\" srcset=\"https:\/\/mlvggls1rius.i.optimole.com\/w:780\/h:680\/q:81\/f:best\/https:\/\/sosresponds.org\/wp-content\/uploads\/2022\/06\/SOS-Banner_Welcome-780x680-1.png 780w, https:\/\/mlvggls1rius.i.optimole.com\/w:300\/h:262\/q:81\/f:best\/https:\/\/sosresponds.org\/wp-content\/uploads\/2022\/06\/SOS-Banner_Welcome-780x680-1.png 300w, https:\/\/mlvggls1rius.i.optimole.com\/w:768\/h:670\/q:81\/f:best\/https:\/\/sosresponds.org\/wp-content\/uploads\/2022\/06\/SOS-Banner_Welcome-780x680-1.png 768w, https:\/\/mlvggls1rius.i.optimole.com\/w:14\/h:12\/q:81\/f:best\/https:\/\/sosresponds.org\/wp-content\/uploads\/2022\/06\/SOS-Banner_Welcome-780x680-1.png 14w, https:\/\/mlvggls1rius.i.optimole.com\/w:780\/h:680\/q:81\/f:best\/dpr:2\/https:\/\/sosresponds.org\/wp-content\/uploads\/2022\/06\/SOS-Banner_Welcome-780x680-1.png 2x\" sizes=\"(max-width: 780px) 100vw, 780px\" \/></noscript>\t\t\t\t\t\t\t\t\t\t\t\t\t\t\t<\/div>\n\t\t\t\t<\/div>\n\t\t\t\t\t<\/div>\n\t\t<\/div>\n\t\t\t\t<div class=\"elementor-column elementor-col-50 elementor-top-column elementor-element elementor-element-5f5c2d0\" data-id=\"5f5c2d0\" data-element_type=\"column\" data-e-type=\"column\">\n\t\t\t<div class=\"elementor-widget-wrap elementor-element-populated\">\n\t\t\t\t\t\t<div class=\"elementor-element elementor-element-eba9ed9 elementor-widget elementor-widget-html\" data-id=\"eba9ed9\" data-element_type=\"widget\" data-e-type=\"widget\" data-widget_type=\"html.default\">\n\t\t\t\t<div class=\"elementor-widget-container\">\n\t\t\t\t\t<a href=\"#XHWKMQTT\" style=\"display: none\"><\/a>\t\t\t\t<\/div>\n\t\t\t\t<\/div>\n\t\t\t\t\t<\/div>\n\t\t<\/div>\n\t\t\t\t\t<\/div>\n\t\t<\/section>\n\t\t\t\t<section class=\"elementor-section elementor-top-section elementor-element elementor-element-6d55679 elementor-section-boxed elementor-section-height-default elementor-section-height-default\" data-id=\"6d55679\" data-element_type=\"section\" data-e-type=\"section\">\n\t\t\t\t\t\t<div class=\"elementor-container elementor-column-gap-default\">\n\t\t\t\t\t<div class=\"elementor-column elementor-col-33 elementor-top-column elementor-element elementor-element-627b1d7\" data-id=\"627b1d7\" data-element_type=\"column\" data-e-type=\"column\">\n\t\t\t<div class=\"elementor-widget-wrap elementor-element-populated\">\n\t\t\t\t\t\t<div class=\"elementor-element elementor-element-ee7215d elementor-widget elementor-widget-image\" data-id=\"ee7215d\" data-element_type=\"widget\" data-e-type=\"widget\" data-widget_type=\"image.default\">\n\t\t\t\t<div class=\"elementor-widget-container\">\n\t\t\t\t\t\t\t\t\t\t\t\t\t\t\t<img data-opt-id=318417222  data-opt-src=\"https:\/\/mlvggls1rius.i.optimole.com\/w:147\/h:147\/q:81\/f:best\/https:\/\/sosresponds.org\/wp-content\/uploads\/2022\/06\/ECFA-e1693331614126.png\"  decoding=\"async\" width=\"147\" height=\"147\" src=\"data:image/svg+xml,%3Csvg%20viewBox%3D%220%200%20147%20147%22%20width%3D%22147%22%20height%3D%22147%22%20xmlns%3D%22http%3A%2F%2Fwww.w3.org%2F2000%2Fsvg%22%3E%3Crect%20width%3D%22147%22%20height%3D%22147%22%20fill%3D%22transparent%22%2F%3E%3C%2Fsvg%3E\" class=\"attachment-large size-large wp-image-1309\" alt=\"ECFA\" old-srcset=\"https:\/\/mlvggls1rius.i.optimole.com\/w:147\/h:147\/q:81\/f:best\/https:\/\/sosresponds.org\/wp-content\/uploads\/2022\/06\/ECFA-e1693331614126.png 147w, https:\/\/mlvggls1rius.i.optimole.com\/w:12\/h:12\/q:81\/f:best\/https:\/\/sosresponds.org\/wp-content\/uploads\/2022\/06\/ECFA-e1693331614126.png 12w, https:\/\/mlvggls1rius.i.optimole.com\/w:147\/h:147\/q:81\/f:best\/dpr:2\/https:\/\/sosresponds.org\/wp-content\/uploads\/2022\/06\/ECFA-e1693331614126.png 2x\" \/><noscript><img data-opt-id=318417222  decoding=\"async\" width=\"147\" height=\"147\" src=\"https:\/\/mlvggls1rius.i.optimole.com\/w:147\/h:147\/q:81\/f:best\/https:\/\/sosresponds.org\/wp-content\/uploads\/2022\/06\/ECFA-e1693331614126.png\" class=\"attachment-large size-large wp-image-1309\" alt=\"ECFA\" srcset=\"https:\/\/mlvggls1rius.i.optimole.com\/w:147\/h:147\/q:81\/f:best\/https:\/\/sosresponds.org\/wp-content\/uploads\/2022\/06\/ECFA-e1693331614126.png 147w, https:\/\/mlvggls1rius.i.optimole.com\/w:12\/h:12\/q:81\/f:best\/https:\/\/sosresponds.org\/wp-content\/uploads\/2022\/06\/ECFA-e1693331614126.png 12w, https:\/\/mlvggls1rius.i.optimole.com\/w:147\/h:147\/q:81\/f:best\/dpr:2\/https:\/\/sosresponds.org\/wp-content\/uploads\/2022\/06\/ECFA-e1693331614126.png 2x\" sizes=\"(max-width: 147px) 100vw, 147px\" \/></noscript>\t\t\t\t\t\t\t\t\t\t\t\t\t\t\t<\/div>\n\t\t\t\t<\/div>\n\t\t\t\t\t<\/div>\n\t\t<\/div>\n\t\t\t\t<div class=\"elementor-column elementor-col-33 elementor-top-column elementor-element elementor-element-c947fc3\" data-id=\"c947fc3\" data-element_type=\"column\" data-e-type=\"column\">\n\t\t\t<div class=\"elementor-widget-wrap elementor-element-populated\">\n\t\t\t\t\t\t<div class=\"elementor-element elementor-element-b1cb390 elementor-widget elementor-widget-image\" data-id=\"b1cb390\" data-element_type=\"widget\" data-e-type=\"widget\" data-widget_type=\"image.default\">\n\t\t\t\t<div class=\"elementor-widget-container\">\n\t\t\t\t\t\t\t\t\t\t\t\t\t\t\t<img data-opt-id=717503341  data-opt-src=\"https:\/\/mlvggls1rius.i.optimole.com\/w:750\/h:750\/q:81\/f:best\/https:\/\/sosresponds.org\/wp-content\/uploads\/2022\/06\/CharityNav..jpeg\"  decoding=\"async\" width=\"750\" height=\"750\" src=\"data:image/svg+xml,%3Csvg%20viewBox%3D%220%200%20750%20750%22%20width%3D%22750%22%20height%3D%22750%22%20xmlns%3D%22http%3A%2F%2Fwww.w3.org%2F2000%2Fsvg%22%3E%3Crect%20width%3D%22750%22%20height%3D%22750%22%20fill%3D%22transparent%22%2F%3E%3C%2Fsvg%3E\" class=\"attachment-large size-large wp-image-1307\" alt=\"CharityNav.\" old-srcset=\"https:\/\/mlvggls1rius.i.optimole.com\/w:750\/h:750\/q:81\/f:best\/https:\/\/sosresponds.org\/wp-content\/uploads\/2022\/06\/CharityNav..jpeg 750w, https:\/\/mlvggls1rius.i.optimole.com\/w:300\/h:300\/q:81\/f:best\/https:\/\/sosresponds.org\/wp-content\/uploads\/2022\/06\/CharityNav..jpeg 300w, https:\/\/mlvggls1rius.i.optimole.com\/w:150\/h:150\/q:81\/f:best\/https:\/\/sosresponds.org\/wp-content\/uploads\/2022\/06\/CharityNav..jpeg 150w, https:\/\/mlvggls1rius.i.optimole.com\/w:12\/h:12\/q:81\/f:best\/https:\/\/sosresponds.org\/wp-content\/uploads\/2022\/06\/CharityNav..jpeg 12w, https:\/\/mlvggls1rius.i.optimole.com\/w:700\/h:700\/q:81\/f:best\/https:\/\/sosresponds.org\/wp-content\/uploads\/2022\/06\/CharityNav..jpeg 700w, https:\/\/mlvggls1rius.i.optimole.com\/w:750\/h:750\/q:81\/f:best\/dpr:2\/https:\/\/sosresponds.org\/wp-content\/uploads\/2022\/06\/CharityNav..jpeg 2x\" \/><noscript><img data-opt-id=717503341  decoding=\"async\" width=\"750\" height=\"750\" src=\"https:\/\/mlvggls1rius.i.optimole.com\/w:750\/h:750\/q:81\/f:best\/https:\/\/sosresponds.org\/wp-content\/uploads\/2022\/06\/CharityNav..jpeg\" class=\"attachment-large size-large wp-image-1307\" alt=\"CharityNav.\" srcset=\"https:\/\/mlvggls1rius.i.optimole.com\/w:750\/h:750\/q:81\/f:best\/https:\/\/sosresponds.org\/wp-content\/uploads\/2022\/06\/CharityNav..jpeg 750w, https:\/\/mlvggls1rius.i.optimole.com\/w:300\/h:300\/q:81\/f:best\/https:\/\/sosresponds.org\/wp-content\/uploads\/2022\/06\/CharityNav..jpeg 300w, https:\/\/mlvggls1rius.i.optimole.com\/w:150\/h:150\/q:81\/f:best\/https:\/\/sosresponds.org\/wp-content\/uploads\/2022\/06\/CharityNav..jpeg 150w, https:\/\/mlvggls1rius.i.optimole.com\/w:12\/h:12\/q:81\/f:best\/https:\/\/sosresponds.org\/wp-content\/uploads\/2022\/06\/CharityNav..jpeg 12w, https:\/\/mlvggls1rius.i.optimole.com\/w:700\/h:700\/q:81\/f:best\/https:\/\/sosresponds.org\/wp-content\/uploads\/2022\/06\/CharityNav..jpeg 700w, https:\/\/mlvggls1rius.i.optimole.com\/w:750\/h:750\/q:81\/f:best\/dpr:2\/https:\/\/sosresponds.org\/wp-content\/uploads\/2022\/06\/CharityNav..jpeg 2x\" sizes=\"(max-width: 750px) 100vw, 750px\" \/></noscript>\t\t\t\t\t\t\t\t\t\t\t\t\t\t\t<\/div>\n\t\t\t\t<\/div>\n\t\t\t\t\t<\/div>\n\t\t<\/div>\n\t\t\t\t<div class=\"elementor-column elementor-col-33 elementor-top-column elementor-element elementor-element-99812e6\" data-id=\"99812e6\" data-element_type=\"column\" data-e-type=\"column\">\n\t\t\t<div class=\"elementor-widget-wrap elementor-element-populated\">\n\t\t\t\t\t\t<div class=\"elementor-element elementor-element-54db6ee elementor-widget elementor-widget-image\" data-id=\"54db6ee\" data-element_type=\"widget\" data-e-type=\"widget\" data-widget_type=\"image.default\">\n\t\t\t\t<div class=\"elementor-widget-container\">\n\t\t\t\t\t\t\t\t\t\t\t\t\t\t\t<img data-opt-id=1649983450  data-opt-src=\"https:\/\/mlvggls1rius.i.optimole.com\/w:800\/h:800\/q:81\/f:best\/https:\/\/sosresponds.org\/wp-content\/uploads\/2022\/06\/DigitalRGB_225px_Gold.png\"  decoding=\"async\" width=\"800\" height=\"800\" src=\"data:image/svg+xml,%3Csvg%20viewBox%3D%220%200%20800%20800%22%20width%3D%22800%22%20height%3D%22800%22%20xmlns%3D%22http%3A%2F%2Fwww.w3.org%2F2000%2Fsvg%22%3E%3Crect%20width%3D%22800%22%20height%3D%22800%22%20fill%3D%22transparent%22%2F%3E%3C%2Fsvg%3E\" class=\"attachment-large size-large wp-image-1308\" alt=\"DigitalRGB_225px_Gold\" old-srcset=\"https:\/\/mlvggls1rius.i.optimole.com\/w:850\/h:850\/q:81\/f:best\/https:\/\/sosresponds.org\/wp-content\/uploads\/2022\/06\/DigitalRGB_225px_Gold.png 850w, https:\/\/mlvggls1rius.i.optimole.com\/w:300\/h:300\/q:81\/f:best\/https:\/\/sosresponds.org\/wp-content\/uploads\/2022\/06\/DigitalRGB_225px_Gold.png 300w, https:\/\/mlvggls1rius.i.optimole.com\/w:150\/h:150\/q:81\/f:best\/https:\/\/sosresponds.org\/wp-content\/uploads\/2022\/06\/DigitalRGB_225px_Gold.png 150w, https:\/\/mlvggls1rius.i.optimole.com\/w:768\/h:768\/q:81\/f:best\/https:\/\/sosresponds.org\/wp-content\/uploads\/2022\/06\/DigitalRGB_225px_Gold.png 768w, https:\/\/mlvggls1rius.i.optimole.com\/w:12\/h:12\/q:81\/f:best\/https:\/\/sosresponds.org\/wp-content\/uploads\/2022\/06\/DigitalRGB_225px_Gold.png 12w, https:\/\/mlvggls1rius.i.optimole.com\/w:700\/h:700\/q:81\/f:best\/https:\/\/sosresponds.org\/wp-content\/uploads\/2022\/06\/DigitalRGB_225px_Gold.png 700w, https:\/\/mlvggls1rius.i.optimole.com\/w:850\/h:850\/q:81\/f:best\/dpr:2\/https:\/\/sosresponds.org\/wp-content\/uploads\/2022\/06\/DigitalRGB_225px_Gold.png 2x\" \/><noscript><img data-opt-id=1649983450  decoding=\"async\" width=\"800\" height=\"800\" src=\"https:\/\/mlvggls1rius.i.optimole.com\/w:800\/h:800\/q:81\/f:best\/https:\/\/sosresponds.org\/wp-content\/uploads\/2022\/06\/DigitalRGB_225px_Gold.png\" class=\"attachment-large size-large wp-image-1308\" alt=\"DigitalRGB_225px_Gold\" srcset=\"https:\/\/mlvggls1rius.i.optimole.com\/w:850\/h:850\/q:81\/f:best\/https:\/\/sosresponds.org\/wp-content\/uploads\/2022\/06\/DigitalRGB_225px_Gold.png 850w, https:\/\/mlvggls1rius.i.optimole.com\/w:300\/h:300\/q:81\/f:best\/https:\/\/sosresponds.org\/wp-content\/uploads\/2022\/06\/DigitalRGB_225px_Gold.png 300w, https:\/\/mlvggls1rius.i.optimole.com\/w:150\/h:150\/q:81\/f:best\/https:\/\/sosresponds.org\/wp-content\/uploads\/2022\/06\/DigitalRGB_225px_Gold.png 150w, https:\/\/mlvggls1rius.i.optimole.com\/w:768\/h:768\/q:81\/f:best\/https:\/\/sosresponds.org\/wp-content\/uploads\/2022\/06\/DigitalRGB_225px_Gold.png 768w, https:\/\/mlvggls1rius.i.optimole.com\/w:12\/h:12\/q:81\/f:best\/https:\/\/sosresponds.org\/wp-content\/uploads\/2022\/06\/DigitalRGB_225px_Gold.png 12w, https:\/\/mlvggls1rius.i.optimole.com\/w:700\/h:700\/q:81\/f:best\/https:\/\/sosresponds.org\/wp-content\/uploads\/2022\/06\/DigitalRGB_225px_Gold.png 700w, https:\/\/mlvggls1rius.i.optimole.com\/w:850\/h:850\/q:81\/f:best\/dpr:2\/https:\/\/sosresponds.org\/wp-content\/uploads\/2022\/06\/DigitalRGB_225px_Gold.png 2x\" sizes=\"(max-width: 800px) 100vw, 800px\" \/></noscript>\t\t\t\t\t\t\t\t\t\t\t\t\t\t\t<\/div>\n\t\t\t\t<\/div>\n\t\t\t\t\t<\/div>\n\t\t<\/div>\n\t\t\t\t\t<\/div>\n\t\t<\/section>\n\t\t\t\t<section class=\"elementor-section elementor-top-section elementor-element elementor-element-fa88918 elementor-section-boxed elementor-section-height-default elementor-section-height-default\" data-id=\"fa88918\" data-element_type=\"section\" data-e-type=\"section\">\n\t\t\t\t\t\t<div class=\"elementor-container elementor-column-gap-default\">\n\t\t\t\t\t<div class=\"elementor-column elementor-col-100 elementor-top-column elementor-element elementor-element-ffc5a83\" data-id=\"ffc5a83\" data-element_type=\"column\" data-e-type=\"column\">\n\t\t\t<div class=\"elementor-widget-wrap elementor-element-populated\">\n\t\t\t\t\t\t<div class=\"elementor-element elementor-element-d168446 elementor-widget elementor-widget-spacer\" data-id=\"d168446\" data-element_type=\"widget\" data-e-type=\"widget\" data-widget_type=\"spacer.default\">\n\t\t\t\t<div class=\"elementor-widget-container\">\n\t\t\t\t\t\t\t<div class=\"elementor-spacer\">\n\t\t\t<div class=\"elementor-spacer-inner\"><\/div>\n\t\t<\/div>\n\t\t\t\t\t\t<\/div>\n\t\t\t\t<\/div>\n\t\t\t\t\t<\/div>\n\t\t<\/div>\n\t\t\t\t\t<\/div>\n\t\t<\/section>\n\t\t\t\t<\/div>","protected":false},"excerpt":{"rendered":"<p>Rescue At-Risk Women and Children There are more than 40 million slaves in the world today. One in four of these slaves are children. Children.\u00a0 It only takes $50 to [&hellip;]<\/p>\n","protected":false},"author":2,"featured_media":1305,"parent":0,"menu_order":0,"comment_status":"closed","ping_status":"closed","template":"","meta":{"_seopress_robots_primary_cat":"","_seopress_titles_title":"","_seopress_titles_desc":"","_seopress_robots_index":"","footnotes":""},"class_list":["post-1303","page","type-page","status-publish","has-post-thumbnail","hentry"],"_links":{"self":[{"href":"https:\/\/sosresponds.org\/es\/wp-json\/wp\/v2\/pages\/1303","targetHints":{"allow":["GET"]}}],"collection":[{"href":"https:\/\/sosresponds.org\/es\/wp-json\/wp\/v2\/pages"}],"about":[{"href":"https:\/\/sosresponds.org\/es\/wp-json\/wp\/v2\/types\/page"}],"author":[{"embeddable":true,"href":"https:\/\/sosresponds.org\/es\/wp-json\/wp\/v2\/users\/2"}],"replies":[{"embeddable":true,"href":"https:\/\/sosresponds.org\/es\/wp-json\/wp\/v2\/comments?post=1303"}],"version-history":[{"count":0,"href":"https:\/\/sosresponds.org\/es\/wp-json\/wp\/v2\/pages\/1303\/revisions"}],"wp:featuredmedia":[{"embeddable":true,"href":"https:\/\/sosresponds.org\/es\/wp-json\/wp\/v2\/media\/1305"}],"wp:attachment":[{"href":"https:\/\/sosresponds.org\/es\/wp-json\/wp\/v2\/media?parent=1303"}],"curies":[{"name":"wp","href":"https:\/\/api.w.org\/{rel}","templated":true}]}}