{"id":1644,"date":"2023-02-08T15:51:28","date_gmt":"2023-02-08T15:51:28","guid":{"rendered":"https:\/\/sosresponds.org\/?page_id=1644"},"modified":"2023-08-03T14:13:45","modified_gmt":"2023-08-03T14:13:45","slug":"ad2302rdo","status":"publish","type":"page","link":"https:\/\/sosresponds.org\/es\/ad2302rdo\/","title":{"rendered":"Campa\u00f1a de radio - WYLL - Feb 2023"},"content":{"rendered":"<div data-elementor-type=\"wp-page\" data-elementor-id=\"1644\" class=\"elementor elementor-1644\" data-elementor-post-type=\"page\">\n\t\t\t\t\t\t<section class=\"elementor-section elementor-top-section elementor-element elementor-element-71aa469 elementor-section-boxed elementor-section-height-default elementor-section-height-default\" data-id=\"71aa469\" data-element_type=\"section\" data-e-type=\"section\">\n\t\t\t\t\t\t<div class=\"elementor-container elementor-column-gap-default\">\n\t\t\t\t\t<div class=\"elementor-column elementor-col-100 elementor-top-column elementor-element elementor-element-f828610\" data-id=\"f828610\" data-element_type=\"column\" data-e-type=\"column\">\n\t\t\t<div class=\"elementor-widget-wrap elementor-element-populated\">\n\t\t\t\t\t\t<div class=\"elementor-element elementor-element-985f5f2 elementor-widget elementor-widget-image\" data-id=\"985f5f2\" data-element_type=\"widget\" data-e-type=\"widget\" data-widget_type=\"image.default\">\n\t\t\t\t<div class=\"elementor-widget-container\">\n\t\t\t\t\t\t\t\t\t\t\t\t\t\t\t<img data-opt-id=1711201379  data-opt-src=\"https:\/\/mlvggls1rius.i.optimole.com\/w:auto\/h:auto\/q:81\/f:best\/https:\/\/sosresponds.org\/wp-content\/uploads\/2023\/02\/WYLL-White-Logo.png\"  decoding=\"async\" width=\"880\" height=\"440\" src=\"data:image/svg+xml,%3Csvg%20viewBox%3D%220%200%20100%%20100%%22%20width%3D%22100%%22%20height%3D%22100%%22%20xmlns%3D%22http%3A%2F%2Fwww.w3.org%2F2000%2Fsvg%22%3E%3Crect%20width%3D%22100%%22%20height%3D%22100%%22%20fill%3D%22transparent%22%2F%3E%3C%2Fsvg%3E\" class=\"attachment-full size-full wp-image-1647\" alt=\"WYLL\" old-srcset=\"https:\/\/mlvggls1rius.i.optimole.com\/w:880\/h:440\/q:81\/f:best\/https:\/\/sosresponds.org\/wp-content\/uploads\/2023\/02\/WYLL-White-Logo.png 880w, https:\/\/mlvggls1rius.i.optimole.com\/w:300\/h:150\/q:81\/f:best\/https:\/\/sosresponds.org\/wp-content\/uploads\/2023\/02\/WYLL-White-Logo.png 300w, https:\/\/mlvggls1rius.i.optimole.com\/w:768\/h:384\/q:81\/f:best\/https:\/\/sosresponds.org\/wp-content\/uploads\/2023\/02\/WYLL-White-Logo.png 768w, https:\/\/mlvggls1rius.i.optimole.com\/w:18\/h:9\/q:81\/f:best\/https:\/\/sosresponds.org\/wp-content\/uploads\/2023\/02\/WYLL-White-Logo.png 18w, https:\/\/mlvggls1rius.i.optimole.com\/w:880\/h:440\/q:81\/f:best\/dpr:2\/https:\/\/sosresponds.org\/wp-content\/uploads\/2023\/02\/WYLL-White-Logo.png 2x\" \/><noscript><img data-opt-id=1711201379  decoding=\"async\" width=\"880\" height=\"440\" src=\"https:\/\/mlvggls1rius.i.optimole.com\/w:auto\/h:auto\/q:81\/f:best\/https:\/\/sosresponds.org\/wp-content\/uploads\/2023\/02\/WYLL-White-Logo.png\" class=\"attachment-full size-full wp-image-1647\" alt=\"WYLL\" srcset=\"https:\/\/mlvggls1rius.i.optimole.com\/w:880\/h:440\/q:81\/f:best\/https:\/\/mlvggls1rius.i.optimole.com\/w:auto\/h:auto\/q:81\/f:best\/https:\/\/sosresponds.org\/wp-content\/uploads\/2023\/02\/WYLL-White-Logo.png 880w, https:\/\/mlvggls1rius.i.optimole.com\/w:300\/h:150\/q:81\/f:best\/https:\/\/mlvggls1rius.i.optimole.com\/w:auto\/h:auto\/q:81\/f:best\/https:\/\/sosresponds.org\/wp-content\/uploads\/2023\/02\/WYLL-White-Logo.png 300w, https:\/\/mlvggls1rius.i.optimole.com\/w:768\/h:384\/q:81\/f:best\/https:\/\/mlvggls1rius.i.optimole.com\/w:auto\/h:auto\/q:81\/f:best\/https:\/\/sosresponds.org\/wp-content\/uploads\/2023\/02\/WYLL-White-Logo.png 768w, https:\/\/mlvggls1rius.i.optimole.com\/w:18\/h:9\/q:81\/f:best\/https:\/\/mlvggls1rius.i.optimole.com\/w:auto\/h:auto\/q:81\/f:best\/https:\/\/sosresponds.org\/wp-content\/uploads\/2023\/02\/WYLL-White-Logo.png 18w, https:\/\/mlvggls1rius.i.optimole.com\/w:880\/h:440\/q:81\/f:best\/dpr:2\/https:\/\/mlvggls1rius.i.optimole.com\/w:auto\/h:auto\/q:81\/f:best\/https:\/\/sosresponds.org\/wp-content\/uploads\/2023\/02\/WYLL-White-Logo.png 2x\" sizes=\"(max-width: 800px) 100vw, 800px\" \/></noscript>\t\t\t\t\t\t\t\t\t\t\t\t\t\t\t<\/div>\n\t\t\t\t<\/div>\n\t\t\t\t<div class=\"elementor-element elementor-element-8586e5a elementor-widget elementor-widget-heading\" data-id=\"8586e5a\" data-element_type=\"widget\" data-e-type=\"widget\" data-widget_type=\"heading.default\">\n\t\t\t\t<div class=\"elementor-widget-container\">\n\t\t\t\t\t<h2 class=\"elementor-heading-title elementor-size-default\">Rescate de mujeres y ni\u00f1os en peligro<\/h2>\t\t\t\t<\/div>\n\t\t\t\t<\/div>\n\t\t\t\t<div class=\"elementor-element elementor-element-6af98a8 elementor-widget-divider--view-line elementor-widget elementor-widget-divider\" data-id=\"6af98a8\" data-element_type=\"widget\" data-e-type=\"widget\" data-widget_type=\"divider.default\">\n\t\t\t\t<div class=\"elementor-widget-container\">\n\t\t\t\t\t\t\t<div class=\"elementor-divider\">\n\t\t\t<span class=\"elementor-divider-separator\">\n\t\t\t\t\t\t<\/span>\n\t\t<\/div>\n\t\t\t\t\t\t<\/div>\n\t\t\t\t<\/div>\n\t\t\t\t\t<\/div>\n\t\t<\/div>\n\t\t\t\t\t<\/div>\n\t\t<\/section>\n\t\t\t\t<section class=\"elementor-section elementor-top-section elementor-element elementor-element-53f8cb1 elementor-section-boxed elementor-section-height-default elementor-section-height-default\" data-id=\"53f8cb1\" data-element_type=\"section\" data-e-type=\"section\">\n\t\t\t\t\t\t<div class=\"elementor-container elementor-column-gap-default\">\n\t\t\t\t\t<div class=\"elementor-column elementor-col-33 elementor-top-column elementor-element elementor-element-ab568e4\" data-id=\"ab568e4\" data-element_type=\"column\" data-e-type=\"column\">\n\t\t\t<div class=\"elementor-widget-wrap\">\n\t\t\t\t\t\t\t<\/div>\n\t\t<\/div>\n\t\t\t\t<div class=\"elementor-column elementor-col-33 elementor-top-column elementor-element elementor-element-921d0ca\" data-id=\"921d0ca\" data-element_type=\"column\" data-e-type=\"column\">\n\t\t\t<div class=\"elementor-widget-wrap elementor-element-populated\">\n\t\t\t\t\t\t<div class=\"elementor-element elementor-element-29e61fe elementor-widget elementor-widget-text-editor\" data-id=\"29e61fe\" data-element_type=\"widget\" data-e-type=\"widget\" data-widget_type=\"text-editor.default\">\n\t\t\t\t<div class=\"elementor-widget-container\">\n\t\t\t\t\t\t\t\t\t<p>Actualmente hay m\u00e1s de 50 millones de esclavos en el mundo.<\/p>\n<p>Uno de cada cuatro de estos esclavos son ni\u00f1os.<\/p>\n<p><strong>Los ni\u00f1os.<\/strong>&nbsp;<i><\/i><\/p>\n<p><i>Su $150 donado hoy proporciona atenci\u00f3n hol\u00edstica a una mujer o un ni\u00f1o rescatados durante un&nbsp;<\/i><i style=\"font-size: 1rem;\">mes entero para que puedan empezar a experimentar la curaci\u00f3n y la restauraci\u00f3n.<\/i><\/p>\n<p><i>Tu mejor regalo proporcionar\u00e1 a estas preciosas vidas un alojamiento seguro, Comida,&nbsp;<\/i><i style=\"font-size: 1rem;\">Atenci\u00f3n m\u00e9dica, asesoramiento, formaci\u00f3n profesional y una esperanza verdadera y duradera.<\/i><\/p>\n<p><em>Una generosa contribuci\u00f3n de SOS Internacional duplicar\u00e1 cada donaci\u00f3n hasta los primeros $10.000.<\/em><\/p>\n<p><u><\/u><u><\/u><strong>Por el bien de las mujeres y los ni\u00f1os, por favor, no se demore.&nbsp;<\/strong><\/p>\n<p>Gracias por su compasiva decisi\u00f3n de ayudarles a caminar en libertad... <br>hasta que todos sean libres.<\/p>\t\t\t\t\t\t\t\t<\/div>\n\t\t\t\t<\/div>\n\t\t\t\t\t<\/div>\n\t\t<\/div>\n\t\t\t\t<div class=\"elementor-column elementor-col-33 elementor-top-column elementor-element elementor-element-beb414c\" data-id=\"beb414c\" data-element_type=\"column\" data-e-type=\"column\">\n\t\t\t<div class=\"elementor-widget-wrap\">\n\t\t\t\t\t\t\t<\/div>\n\t\t<\/div>\n\t\t\t\t\t<\/div>\n\t\t<\/section>\n\t\t\t\t<section class=\"elementor-section elementor-top-section elementor-element elementor-element-387160d elementor-section-boxed elementor-section-height-default elementor-section-height-default\" data-id=\"387160d\" data-element_type=\"section\" data-e-type=\"section\">\n\t\t\t\t\t\t<div class=\"elementor-container elementor-column-gap-default\">\n\t\t\t\t\t<div class=\"elementor-column elementor-col-25 elementor-top-column elementor-element elementor-element-036189b\" data-id=\"036189b\" data-element_type=\"column\" data-e-type=\"column\">\n\t\t\t<div class=\"elementor-widget-wrap\">\n\t\t\t\t\t\t\t<\/div>\n\t\t<\/div>\n\t\t\t\t<div class=\"elementor-column elementor-col-25 elementor-top-column elementor-element elementor-element-9b57024\" data-id=\"9b57024\" data-element_type=\"column\" data-e-type=\"column\">\n\t\t\t<div class=\"elementor-widget-wrap elementor-element-populated\">\n\t\t\t\t\t\t<div class=\"elementor-element elementor-element-b670aa1 elementor-widget elementor-widget-image\" data-id=\"b670aa1\" data-element_type=\"widget\" data-e-type=\"widget\" data-widget_type=\"image.default\">\n\t\t\t\t<div class=\"elementor-widget-container\">\n\t\t\t\t\t\t\t\t\t\t\t\t\t\t\t<img data-opt-id=176369732  data-opt-src=\"https:\/\/mlvggls1rius.i.optimole.com\/w:auto\/h:auto\/q:81\/f:best\/https:\/\/sosresponds.org\/wp-content\/uploads\/2022\/06\/SOS-Banner_Welcome-780x680-1.png\"  decoding=\"async\" width=\"780\" height=\"680\" src=\"data:image/svg+xml,%3Csvg%20viewBox%3D%220%200%20100%%20100%%22%20width%3D%22100%%22%20height%3D%22100%%22%20xmlns%3D%22http%3A%2F%2Fwww.w3.org%2F2000%2Fsvg%22%3E%3Crect%20width%3D%22100%%22%20height%3D%22100%%22%20fill%3D%22transparent%22%2F%3E%3C%2Fsvg%3E\" class=\"attachment-full size-full wp-image-1306\" alt=\"\" old-srcset=\"https:\/\/mlvggls1rius.i.optimole.com\/w:780\/h:680\/q:81\/f:best\/https:\/\/sosresponds.org\/wp-content\/uploads\/2022\/06\/SOS-Banner_Welcome-780x680-1.png 780w, https:\/\/mlvggls1rius.i.optimole.com\/w:300\/h:262\/q:81\/f:best\/https:\/\/sosresponds.org\/wp-content\/uploads\/2022\/06\/SOS-Banner_Welcome-780x680-1.png 300w, https:\/\/mlvggls1rius.i.optimole.com\/w:768\/h:670\/q:81\/f:best\/https:\/\/sosresponds.org\/wp-content\/uploads\/2022\/06\/SOS-Banner_Welcome-780x680-1.png 768w, https:\/\/mlvggls1rius.i.optimole.com\/w:14\/h:12\/q:81\/f:best\/https:\/\/sosresponds.org\/wp-content\/uploads\/2022\/06\/SOS-Banner_Welcome-780x680-1.png 14w, https:\/\/mlvggls1rius.i.optimole.com\/w:780\/h:680\/q:81\/f:best\/dpr:2\/https:\/\/sosresponds.org\/wp-content\/uploads\/2022\/06\/SOS-Banner_Welcome-780x680-1.png 2x\" \/><noscript><img data-opt-id=176369732  decoding=\"async\" width=\"780\" height=\"680\" src=\"https:\/\/mlvggls1rius.i.optimole.com\/w:auto\/h:auto\/q:81\/f:best\/https:\/\/sosresponds.org\/wp-content\/uploads\/2022\/06\/SOS-Banner_Welcome-780x680-1.png\" class=\"attachment-full size-full wp-image-1306\" alt=\"\" srcset=\"https:\/\/mlvggls1rius.i.optimole.com\/w:780\/h:680\/q:81\/f:best\/https:\/\/mlvggls1rius.i.optimole.com\/w:auto\/h:auto\/q:81\/f:best\/https:\/\/sosresponds.org\/wp-content\/uploads\/2022\/06\/SOS-Banner_Welcome-780x680-1.png 780w, https:\/\/mlvggls1rius.i.optimole.com\/w:300\/h:262\/q:81\/f:best\/https:\/\/mlvggls1rius.i.optimole.com\/w:auto\/h:auto\/q:81\/f:best\/https:\/\/sosresponds.org\/wp-content\/uploads\/2022\/06\/SOS-Banner_Welcome-780x680-1.png 300w, https:\/\/mlvggls1rius.i.optimole.com\/w:768\/h:670\/q:81\/f:best\/https:\/\/mlvggls1rius.i.optimole.com\/w:auto\/h:auto\/q:81\/f:best\/https:\/\/sosresponds.org\/wp-content\/uploads\/2022\/06\/SOS-Banner_Welcome-780x680-1.png 768w, https:\/\/mlvggls1rius.i.optimole.com\/w:14\/h:12\/q:81\/f:best\/https:\/\/mlvggls1rius.i.optimole.com\/w:auto\/h:auto\/q:81\/f:best\/https:\/\/sosresponds.org\/wp-content\/uploads\/2022\/06\/SOS-Banner_Welcome-780x680-1.png 14w, https:\/\/mlvggls1rius.i.optimole.com\/w:780\/h:680\/q:81\/f:best\/dpr:2\/https:\/\/mlvggls1rius.i.optimole.com\/w:auto\/h:auto\/q:81\/f:best\/https:\/\/sosresponds.org\/wp-content\/uploads\/2022\/06\/SOS-Banner_Welcome-780x680-1.png 2x\" sizes=\"(max-width: 780px) 100vw, 780px\" \/></noscript>\t\t\t\t\t\t\t\t\t\t\t\t\t\t\t<\/div>\n\t\t\t\t<\/div>\n\t\t\t\t\t<\/div>\n\t\t<\/div>\n\t\t\t\t<div class=\"elementor-column elementor-col-25 elementor-top-column elementor-element elementor-element-a2f350e\" data-id=\"a2f350e\" data-element_type=\"column\" data-e-type=\"column\">\n\t\t\t<div class=\"elementor-widget-wrap elementor-element-populated\">\n\t\t\t\t\t\t<div class=\"elementor-element elementor-element-9b3331f elementor-widget elementor-widget-html\" data-id=\"9b3331f\" data-element_type=\"widget\" data-e-type=\"widget\" data-widget_type=\"html.default\">\n\t\t\t\t<div class=\"elementor-widget-container\">\n\t\t\t\t\t<a href=\"#XYQWSJYV\" style=\"display: none\"><\/a> \t\t\t\t<\/div>\n\t\t\t\t<\/div>\n\t\t\t\t\t<\/div>\n\t\t<\/div>\n\t\t\t\t<div class=\"elementor-column elementor-col-25 elementor-top-column elementor-element elementor-element-4897656\" data-id=\"4897656\" data-element_type=\"column\" data-e-type=\"column\">\n\t\t\t<div class=\"elementor-widget-wrap\">\n\t\t\t\t\t\t\t<\/div>\n\t\t<\/div>\n\t\t\t\t\t<\/div>\n\t\t<\/section>\n\t\t\t\t<section class=\"elementor-section elementor-top-section elementor-element elementor-element-76a4bc8 elementor-section-boxed elementor-section-height-default elementor-section-height-default\" data-id=\"76a4bc8\" data-element_type=\"section\" data-e-type=\"section\">\n\t\t\t\t\t\t<div class=\"elementor-container elementor-column-gap-default\">\n\t\t\t\t\t<div class=\"elementor-column elementor-col-20 elementor-top-column elementor-element elementor-element-67a1ebd\" data-id=\"67a1ebd\" data-element_type=\"column\" data-e-type=\"column\">\n\t\t\t<div class=\"elementor-widget-wrap\">\n\t\t\t\t\t\t\t<\/div>\n\t\t<\/div>\n\t\t\t\t<div class=\"elementor-column elementor-col-20 elementor-top-column elementor-element elementor-element-91c3f2c\" data-id=\"91c3f2c\" data-element_type=\"column\" data-e-type=\"column\">\n\t\t\t<div class=\"elementor-widget-wrap elementor-element-populated\">\n\t\t\t\t\t\t<div class=\"elementor-element elementor-element-06cf565 elementor-widget elementor-widget-image\" data-id=\"06cf565\" data-element_type=\"widget\" data-e-type=\"widget\" data-widget_type=\"image.default\">\n\t\t\t\t<div class=\"elementor-widget-container\">\n\t\t\t\t\t\t\t\t\t\t\t\t\t\t\t<img data-opt-id=1250695724  data-opt-src=\"https:\/\/mlvggls1rius.i.optimole.com\/w:auto\/h:auto\/q:81\/f:best\/https:\/\/sosresponds.org\/wp-content\/uploads\/2022\/06\/CharityNav..jpeg\"  decoding=\"async\" width=\"750\" height=\"750\" src=\"data:image/svg+xml,%3Csvg%20viewBox%3D%220%200%20100%%20100%%22%20width%3D%22100%%22%20height%3D%22100%%22%20xmlns%3D%22http%3A%2F%2Fwww.w3.org%2F2000%2Fsvg%22%3E%3Crect%20width%3D%22100%%22%20height%3D%22100%%22%20fill%3D%22transparent%22%2F%3E%3C%2Fsvg%3E\" class=\"attachment-large size-large wp-image-1307\" alt=\"CharityNav.\" old-srcset=\"https:\/\/mlvggls1rius.i.optimole.com\/w:750\/h:750\/q:81\/f:best\/https:\/\/sosresponds.org\/wp-content\/uploads\/2022\/06\/CharityNav..jpeg 750w, https:\/\/mlvggls1rius.i.optimole.com\/w:300\/h:300\/q:81\/f:best\/https:\/\/sosresponds.org\/wp-content\/uploads\/2022\/06\/CharityNav..jpeg 300w, https:\/\/mlvggls1rius.i.optimole.com\/w:150\/h:150\/q:81\/f:best\/https:\/\/sosresponds.org\/wp-content\/uploads\/2022\/06\/CharityNav..jpeg 150w, https:\/\/mlvggls1rius.i.optimole.com\/w:12\/h:12\/q:81\/f:best\/https:\/\/sosresponds.org\/wp-content\/uploads\/2022\/06\/CharityNav..jpeg 12w, https:\/\/mlvggls1rius.i.optimole.com\/w:700\/h:700\/q:81\/f:best\/https:\/\/sosresponds.org\/wp-content\/uploads\/2022\/06\/CharityNav..jpeg 700w, https:\/\/mlvggls1rius.i.optimole.com\/w:750\/h:750\/q:81\/f:best\/dpr:2\/https:\/\/sosresponds.org\/wp-content\/uploads\/2022\/06\/CharityNav..jpeg 2x\" \/><noscript><img data-opt-id=1250695724  decoding=\"async\" width=\"750\" height=\"750\" src=\"https:\/\/mlvggls1rius.i.optimole.com\/w:auto\/h:auto\/q:81\/f:best\/https:\/\/sosresponds.org\/wp-content\/uploads\/2022\/06\/CharityNav..jpeg\" class=\"attachment-large size-large wp-image-1307\" alt=\"CharityNav.\" srcset=\"https:\/\/mlvggls1rius.i.optimole.com\/w:750\/h:750\/q:81\/f:best\/https:\/\/mlvggls1rius.i.optimole.com\/w:auto\/h:auto\/q:81\/f:best\/https:\/\/sosresponds.org\/wp-content\/uploads\/2022\/06\/CharityNav..jpeg 750w, https:\/\/mlvggls1rius.i.optimole.com\/w:300\/h:300\/q:81\/f:best\/https:\/\/mlvggls1rius.i.optimole.com\/w:auto\/h:auto\/q:81\/f:best\/https:\/\/sosresponds.org\/wp-content\/uploads\/2022\/06\/CharityNav..jpeg 300w, https:\/\/mlvggls1rius.i.optimole.com\/w:150\/h:150\/q:81\/f:best\/https:\/\/mlvggls1rius.i.optimole.com\/w:auto\/h:auto\/q:81\/f:best\/https:\/\/sosresponds.org\/wp-content\/uploads\/2022\/06\/CharityNav..jpeg 150w, https:\/\/mlvggls1rius.i.optimole.com\/w:12\/h:12\/q:81\/f:best\/https:\/\/mlvggls1rius.i.optimole.com\/w:auto\/h:auto\/q:81\/f:best\/https:\/\/sosresponds.org\/wp-content\/uploads\/2022\/06\/CharityNav..jpeg 12w, https:\/\/mlvggls1rius.i.optimole.com\/w:700\/h:700\/q:81\/f:best\/https:\/\/mlvggls1rius.i.optimole.com\/w:auto\/h:auto\/q:81\/f:best\/https:\/\/sosresponds.org\/wp-content\/uploads\/2022\/06\/CharityNav..jpeg 700w, https:\/\/mlvggls1rius.i.optimole.com\/w:750\/h:750\/q:81\/f:best\/dpr:2\/https:\/\/mlvggls1rius.i.optimole.com\/w:auto\/h:auto\/q:81\/f:best\/https:\/\/sosresponds.org\/wp-content\/uploads\/2022\/06\/CharityNav..jpeg 2x\" sizes=\"(max-width: 750px) 100vw, 750px\" \/></noscript>\t\t\t\t\t\t\t\t\t\t\t\t\t\t\t<\/div>\n\t\t\t\t<\/div>\n\t\t\t\t\t<\/div>\n\t\t<\/div>\n\t\t\t\t<div class=\"elementor-column elementor-col-20 elementor-top-column elementor-element elementor-element-32332f3\" data-id=\"32332f3\" data-element_type=\"column\" data-e-type=\"column\">\n\t\t\t<div class=\"elementor-widget-wrap elementor-element-populated\">\n\t\t\t\t\t\t<div class=\"elementor-element elementor-element-ef382bc elementor-widget elementor-widget-image\" data-id=\"ef382bc\" data-element_type=\"widget\" data-e-type=\"widget\" data-widget_type=\"image.default\">\n\t\t\t\t<div class=\"elementor-widget-container\">\n\t\t\t\t\t\t\t\t\t\t\t\t\t\t\t<img data-opt-id=528656856  data-opt-src=\"https:\/\/mlvggls1rius.i.optimole.com\/w:auto\/h:auto\/q:81\/f:best\/https:\/\/sosresponds.org\/wp-content\/uploads\/2022\/06\/DigitalRGB_225px_Gold.png\"  decoding=\"async\" width=\"850\" height=\"850\" src=\"data:image/svg+xml,%3Csvg%20viewBox%3D%220%200%20100%%20100%%22%20width%3D%22100%%22%20height%3D%22100%%22%20xmlns%3D%22http%3A%2F%2Fwww.w3.org%2F2000%2Fsvg%22%3E%3Crect%20width%3D%22100%%22%20height%3D%22100%%22%20fill%3D%22transparent%22%2F%3E%3C%2Fsvg%3E\" class=\"attachment-full size-full wp-image-1308\" alt=\"DigitalRGB_225px_Gold\" old-srcset=\"https:\/\/mlvggls1rius.i.optimole.com\/w:850\/h:850\/q:81\/f:best\/https:\/\/sosresponds.org\/wp-content\/uploads\/2022\/06\/DigitalRGB_225px_Gold.png 850w, https:\/\/mlvggls1rius.i.optimole.com\/w:300\/h:300\/q:81\/f:best\/https:\/\/sosresponds.org\/wp-content\/uploads\/2022\/06\/DigitalRGB_225px_Gold.png 300w, https:\/\/mlvggls1rius.i.optimole.com\/w:150\/h:150\/q:81\/f:best\/https:\/\/sosresponds.org\/wp-content\/uploads\/2022\/06\/DigitalRGB_225px_Gold.png 150w, https:\/\/mlvggls1rius.i.optimole.com\/w:768\/h:768\/q:81\/f:best\/https:\/\/sosresponds.org\/wp-content\/uploads\/2022\/06\/DigitalRGB_225px_Gold.png 768w, https:\/\/mlvggls1rius.i.optimole.com\/w:12\/h:12\/q:81\/f:best\/https:\/\/sosresponds.org\/wp-content\/uploads\/2022\/06\/DigitalRGB_225px_Gold.png 12w, https:\/\/mlvggls1rius.i.optimole.com\/w:700\/h:700\/q:81\/f:best\/https:\/\/sosresponds.org\/wp-content\/uploads\/2022\/06\/DigitalRGB_225px_Gold.png 700w, https:\/\/mlvggls1rius.i.optimole.com\/w:850\/h:850\/q:81\/f:best\/dpr:2\/https:\/\/sosresponds.org\/wp-content\/uploads\/2022\/06\/DigitalRGB_225px_Gold.png 2x\" \/><noscript><img data-opt-id=528656856  decoding=\"async\" width=\"850\" height=\"850\" src=\"https:\/\/mlvggls1rius.i.optimole.com\/w:auto\/h:auto\/q:81\/f:best\/https:\/\/sosresponds.org\/wp-content\/uploads\/2022\/06\/DigitalRGB_225px_Gold.png\" class=\"attachment-full size-full wp-image-1308\" alt=\"DigitalRGB_225px_Gold\" srcset=\"https:\/\/mlvggls1rius.i.optimole.com\/w:850\/h:850\/q:81\/f:best\/https:\/\/mlvggls1rius.i.optimole.com\/w:auto\/h:auto\/q:81\/f:best\/https:\/\/sosresponds.org\/wp-content\/uploads\/2022\/06\/DigitalRGB_225px_Gold.png 850w, https:\/\/mlvggls1rius.i.optimole.com\/w:300\/h:300\/q:81\/f:best\/https:\/\/mlvggls1rius.i.optimole.com\/w:auto\/h:auto\/q:81\/f:best\/https:\/\/sosresponds.org\/wp-content\/uploads\/2022\/06\/DigitalRGB_225px_Gold.png 300w, https:\/\/mlvggls1rius.i.optimole.com\/w:150\/h:150\/q:81\/f:best\/https:\/\/mlvggls1rius.i.optimole.com\/w:auto\/h:auto\/q:81\/f:best\/https:\/\/sosresponds.org\/wp-content\/uploads\/2022\/06\/DigitalRGB_225px_Gold.png 150w, https:\/\/mlvggls1rius.i.optimole.com\/w:768\/h:768\/q:81\/f:best\/https:\/\/mlvggls1rius.i.optimole.com\/w:auto\/h:auto\/q:81\/f:best\/https:\/\/sosresponds.org\/wp-content\/uploads\/2022\/06\/DigitalRGB_225px_Gold.png 768w, https:\/\/mlvggls1rius.i.optimole.com\/w:12\/h:12\/q:81\/f:best\/https:\/\/mlvggls1rius.i.optimole.com\/w:auto\/h:auto\/q:81\/f:best\/https:\/\/sosresponds.org\/wp-content\/uploads\/2022\/06\/DigitalRGB_225px_Gold.png 12w, https:\/\/mlvggls1rius.i.optimole.com\/w:700\/h:700\/q:81\/f:best\/https:\/\/mlvggls1rius.i.optimole.com\/w:auto\/h:auto\/q:81\/f:best\/https:\/\/sosresponds.org\/wp-content\/uploads\/2022\/06\/DigitalRGB_225px_Gold.png 700w, https:\/\/mlvggls1rius.i.optimole.com\/w:850\/h:850\/q:81\/f:best\/dpr:2\/https:\/\/mlvggls1rius.i.optimole.com\/w:auto\/h:auto\/q:81\/f:best\/https:\/\/sosresponds.org\/wp-content\/uploads\/2022\/06\/DigitalRGB_225px_Gold.png 2x\" sizes=\"(max-width: 800px) 100vw, 800px\" \/></noscript>\t\t\t\t\t\t\t\t\t\t\t\t\t\t\t<\/div>\n\t\t\t\t<\/div>\n\t\t\t\t\t<\/div>\n\t\t<\/div>\n\t\t\t\t<div class=\"elementor-column elementor-col-20 elementor-top-column elementor-element elementor-element-14b1fe6\" data-id=\"14b1fe6\" data-element_type=\"column\" data-e-type=\"column\">\n\t\t\t<div class=\"elementor-widget-wrap elementor-element-populated\">\n\t\t\t\t\t\t<div class=\"elementor-element elementor-element-dd197d6 elementor-widget elementor-widget-image\" data-id=\"dd197d6\" data-element_type=\"widget\" data-e-type=\"widget\" data-widget_type=\"image.default\">\n\t\t\t\t<div class=\"elementor-widget-container\">\n\t\t\t\t\t\t\t\t\t\t\t\t\t\t\t<img data-opt-id=1049375103  data-opt-src=\"https:\/\/mlvggls1rius.i.optimole.com\/w:auto\/h:auto\/q:81\/f:best\/https:\/\/sosresponds.org\/wp-content\/uploads\/2022\/06\/ECFA-e1693331614126.png\"  decoding=\"async\" width=\"147\" height=\"147\" src=\"data:image/svg+xml,%3Csvg%20viewBox%3D%220%200%20100%%20100%%22%20width%3D%22100%%22%20height%3D%22100%%22%20xmlns%3D%22http%3A%2F%2Fwww.w3.org%2F2000%2Fsvg%22%3E%3Crect%20width%3D%22100%%22%20height%3D%22100%%22%20fill%3D%22transparent%22%2F%3E%3C%2Fsvg%3E\" class=\"attachment-full size-full wp-image-1309\" alt=\"ECFA\" old-srcset=\"https:\/\/mlvggls1rius.i.optimole.com\/w:147\/h:147\/q:81\/f:best\/https:\/\/sosresponds.org\/wp-content\/uploads\/2022\/06\/ECFA-e1693331614126.png 147w, https:\/\/mlvggls1rius.i.optimole.com\/w:12\/h:12\/q:81\/f:best\/https:\/\/sosresponds.org\/wp-content\/uploads\/2022\/06\/ECFA-e1693331614126.png 12w, https:\/\/mlvggls1rius.i.optimole.com\/w:147\/h:147\/q:81\/f:best\/dpr:2\/https:\/\/sosresponds.org\/wp-content\/uploads\/2022\/06\/ECFA-e1693331614126.png 2x\" \/><noscript><img data-opt-id=1049375103  decoding=\"async\" width=\"147\" height=\"147\" src=\"https:\/\/mlvggls1rius.i.optimole.com\/w:auto\/h:auto\/q:81\/f:best\/https:\/\/sosresponds.org\/wp-content\/uploads\/2022\/06\/ECFA-e1693331614126.png\" class=\"attachment-full size-full wp-image-1309\" alt=\"ECFA\" srcset=\"https:\/\/mlvggls1rius.i.optimole.com\/w:147\/h:147\/q:81\/f:best\/https:\/\/mlvggls1rius.i.optimole.com\/w:auto\/h:auto\/q:81\/f:best\/https:\/\/sosresponds.org\/wp-content\/uploads\/2022\/06\/ECFA-e1693331614126.png 147w, https:\/\/mlvggls1rius.i.optimole.com\/w:12\/h:12\/q:81\/f:best\/https:\/\/mlvggls1rius.i.optimole.com\/w:auto\/h:auto\/q:81\/f:best\/https:\/\/sosresponds.org\/wp-content\/uploads\/2022\/06\/ECFA-e1693331614126.png 12w, https:\/\/mlvggls1rius.i.optimole.com\/w:147\/h:147\/q:81\/f:best\/dpr:2\/https:\/\/mlvggls1rius.i.optimole.com\/w:auto\/h:auto\/q:81\/f:best\/https:\/\/sosresponds.org\/wp-content\/uploads\/2022\/06\/ECFA-e1693331614126.png 2x\" sizes=\"(max-width: 147px) 100vw, 147px\" \/></noscript>\t\t\t\t\t\t\t\t\t\t\t\t\t\t\t<\/div>\n\t\t\t\t<\/div>\n\t\t\t\t\t<\/div>\n\t\t<\/div>\n\t\t\t\t<div class=\"elementor-column elementor-col-20 elementor-top-column elementor-element elementor-element-5c97c0e\" data-id=\"5c97c0e\" data-element_type=\"column\" data-e-type=\"column\">\n\t\t\t<div class=\"elementor-widget-wrap\">\n\t\t\t\t\t\t\t<\/div>\n\t\t<\/div>\n\t\t\t\t\t<\/div>\n\t\t<\/section>\n\t\t\t\t<section class=\"elementor-section elementor-top-section elementor-element elementor-element-432c882 elementor-section-boxed elementor-section-height-default elementor-section-height-default\" data-id=\"432c882\" data-element_type=\"section\" data-e-type=\"section\">\n\t\t\t\t\t\t<div class=\"elementor-container elementor-column-gap-default\">\n\t\t\t\t\t<div class=\"elementor-column elementor-col-100 elementor-top-column elementor-element elementor-element-bbbe2c9\" data-id=\"bbbe2c9\" data-element_type=\"column\" data-e-type=\"column\">\n\t\t\t<div class=\"elementor-widget-wrap elementor-element-populated\">\n\t\t\t\t\t\t<div class=\"elementor-element elementor-element-b974cbb elementor-widget elementor-widget-spacer\" data-id=\"b974cbb\" data-element_type=\"widget\" data-e-type=\"widget\" data-widget_type=\"spacer.default\">\n\t\t\t\t<div class=\"elementor-widget-container\">\n\t\t\t\t\t\t\t<div class=\"elementor-spacer\">\n\t\t\t<div class=\"elementor-spacer-inner\"><\/div>\n\t\t<\/div>\n\t\t\t\t\t\t<\/div>\n\t\t\t\t<\/div>\n\t\t\t\t\t<\/div>\n\t\t<\/div>\n\t\t\t\t\t<\/div>\n\t\t<\/section>\n\t\t\t\t<\/div>","protected":false},"excerpt":{"rendered":"<p>Rescue At-Risk Women and Children\u200b There are more than 50 million slaves in the world today. One in four of these slaves are children. Children.&nbsp; Your $150 given today provides [&hellip;]<\/p>\n","protected":false},"author":2,"featured_media":0,"parent":0,"menu_order":0,"comment_status":"closed","ping_status":"closed","template":"","meta":{"_seopress_robots_primary_cat":"","_seopress_titles_title":"Radio Campaign - WYLL - Feb 2023","_seopress_titles_desc":"","_seopress_robots_index":"","footnotes":""},"class_list":["post-1644","page","type-page","status-publish","hentry"],"_links":{"self":[{"href":"https:\/\/sosresponds.org\/es\/wp-json\/wp\/v2\/pages\/1644","targetHints":{"allow":["GET"]}}],"collection":[{"href":"https:\/\/sosresponds.org\/es\/wp-json\/wp\/v2\/pages"}],"about":[{"href":"https:\/\/sosresponds.org\/es\/wp-json\/wp\/v2\/types\/page"}],"author":[{"embeddable":true,"href":"https:\/\/sosresponds.org\/es\/wp-json\/wp\/v2\/users\/2"}],"replies":[{"embeddable":true,"href":"https:\/\/sosresponds.org\/es\/wp-json\/wp\/v2\/comments?post=1644"}],"version-history":[{"count":0,"href":"https:\/\/sosresponds.org\/es\/wp-json\/wp\/v2\/pages\/1644\/revisions"}],"wp:attachment":[{"href":"https:\/\/sosresponds.org\/es\/wp-json\/wp\/v2\/media?parent=1644"}],"curies":[{"name":"wp","href":"https:\/\/api.w.org\/{rel}","templated":true}]}}