{"id":1699,"date":"2023-03-14T16:00:34","date_gmt":"2023-03-14T16:00:34","guid":{"rendered":"https:\/\/sosresponds.org\/?page_id=1699"},"modified":"2023-03-14T16:00:35","modified_gmt":"2023-03-14T16:00:35","slug":"kksp0323call","status":"publish","type":"page","link":"https:\/\/sosresponds.org\/es\/kksp0323call\/","title":{"rendered":"Centro de llamadas de radio - KKSP - Marzo 2023"},"content":{"rendered":"<div data-elementor-type=\"wp-page\" data-elementor-id=\"1699\" class=\"elementor elementor-1699\" data-elementor-post-type=\"page\">\n\t\t\t\t\t\t<section class=\"elementor-section elementor-top-section elementor-element elementor-element-e45d82b elementor-section-boxed elementor-section-height-default elementor-section-height-default\" data-id=\"e45d82b\" data-element_type=\"section\" data-e-type=\"section\">\n\t\t\t\t\t\t<div class=\"elementor-container elementor-column-gap-default\">\n\t\t\t\t\t<div class=\"elementor-column elementor-col-100 elementor-top-column elementor-element elementor-element-97f685f\" data-id=\"97f685f\" data-element_type=\"column\" data-e-type=\"column\">\n\t\t\t<div class=\"elementor-widget-wrap elementor-element-populated\">\n\t\t\t\t\t\t<div class=\"elementor-element elementor-element-8f2a998 elementor-widget elementor-widget-image\" data-id=\"8f2a998\" data-element_type=\"widget\" data-e-type=\"widget\" data-widget_type=\"image.default\">\n\t\t\t\t<div class=\"elementor-widget-container\">\n\t\t\t\t\t\t\t\t\t\t\t\t\t\t\t<img data-opt-id=184838725  data-opt-src=\"https:\/\/mlvggls1rius.i.optimole.com\/w:880\/h:440\/q:81\/f:best\/https:\/\/sosresponds.org\/wp-content\/uploads\/2023\/03\/white-Logo.png\"  decoding=\"async\" width=\"880\" height=\"440\" src=\"data:image/svg+xml,%3Csvg%20viewBox%3D%220%200%20880%20440%22%20width%3D%22880%22%20height%3D%22440%22%20xmlns%3D%22http%3A%2F%2Fwww.w3.org%2F2000%2Fsvg%22%3E%3Crect%20width%3D%22880%22%20height%3D%22440%22%20fill%3D%22transparent%22%2F%3E%3C%2Fsvg%3E\" class=\"attachment-full size-full wp-image-1698\" alt=\"93.3\" old-srcset=\"https:\/\/mlvggls1rius.i.optimole.com\/w:880\/h:440\/q:81\/f:best\/https:\/\/sosresponds.org\/wp-content\/uploads\/2023\/03\/white-Logo.png 880w, https:\/\/mlvggls1rius.i.optimole.com\/w:300\/h:150\/q:81\/f:best\/https:\/\/sosresponds.org\/wp-content\/uploads\/2023\/03\/white-Logo.png 300w, https:\/\/mlvggls1rius.i.optimole.com\/w:768\/h:384\/q:81\/f:best\/https:\/\/sosresponds.org\/wp-content\/uploads\/2023\/03\/white-Logo.png 768w, https:\/\/mlvggls1rius.i.optimole.com\/w:18\/h:9\/q:81\/f:best\/https:\/\/sosresponds.org\/wp-content\/uploads\/2023\/03\/white-Logo.png 18w, https:\/\/mlvggls1rius.i.optimole.com\/w:880\/h:440\/q:81\/f:best\/dpr:2\/https:\/\/sosresponds.org\/wp-content\/uploads\/2023\/03\/white-Logo.png 2x\" \/><noscript><img data-opt-id=184838725  decoding=\"async\" width=\"880\" height=\"440\" src=\"https:\/\/mlvggls1rius.i.optimole.com\/w:880\/h:440\/q:81\/f:best\/https:\/\/sosresponds.org\/wp-content\/uploads\/2023\/03\/white-Logo.png\" class=\"attachment-full size-full wp-image-1698\" alt=\"93.3\" srcset=\"https:\/\/mlvggls1rius.i.optimole.com\/w:880\/h:440\/q:81\/f:best\/https:\/\/sosresponds.org\/wp-content\/uploads\/2023\/03\/white-Logo.png 880w, https:\/\/mlvggls1rius.i.optimole.com\/w:300\/h:150\/q:81\/f:best\/https:\/\/sosresponds.org\/wp-content\/uploads\/2023\/03\/white-Logo.png 300w, https:\/\/mlvggls1rius.i.optimole.com\/w:768\/h:384\/q:81\/f:best\/https:\/\/sosresponds.org\/wp-content\/uploads\/2023\/03\/white-Logo.png 768w, https:\/\/mlvggls1rius.i.optimole.com\/w:18\/h:9\/q:81\/f:best\/https:\/\/sosresponds.org\/wp-content\/uploads\/2023\/03\/white-Logo.png 18w, https:\/\/mlvggls1rius.i.optimole.com\/w:880\/h:440\/q:81\/f:best\/dpr:2\/https:\/\/sosresponds.org\/wp-content\/uploads\/2023\/03\/white-Logo.png 2x\" sizes=\"(max-width: 800px) 100vw, 800px\" \/></noscript>\t\t\t\t\t\t\t\t\t\t\t\t\t\t\t<\/div>\n\t\t\t\t<\/div>\n\t\t\t\t<div class=\"elementor-element elementor-element-5e43bc7 elementor-widget elementor-widget-heading\" data-id=\"5e43bc7\" data-element_type=\"widget\" data-e-type=\"widget\" data-widget_type=\"heading.default\">\n\t\t\t\t<div class=\"elementor-widget-container\">\n\t\t\t\t\t<h2 class=\"elementor-heading-title elementor-size-default\">Rescate de mujeres y ni\u00f1os en peligro<\/h2>\t\t\t\t<\/div>\n\t\t\t\t<\/div>\n\t\t\t\t<div class=\"elementor-element elementor-element-361994b elementor-widget-divider--view-line elementor-widget elementor-widget-divider\" data-id=\"361994b\" data-element_type=\"widget\" data-e-type=\"widget\" data-widget_type=\"divider.default\">\n\t\t\t\t<div class=\"elementor-widget-container\">\n\t\t\t\t\t\t\t<div class=\"elementor-divider\">\n\t\t\t<span class=\"elementor-divider-separator\">\n\t\t\t\t\t\t<\/span>\n\t\t<\/div>\n\t\t\t\t\t\t<\/div>\n\t\t\t\t<\/div>\n\t\t\t\t\t<\/div>\n\t\t<\/div>\n\t\t\t\t\t<\/div>\n\t\t<\/section>\n\t\t\t\t<section class=\"elementor-section elementor-top-section elementor-element elementor-element-1696b42 elementor-section-boxed elementor-section-height-default elementor-section-height-default\" data-id=\"1696b42\" data-element_type=\"section\" data-e-type=\"section\">\n\t\t\t\t\t\t<div class=\"elementor-container elementor-column-gap-default\">\n\t\t\t\t\t<div class=\"elementor-column elementor-col-33 elementor-top-column elementor-element elementor-element-ce64393\" data-id=\"ce64393\" data-element_type=\"column\" data-e-type=\"column\">\n\t\t\t<div class=\"elementor-widget-wrap\">\n\t\t\t\t\t\t\t<\/div>\n\t\t<\/div>\n\t\t\t\t<div class=\"elementor-column elementor-col-33 elementor-top-column elementor-element elementor-element-a306519\" data-id=\"a306519\" data-element_type=\"column\" data-e-type=\"column\">\n\t\t\t<div class=\"elementor-widget-wrap elementor-element-populated\">\n\t\t\t\t\t\t<div class=\"elementor-element elementor-element-6ce932a elementor-widget elementor-widget-text-editor\" data-id=\"6ce932a\" data-element_type=\"widget\" data-e-type=\"widget\" data-widget_type=\"text-editor.default\">\n\t\t\t\t<div class=\"elementor-widget-container\">\n\t\t\t\t\t\t\t\t\t<p>Actualmente hay m\u00e1s de 40 millones de esclavos en el mundo.<\/p><p>Uno de cada cuatro de estos esclavos son ni\u00f1os.<\/p><p><strong>Los ni\u00f1os.<\/strong>\u00a0<i><\/i><\/p><p><i>Su $150 donado hoy proporciona atenci\u00f3n hol\u00edstica a una mujer o un ni\u00f1o rescatados durante un\u00a0<\/i><i style=\"font-size: 1rem;\">mes entero para que puedan empezar a experimentar la curaci\u00f3n y la restauraci\u00f3n.<\/i><\/p><p><i>Tu mejor regalo proporcionar\u00e1 a estas preciosas vidas un alojamiento seguro, Comida,\u00a0<\/i><i style=\"font-size: 1rem;\">Atenci\u00f3n m\u00e9dica, asesoramiento, formaci\u00f3n profesional y una esperanza verdadera y duradera.<\/i><\/p><p><em>Una generosa contribuci\u00f3n de SOS Internacional duplicar\u00e1 cada donaci\u00f3n hasta los primeros $10.000.<\/em><\/p><p><u><\/u><u><\/u><strong>Por el bien de las mujeres y los ni\u00f1os, por favor, no se demore.\u00a0<\/strong><\/p><p>Gracias por su compasiva decisi\u00f3n de ayudarles a caminar en libertad... <br \/>hasta que todos sean libres.<\/p>\t\t\t\t\t\t\t\t<\/div>\n\t\t\t\t<\/div>\n\t\t\t\t\t<\/div>\n\t\t<\/div>\n\t\t\t\t<div class=\"elementor-column elementor-col-33 elementor-top-column elementor-element elementor-element-f807809\" data-id=\"f807809\" data-element_type=\"column\" data-e-type=\"column\">\n\t\t\t<div class=\"elementor-widget-wrap\">\n\t\t\t\t\t\t\t<\/div>\n\t\t<\/div>\n\t\t\t\t\t<\/div>\n\t\t<\/section>\n\t\t\t\t<section class=\"elementor-section elementor-top-section elementor-element elementor-element-c690aa2 elementor-section-boxed elementor-section-height-default elementor-section-height-default\" data-id=\"c690aa2\" data-element_type=\"section\" data-e-type=\"section\">\n\t\t\t\t\t\t<div class=\"elementor-container elementor-column-gap-default\">\n\t\t\t\t\t<div class=\"elementor-column elementor-col-25 elementor-top-column elementor-element elementor-element-486b982\" data-id=\"486b982\" data-element_type=\"column\" data-e-type=\"column\">\n\t\t\t<div class=\"elementor-widget-wrap\">\n\t\t\t\t\t\t\t<\/div>\n\t\t<\/div>\n\t\t\t\t<div class=\"elementor-column elementor-col-25 elementor-top-column elementor-element elementor-element-2075e3f\" data-id=\"2075e3f\" data-element_type=\"column\" data-e-type=\"column\">\n\t\t\t<div class=\"elementor-widget-wrap elementor-element-populated\">\n\t\t\t\t\t\t<div class=\"elementor-element elementor-element-44368ea elementor-widget elementor-widget-image\" data-id=\"44368ea\" data-element_type=\"widget\" data-e-type=\"widget\" data-widget_type=\"image.default\">\n\t\t\t\t<div class=\"elementor-widget-container\">\n\t\t\t\t\t\t\t\t\t\t\t\t\t\t\t<img data-opt-id=558840647  data-opt-src=\"https:\/\/mlvggls1rius.i.optimole.com\/w:780\/h:680\/q:81\/f:best\/https:\/\/sosresponds.org\/wp-content\/uploads\/2022\/06\/SOS-Banner_Welcome-780x680-1.png\"  decoding=\"async\" width=\"780\" height=\"680\" src=\"data:image/svg+xml,%3Csvg%20viewBox%3D%220%200%20780%20680%22%20width%3D%22780%22%20height%3D%22680%22%20xmlns%3D%22http%3A%2F%2Fwww.w3.org%2F2000%2Fsvg%22%3E%3Crect%20width%3D%22780%22%20height%3D%22680%22%20fill%3D%22transparent%22%2F%3E%3C%2Fsvg%3E\" class=\"attachment-full size-full wp-image-1306\" alt=\"\" old-srcset=\"https:\/\/mlvggls1rius.i.optimole.com\/w:780\/h:680\/q:81\/f:best\/https:\/\/sosresponds.org\/wp-content\/uploads\/2022\/06\/SOS-Banner_Welcome-780x680-1.png 780w, https:\/\/mlvggls1rius.i.optimole.com\/w:300\/h:262\/q:81\/f:best\/https:\/\/sosresponds.org\/wp-content\/uploads\/2022\/06\/SOS-Banner_Welcome-780x680-1.png 300w, https:\/\/mlvggls1rius.i.optimole.com\/w:768\/h:670\/q:81\/f:best\/https:\/\/sosresponds.org\/wp-content\/uploads\/2022\/06\/SOS-Banner_Welcome-780x680-1.png 768w, https:\/\/mlvggls1rius.i.optimole.com\/w:14\/h:12\/q:81\/f:best\/https:\/\/sosresponds.org\/wp-content\/uploads\/2022\/06\/SOS-Banner_Welcome-780x680-1.png 14w, https:\/\/mlvggls1rius.i.optimole.com\/w:780\/h:680\/q:81\/f:best\/dpr:2\/https:\/\/sosresponds.org\/wp-content\/uploads\/2022\/06\/SOS-Banner_Welcome-780x680-1.png 2x\" \/><noscript><img data-opt-id=558840647  decoding=\"async\" width=\"780\" height=\"680\" src=\"https:\/\/mlvggls1rius.i.optimole.com\/w:780\/h:680\/q:81\/f:best\/https:\/\/sosresponds.org\/wp-content\/uploads\/2022\/06\/SOS-Banner_Welcome-780x680-1.png\" class=\"attachment-full size-full wp-image-1306\" alt=\"\" srcset=\"https:\/\/mlvggls1rius.i.optimole.com\/w:780\/h:680\/q:81\/f:best\/https:\/\/sosresponds.org\/wp-content\/uploads\/2022\/06\/SOS-Banner_Welcome-780x680-1.png 780w, https:\/\/mlvggls1rius.i.optimole.com\/w:300\/h:262\/q:81\/f:best\/https:\/\/sosresponds.org\/wp-content\/uploads\/2022\/06\/SOS-Banner_Welcome-780x680-1.png 300w, https:\/\/mlvggls1rius.i.optimole.com\/w:768\/h:670\/q:81\/f:best\/https:\/\/sosresponds.org\/wp-content\/uploads\/2022\/06\/SOS-Banner_Welcome-780x680-1.png 768w, https:\/\/mlvggls1rius.i.optimole.com\/w:14\/h:12\/q:81\/f:best\/https:\/\/sosresponds.org\/wp-content\/uploads\/2022\/06\/SOS-Banner_Welcome-780x680-1.png 14w, https:\/\/mlvggls1rius.i.optimole.com\/w:780\/h:680\/q:81\/f:best\/dpr:2\/https:\/\/sosresponds.org\/wp-content\/uploads\/2022\/06\/SOS-Banner_Welcome-780x680-1.png 2x\" sizes=\"(max-width: 780px) 100vw, 780px\" \/></noscript>\t\t\t\t\t\t\t\t\t\t\t\t\t\t\t<\/div>\n\t\t\t\t<\/div>\n\t\t\t\t\t<\/div>\n\t\t<\/div>\n\t\t\t\t<div class=\"elementor-column elementor-col-25 elementor-top-column elementor-element elementor-element-6ad694e\" data-id=\"6ad694e\" data-element_type=\"column\" data-e-type=\"column\">\n\t\t\t<div class=\"elementor-widget-wrap elementor-element-populated\">\n\t\t\t\t\t\t<div class=\"elementor-element elementor-element-984a020 elementor-widget elementor-widget-html\" data-id=\"984a020\" data-element_type=\"widget\" data-e-type=\"widget\" data-widget_type=\"html.default\">\n\t\t\t\t<div class=\"elementor-widget-container\">\n\t\t\t\t\t<a href=\"#XLQDQLHD\" style=\"display: none\"><\/a>\t\t\t\t<\/div>\n\t\t\t\t<\/div>\n\t\t\t\t\t<\/div>\n\t\t<\/div>\n\t\t\t\t<div class=\"elementor-column elementor-col-25 elementor-top-column elementor-element elementor-element-814b6fb\" data-id=\"814b6fb\" data-element_type=\"column\" data-e-type=\"column\">\n\t\t\t<div class=\"elementor-widget-wrap\">\n\t\t\t\t\t\t\t<\/div>\n\t\t<\/div>\n\t\t\t\t\t<\/div>\n\t\t<\/section>\n\t\t\t\t<section class=\"elementor-section elementor-top-section elementor-element elementor-element-7c64c29 elementor-section-boxed elementor-section-height-default elementor-section-height-default\" data-id=\"7c64c29\" data-element_type=\"section\" data-e-type=\"section\">\n\t\t\t\t\t\t<div class=\"elementor-container elementor-column-gap-default\">\n\t\t\t\t\t<div class=\"elementor-column elementor-col-20 elementor-top-column elementor-element elementor-element-fc07316\" data-id=\"fc07316\" data-element_type=\"column\" data-e-type=\"column\">\n\t\t\t<div class=\"elementor-widget-wrap\">\n\t\t\t\t\t\t\t<\/div>\n\t\t<\/div>\n\t\t\t\t<div class=\"elementor-column elementor-col-20 elementor-top-column elementor-element elementor-element-f366667\" data-id=\"f366667\" data-element_type=\"column\" data-e-type=\"column\">\n\t\t\t<div class=\"elementor-widget-wrap elementor-element-populated\">\n\t\t\t\t\t\t<div class=\"elementor-element elementor-element-e37cc24 elementor-widget elementor-widget-image\" data-id=\"e37cc24\" data-element_type=\"widget\" data-e-type=\"widget\" data-widget_type=\"image.default\">\n\t\t\t\t<div class=\"elementor-widget-container\">\n\t\t\t\t\t\t\t\t\t\t\t\t\t\t\t<img data-opt-id=717503341  data-opt-src=\"https:\/\/mlvggls1rius.i.optimole.com\/w:750\/h:750\/q:81\/f:best\/https:\/\/sosresponds.org\/wp-content\/uploads\/2022\/06\/CharityNav..jpeg\"  decoding=\"async\" width=\"750\" height=\"750\" src=\"data:image/svg+xml,%3Csvg%20viewBox%3D%220%200%20750%20750%22%20width%3D%22750%22%20height%3D%22750%22%20xmlns%3D%22http%3A%2F%2Fwww.w3.org%2F2000%2Fsvg%22%3E%3Crect%20width%3D%22750%22%20height%3D%22750%22%20fill%3D%22transparent%22%2F%3E%3C%2Fsvg%3E\" class=\"attachment-large size-large wp-image-1307\" alt=\"CharityNav.\" old-srcset=\"https:\/\/mlvggls1rius.i.optimole.com\/w:750\/h:750\/q:81\/f:best\/https:\/\/sosresponds.org\/wp-content\/uploads\/2022\/06\/CharityNav..jpeg 750w, https:\/\/mlvggls1rius.i.optimole.com\/w:300\/h:300\/q:81\/f:best\/https:\/\/sosresponds.org\/wp-content\/uploads\/2022\/06\/CharityNav..jpeg 300w, https:\/\/mlvggls1rius.i.optimole.com\/w:150\/h:150\/q:81\/f:best\/https:\/\/sosresponds.org\/wp-content\/uploads\/2022\/06\/CharityNav..jpeg 150w, https:\/\/mlvggls1rius.i.optimole.com\/w:12\/h:12\/q:81\/f:best\/https:\/\/sosresponds.org\/wp-content\/uploads\/2022\/06\/CharityNav..jpeg 12w, https:\/\/mlvggls1rius.i.optimole.com\/w:700\/h:700\/q:81\/f:best\/https:\/\/sosresponds.org\/wp-content\/uploads\/2022\/06\/CharityNav..jpeg 700w, https:\/\/mlvggls1rius.i.optimole.com\/w:750\/h:750\/q:81\/f:best\/dpr:2\/https:\/\/sosresponds.org\/wp-content\/uploads\/2022\/06\/CharityNav..jpeg 2x\" \/><noscript><img data-opt-id=717503341  decoding=\"async\" width=\"750\" height=\"750\" src=\"https:\/\/mlvggls1rius.i.optimole.com\/w:750\/h:750\/q:81\/f:best\/https:\/\/sosresponds.org\/wp-content\/uploads\/2022\/06\/CharityNav..jpeg\" class=\"attachment-large size-large wp-image-1307\" alt=\"CharityNav.\" srcset=\"https:\/\/mlvggls1rius.i.optimole.com\/w:750\/h:750\/q:81\/f:best\/https:\/\/sosresponds.org\/wp-content\/uploads\/2022\/06\/CharityNav..jpeg 750w, https:\/\/mlvggls1rius.i.optimole.com\/w:300\/h:300\/q:81\/f:best\/https:\/\/sosresponds.org\/wp-content\/uploads\/2022\/06\/CharityNav..jpeg 300w, https:\/\/mlvggls1rius.i.optimole.com\/w:150\/h:150\/q:81\/f:best\/https:\/\/sosresponds.org\/wp-content\/uploads\/2022\/06\/CharityNav..jpeg 150w, https:\/\/mlvggls1rius.i.optimole.com\/w:12\/h:12\/q:81\/f:best\/https:\/\/sosresponds.org\/wp-content\/uploads\/2022\/06\/CharityNav..jpeg 12w, https:\/\/mlvggls1rius.i.optimole.com\/w:700\/h:700\/q:81\/f:best\/https:\/\/sosresponds.org\/wp-content\/uploads\/2022\/06\/CharityNav..jpeg 700w, https:\/\/mlvggls1rius.i.optimole.com\/w:750\/h:750\/q:81\/f:best\/dpr:2\/https:\/\/sosresponds.org\/wp-content\/uploads\/2022\/06\/CharityNav..jpeg 2x\" sizes=\"(max-width: 750px) 100vw, 750px\" \/></noscript>\t\t\t\t\t\t\t\t\t\t\t\t\t\t\t<\/div>\n\t\t\t\t<\/div>\n\t\t\t\t\t<\/div>\n\t\t<\/div>\n\t\t\t\t<div class=\"elementor-column elementor-col-20 elementor-top-column elementor-element elementor-element-49e46c2\" data-id=\"49e46c2\" data-element_type=\"column\" data-e-type=\"column\">\n\t\t\t<div class=\"elementor-widget-wrap elementor-element-populated\">\n\t\t\t\t\t\t<div class=\"elementor-element elementor-element-4c046db elementor-widget elementor-widget-image\" data-id=\"4c046db\" data-element_type=\"widget\" data-e-type=\"widget\" data-widget_type=\"image.default\">\n\t\t\t\t<div class=\"elementor-widget-container\">\n\t\t\t\t\t\t\t\t\t\t\t\t\t\t\t<img data-opt-id=1686686150  data-opt-src=\"https:\/\/mlvggls1rius.i.optimole.com\/w:850\/h:850\/q:81\/f:best\/https:\/\/sosresponds.org\/wp-content\/uploads\/2022\/06\/DigitalRGB_225px_Gold.png\"  decoding=\"async\" width=\"850\" height=\"850\" src=\"data:image/svg+xml,%3Csvg%20viewBox%3D%220%200%20850%20850%22%20width%3D%22850%22%20height%3D%22850%22%20xmlns%3D%22http%3A%2F%2Fwww.w3.org%2F2000%2Fsvg%22%3E%3Crect%20width%3D%22850%22%20height%3D%22850%22%20fill%3D%22transparent%22%2F%3E%3C%2Fsvg%3E\" class=\"attachment-full size-full wp-image-1308\" alt=\"DigitalRGB_225px_Gold\" old-srcset=\"https:\/\/mlvggls1rius.i.optimole.com\/w:850\/h:850\/q:81\/f:best\/https:\/\/sosresponds.org\/wp-content\/uploads\/2022\/06\/DigitalRGB_225px_Gold.png 850w, https:\/\/mlvggls1rius.i.optimole.com\/w:300\/h:300\/q:81\/f:best\/https:\/\/sosresponds.org\/wp-content\/uploads\/2022\/06\/DigitalRGB_225px_Gold.png 300w, https:\/\/mlvggls1rius.i.optimole.com\/w:150\/h:150\/q:81\/f:best\/https:\/\/sosresponds.org\/wp-content\/uploads\/2022\/06\/DigitalRGB_225px_Gold.png 150w, https:\/\/mlvggls1rius.i.optimole.com\/w:768\/h:768\/q:81\/f:best\/https:\/\/sosresponds.org\/wp-content\/uploads\/2022\/06\/DigitalRGB_225px_Gold.png 768w, https:\/\/mlvggls1rius.i.optimole.com\/w:12\/h:12\/q:81\/f:best\/https:\/\/sosresponds.org\/wp-content\/uploads\/2022\/06\/DigitalRGB_225px_Gold.png 12w, https:\/\/mlvggls1rius.i.optimole.com\/w:700\/h:700\/q:81\/f:best\/https:\/\/sosresponds.org\/wp-content\/uploads\/2022\/06\/DigitalRGB_225px_Gold.png 700w, https:\/\/mlvggls1rius.i.optimole.com\/w:850\/h:850\/q:81\/f:best\/dpr:2\/https:\/\/sosresponds.org\/wp-content\/uploads\/2022\/06\/DigitalRGB_225px_Gold.png 2x\" \/><noscript><img data-opt-id=1686686150  decoding=\"async\" width=\"850\" height=\"850\" src=\"https:\/\/mlvggls1rius.i.optimole.com\/w:850\/h:850\/q:81\/f:best\/https:\/\/sosresponds.org\/wp-content\/uploads\/2022\/06\/DigitalRGB_225px_Gold.png\" class=\"attachment-full size-full wp-image-1308\" alt=\"DigitalRGB_225px_Gold\" srcset=\"https:\/\/mlvggls1rius.i.optimole.com\/w:850\/h:850\/q:81\/f:best\/https:\/\/sosresponds.org\/wp-content\/uploads\/2022\/06\/DigitalRGB_225px_Gold.png 850w, https:\/\/mlvggls1rius.i.optimole.com\/w:300\/h:300\/q:81\/f:best\/https:\/\/sosresponds.org\/wp-content\/uploads\/2022\/06\/DigitalRGB_225px_Gold.png 300w, https:\/\/mlvggls1rius.i.optimole.com\/w:150\/h:150\/q:81\/f:best\/https:\/\/sosresponds.org\/wp-content\/uploads\/2022\/06\/DigitalRGB_225px_Gold.png 150w, https:\/\/mlvggls1rius.i.optimole.com\/w:768\/h:768\/q:81\/f:best\/https:\/\/sosresponds.org\/wp-content\/uploads\/2022\/06\/DigitalRGB_225px_Gold.png 768w, https:\/\/mlvggls1rius.i.optimole.com\/w:12\/h:12\/q:81\/f:best\/https:\/\/sosresponds.org\/wp-content\/uploads\/2022\/06\/DigitalRGB_225px_Gold.png 12w, https:\/\/mlvggls1rius.i.optimole.com\/w:700\/h:700\/q:81\/f:best\/https:\/\/sosresponds.org\/wp-content\/uploads\/2022\/06\/DigitalRGB_225px_Gold.png 700w, https:\/\/mlvggls1rius.i.optimole.com\/w:850\/h:850\/q:81\/f:best\/dpr:2\/https:\/\/sosresponds.org\/wp-content\/uploads\/2022\/06\/DigitalRGB_225px_Gold.png 2x\" sizes=\"(max-width: 800px) 100vw, 800px\" \/></noscript>\t\t\t\t\t\t\t\t\t\t\t\t\t\t\t<\/div>\n\t\t\t\t<\/div>\n\t\t\t\t\t<\/div>\n\t\t<\/div>\n\t\t\t\t<div class=\"elementor-column elementor-col-20 elementor-top-column elementor-element elementor-element-e472d9b\" data-id=\"e472d9b\" data-element_type=\"column\" data-e-type=\"column\">\n\t\t\t<div class=\"elementor-widget-wrap elementor-element-populated\">\n\t\t\t\t\t\t<div class=\"elementor-element elementor-element-5d2dff5 elementor-widget elementor-widget-image\" data-id=\"5d2dff5\" data-element_type=\"widget\" data-e-type=\"widget\" data-widget_type=\"image.default\">\n\t\t\t\t<div class=\"elementor-widget-container\">\n\t\t\t\t\t\t\t\t\t\t\t\t\t\t\t<img data-opt-id=318417222  data-opt-src=\"https:\/\/mlvggls1rius.i.optimole.com\/w:147\/h:147\/q:81\/f:best\/https:\/\/sosresponds.org\/wp-content\/uploads\/2022\/06\/ECFA-e1693331614126.png\"  decoding=\"async\" width=\"147\" height=\"147\" src=\"data:image/svg+xml,%3Csvg%20viewBox%3D%220%200%20147%20147%22%20width%3D%22147%22%20height%3D%22147%22%20xmlns%3D%22http%3A%2F%2Fwww.w3.org%2F2000%2Fsvg%22%3E%3Crect%20width%3D%22147%22%20height%3D%22147%22%20fill%3D%22transparent%22%2F%3E%3C%2Fsvg%3E\" class=\"attachment-full size-full wp-image-1309\" alt=\"ECFA\" old-srcset=\"https:\/\/mlvggls1rius.i.optimole.com\/w:147\/h:147\/q:81\/f:best\/https:\/\/sosresponds.org\/wp-content\/uploads\/2022\/06\/ECFA-e1693331614126.png 147w, https:\/\/mlvggls1rius.i.optimole.com\/w:12\/h:12\/q:81\/f:best\/https:\/\/sosresponds.org\/wp-content\/uploads\/2022\/06\/ECFA-e1693331614126.png 12w, https:\/\/mlvggls1rius.i.optimole.com\/w:147\/h:147\/q:81\/f:best\/dpr:2\/https:\/\/sosresponds.org\/wp-content\/uploads\/2022\/06\/ECFA-e1693331614126.png 2x\" \/><noscript><img data-opt-id=318417222  decoding=\"async\" width=\"147\" height=\"147\" src=\"https:\/\/mlvggls1rius.i.optimole.com\/w:147\/h:147\/q:81\/f:best\/https:\/\/sosresponds.org\/wp-content\/uploads\/2022\/06\/ECFA-e1693331614126.png\" class=\"attachment-full size-full wp-image-1309\" alt=\"ECFA\" srcset=\"https:\/\/mlvggls1rius.i.optimole.com\/w:147\/h:147\/q:81\/f:best\/https:\/\/sosresponds.org\/wp-content\/uploads\/2022\/06\/ECFA-e1693331614126.png 147w, https:\/\/mlvggls1rius.i.optimole.com\/w:12\/h:12\/q:81\/f:best\/https:\/\/sosresponds.org\/wp-content\/uploads\/2022\/06\/ECFA-e1693331614126.png 12w, https:\/\/mlvggls1rius.i.optimole.com\/w:147\/h:147\/q:81\/f:best\/dpr:2\/https:\/\/sosresponds.org\/wp-content\/uploads\/2022\/06\/ECFA-e1693331614126.png 2x\" sizes=\"(max-width: 147px) 100vw, 147px\" \/></noscript>\t\t\t\t\t\t\t\t\t\t\t\t\t\t\t<\/div>\n\t\t\t\t<\/div>\n\t\t\t\t\t<\/div>\n\t\t<\/div>\n\t\t\t\t<div class=\"elementor-column elementor-col-20 elementor-top-column elementor-element elementor-element-ae6ac20\" data-id=\"ae6ac20\" data-element_type=\"column\" data-e-type=\"column\">\n\t\t\t<div class=\"elementor-widget-wrap\">\n\t\t\t\t\t\t\t<\/div>\n\t\t<\/div>\n\t\t\t\t\t<\/div>\n\t\t<\/section>\n\t\t\t\t<\/div>","protected":false},"excerpt":{"rendered":"<p>Rescue At-Risk Women and Children\u200b There are more than 40 million slaves in the world today. One in four of these slaves are children. Children.&nbsp; Your $150 given today provides [&hellip;]<\/p>\n","protected":false},"author":6,"featured_media":0,"parent":0,"menu_order":0,"comment_status":"closed","ping_status":"closed","template":"","meta":{"_seopress_robots_primary_cat":"","_seopress_titles_title":"","_seopress_titles_desc":"","_seopress_robots_index":"","footnotes":""},"class_list":["post-1699","page","type-page","status-publish","hentry"],"_links":{"self":[{"href":"https:\/\/sosresponds.org\/es\/wp-json\/wp\/v2\/pages\/1699","targetHints":{"allow":["GET"]}}],"collection":[{"href":"https:\/\/sosresponds.org\/es\/wp-json\/wp\/v2\/pages"}],"about":[{"href":"https:\/\/sosresponds.org\/es\/wp-json\/wp\/v2\/types\/page"}],"author":[{"embeddable":true,"href":"https:\/\/sosresponds.org\/es\/wp-json\/wp\/v2\/users\/6"}],"replies":[{"embeddable":true,"href":"https:\/\/sosresponds.org\/es\/wp-json\/wp\/v2\/comments?post=1699"}],"version-history":[{"count":0,"href":"https:\/\/sosresponds.org\/es\/wp-json\/wp\/v2\/pages\/1699\/revisions"}],"wp:attachment":[{"href":"https:\/\/sosresponds.org\/es\/wp-json\/wp\/v2\/media?parent=1699"}],"curies":[{"name":"wp","href":"https:\/\/api.w.org\/{rel}","templated":true}]}}