{"id":1815,"date":"2023-07-07T18:09:39","date_gmt":"2023-07-07T18:09:39","guid":{"rendered":"https:\/\/sosresponds.org\/?page_id=1815"},"modified":"2025-05-06T16:40:16","modified_gmt":"2025-05-06T16:40:16","slug":"daniel-calveti","status":"publish","type":"page","link":"https:\/\/sosresponds.org\/es\/daniel-calveti\/","title":{"rendered":"Daniel Calveti"},"content":{"rendered":"<div data-elementor-type=\"wp-page\" data-elementor-id=\"1815\" class=\"elementor elementor-1815\" data-elementor-post-type=\"page\">\n\t\t\t\t\t\t<section class=\"elementor-section elementor-top-section elementor-element elementor-element-934ccc2 elementor-section-boxed elementor-section-height-default elementor-section-height-default\" data-id=\"934ccc2\" data-element_type=\"section\" data-e-type=\"section\">\n\t\t\t\t\t\t<div class=\"elementor-container elementor-column-gap-default\">\n\t\t\t\t\t<div class=\"elementor-column elementor-col-100 elementor-top-column elementor-element elementor-element-e9e7a06\" data-id=\"e9e7a06\" data-element_type=\"column\" data-e-type=\"column\">\n\t\t\t<div class=\"elementor-widget-wrap elementor-element-populated\">\n\t\t\t\t\t\t<div class=\"elementor-element elementor-element-6263e70 elementor-widget elementor-widget-spacer\" data-id=\"6263e70\" data-element_type=\"widget\" data-e-type=\"widget\" data-widget_type=\"spacer.default\">\n\t\t\t\t<div class=\"elementor-widget-container\">\n\t\t\t\t\t\t\t<div class=\"elementor-spacer\">\n\t\t\t<div class=\"elementor-spacer-inner\"><\/div>\n\t\t<\/div>\n\t\t\t\t\t\t<\/div>\n\t\t\t\t<\/div>\n\t\t\t\t<div class=\"elementor-element elementor-element-506a538 elementor-widget elementor-widget-heading\" data-id=\"506a538\" data-element_type=\"widget\" data-e-type=\"widget\" data-widget_type=\"heading.default\">\n\t\t\t\t<div class=\"elementor-widget-container\">\n\t\t\t\t\t<h1 class=\"elementor-heading-title elementor-size-default\">\u00daNETE A DANIEL Y SHARI<\/h1>\t\t\t\t<\/div>\n\t\t\t\t<\/div>\n\t\t\t\t<div class=\"elementor-element elementor-element-d005c09 elementor-widget elementor-widget-spacer\" data-id=\"d005c09\" data-element_type=\"widget\" data-e-type=\"widget\" data-widget_type=\"spacer.default\">\n\t\t\t\t<div class=\"elementor-widget-container\">\n\t\t\t\t\t\t\t<div class=\"elementor-spacer\">\n\t\t\t<div class=\"elementor-spacer-inner\"><\/div>\n\t\t<\/div>\n\t\t\t\t\t\t<\/div>\n\t\t\t\t<\/div>\n\t\t\t\t<div class=\"elementor-element elementor-element-d77a7d5 elementor-widget elementor-widget-video\" data-id=\"d77a7d5\" data-element_type=\"widget\" data-e-type=\"widget\" data-settings=\"{&quot;youtube_url&quot;:&quot;https:\\\/\\\/www.youtube.com\\\/watch?v=9ndWg0XivFY&quot;,&quot;video_type&quot;:&quot;youtube&quot;,&quot;controls&quot;:&quot;yes&quot;}\" data-widget_type=\"video.default\">\n\t\t\t\t<div class=\"elementor-widget-container\">\n\t\t\t\t\t\t\t<div class=\"elementor-wrapper elementor-open-inline\">\n\t\t\t<div class=\"elementor-video\"><\/div>\t\t<\/div>\n\t\t\t\t\t\t<\/div>\n\t\t\t\t<\/div>\n\t\t\t\t\t<\/div>\n\t\t<\/div>\n\t\t\t\t\t<\/div>\n\t\t<\/section>\n\t\t\t\t<section class=\"elementor-section elementor-top-section elementor-element elementor-element-d1595b2 elementor-section-boxed elementor-section-height-default elementor-section-height-default\" data-id=\"d1595b2\" data-element_type=\"section\" data-e-type=\"section\">\n\t\t\t\t\t\t<div class=\"elementor-container elementor-column-gap-default\">\n\t\t\t\t\t<div class=\"elementor-column elementor-col-33 elementor-top-column elementor-element elementor-element-41d9734\" data-id=\"41d9734\" data-element_type=\"column\" data-e-type=\"column\">\n\t\t\t<div class=\"elementor-widget-wrap\">\n\t\t\t\t\t\t\t<\/div>\n\t\t<\/div>\n\t\t\t\t<div class=\"elementor-column elementor-col-33 elementor-top-column elementor-element elementor-element-a6faf95\" data-id=\"a6faf95\" data-element_type=\"column\" data-e-type=\"column\">\n\t\t\t<div class=\"elementor-widget-wrap elementor-element-populated\">\n\t\t\t\t\t\t<div class=\"elementor-element elementor-element-0fb878e elementor-widget elementor-widget-text-editor\" data-id=\"0fb878e\" data-element_type=\"widget\" data-e-type=\"widget\" data-widget_type=\"text-editor.default\">\n\t\t\t\t<div class=\"elementor-widget-container\">\n\t\t\t\t\t\t\t\t\t<p style=\"text-align: center;\"><span style=\"font-weight: 400;\">Me llamo Daniel Calveti, y estoy tomando partido para ayudar a llevar agua, alimentos y<br><\/span><span style=\"font-size: 1rem;\">libertad a los ni\u00f1os en situaci\u00f3n de riesgo de todo el mundo.&nbsp;<\/span><\/p>\n<p style=\"text-align: center;\"><span style=\"font-weight: 400;\">Gracias por ayudarme a atender las necesidades urgentes de los ni\u00f1os en situaci\u00f3n de riesgo en ambos pa\u00edses.<br>Am\u00e9rica Latina y en todo el mundo.<\/span><\/p>\n<p style=\"text-align: center;\"><span style=\"font-weight: 400;\">Espero que dones ahora y te unas a m\u00ed para marcar la diferencia.<\/span><\/p>\n<p style=\"text-align: center;\"><span style=\"font-weight: 400;\">Todas las donaciones se destinan directamente a SOS Internacional, una organizaci\u00f3n estadounidense sin \u00e1nimo de lucro que se re\u00fane<br>las necesidades de los ni\u00f1os en situaci\u00f3n de riesgo desde hace m\u00e1s de 25 a\u00f1os.<\/span><\/p>\t\t\t\t\t\t\t\t<\/div>\n\t\t\t\t<\/div>\n\t\t\t\t\t<\/div>\n\t\t<\/div>\n\t\t\t\t<div class=\"elementor-column elementor-col-33 elementor-top-column elementor-element elementor-element-feaf04f\" data-id=\"feaf04f\" data-element_type=\"column\" data-e-type=\"column\">\n\t\t\t<div class=\"elementor-widget-wrap\">\n\t\t\t\t\t\t\t<\/div>\n\t\t<\/div>\n\t\t\t\t\t<\/div>\n\t\t<\/section>\n\t\t\t\t<section class=\"elementor-section elementor-top-section elementor-element elementor-element-61bf020 elementor-section-boxed elementor-section-height-default elementor-section-height-default\" data-id=\"61bf020\" data-element_type=\"section\" data-e-type=\"section\">\n\t\t\t\t\t\t<div class=\"elementor-container elementor-column-gap-default\">\n\t\t\t\t\t<div class=\"elementor-column elementor-col-50 elementor-top-column elementor-element elementor-element-7c0bce1\" data-id=\"7c0bce1\" data-element_type=\"column\" data-e-type=\"column\">\n\t\t\t<div class=\"elementor-widget-wrap elementor-element-populated\">\n\t\t\t\t\t\t<div class=\"elementor-element elementor-element-50f8901 elementor-widget elementor-widget-spacer\" data-id=\"50f8901\" data-element_type=\"widget\" data-e-type=\"widget\" data-widget_type=\"spacer.default\">\n\t\t\t\t<div class=\"elementor-widget-container\">\n\t\t\t\t\t\t\t<div class=\"elementor-spacer\">\n\t\t\t<div class=\"elementor-spacer-inner\"><\/div>\n\t\t<\/div>\n\t\t\t\t\t\t<\/div>\n\t\t\t\t<\/div>\n\t\t\t\t<div class=\"elementor-element elementor-element-d761e37 elementor-widget elementor-widget-image\" data-id=\"d761e37\" data-element_type=\"widget\" data-e-type=\"widget\" data-widget_type=\"image.default\">\n\t\t\t\t<div class=\"elementor-widget-container\">\n\t\t\t\t\t\t\t\t\t\t\t\t\t\t\t<img data-opt-id=786449870  data-opt-src=\"https:\/\/mlvggls1rius.i.optimole.com\/w:1702\/h:816\/q:81\/f:best\/https:\/\/sosresponds.org\/wp-content\/uploads\/2023\/07\/Screen-Shot-2023-07-06-at-9.46.21-AM-e1688655155402.png\"  decoding=\"async\" width=\"1702\" height=\"816\" src=\"data:image/svg+xml,%3Csvg%20viewBox%3D%220%200%201702%20816%22%20width%3D%221702%22%20height%3D%22816%22%20xmlns%3D%22http%3A%2F%2Fwww.w3.org%2F2000%2Fsvg%22%3E%3Crect%20width%3D%221702%22%20height%3D%22816%22%20fill%3D%22transparent%22%2F%3E%3C%2Fsvg%3E\" class=\"attachment-full size-full wp-image-1819\" alt=\"\" old-srcset=\"https:\/\/mlvggls1rius.i.optimole.com\/w:1702\/h:816\/q:81\/f:best\/https:\/\/sosresponds.org\/wp-content\/uploads\/2023\/07\/Screen-Shot-2023-07-06-at-9.46.21-AM-e1688655155402.png 1702w, https:\/\/mlvggls1rius.i.optimole.com\/w:300\/h:144\/q:81\/f:best\/https:\/\/sosresponds.org\/wp-content\/uploads\/2023\/07\/Screen-Shot-2023-07-06-at-9.46.21-AM-e1688655155402.png 300w, https:\/\/mlvggls1rius.i.optimole.com\/w:1024\/h:491\/q:81\/f:best\/https:\/\/sosresponds.org\/wp-content\/uploads\/2023\/07\/Screen-Shot-2023-07-06-at-9.46.21-AM-e1688655155402.png 1024w, https:\/\/mlvggls1rius.i.optimole.com\/w:768\/h:368\/q:81\/f:best\/https:\/\/sosresponds.org\/wp-content\/uploads\/2023\/07\/Screen-Shot-2023-07-06-at-9.46.21-AM-e1688655155402.png 768w, https:\/\/mlvggls1rius.i.optimole.com\/w:1536\/h:736\/q:81\/f:best\/https:\/\/sosresponds.org\/wp-content\/uploads\/2023\/07\/Screen-Shot-2023-07-06-at-9.46.21-AM-e1688655155402.png 1536w, https:\/\/mlvggls1rius.i.optimole.com\/w:18\/h:9\/q:81\/f:best\/https:\/\/sosresponds.org\/wp-content\/uploads\/2023\/07\/Screen-Shot-2023-07-06-at-9.46.21-AM-e1688655155402.png 18w, https:\/\/mlvggls1rius.i.optimole.com\/w:1702\/h:816\/q:81\/f:best\/dpr:2\/https:\/\/sosresponds.org\/wp-content\/uploads\/2023\/07\/Screen-Shot-2023-07-06-at-9.46.21-AM-e1688655155402.png 2x\" \/><noscript><img data-opt-id=786449870  decoding=\"async\" width=\"1702\" height=\"816\" src=\"https:\/\/mlvggls1rius.i.optimole.com\/w:1702\/h:816\/q:81\/f:best\/https:\/\/sosresponds.org\/wp-content\/uploads\/2023\/07\/Screen-Shot-2023-07-06-at-9.46.21-AM-e1688655155402.png\" class=\"attachment-full size-full wp-image-1819\" alt=\"\" srcset=\"https:\/\/mlvggls1rius.i.optimole.com\/w:1702\/h:816\/q:81\/f:best\/https:\/\/sosresponds.org\/wp-content\/uploads\/2023\/07\/Screen-Shot-2023-07-06-at-9.46.21-AM-e1688655155402.png 1702w, https:\/\/mlvggls1rius.i.optimole.com\/w:300\/h:144\/q:81\/f:best\/https:\/\/sosresponds.org\/wp-content\/uploads\/2023\/07\/Screen-Shot-2023-07-06-at-9.46.21-AM-e1688655155402.png 300w, https:\/\/mlvggls1rius.i.optimole.com\/w:1024\/h:491\/q:81\/f:best\/https:\/\/sosresponds.org\/wp-content\/uploads\/2023\/07\/Screen-Shot-2023-07-06-at-9.46.21-AM-e1688655155402.png 1024w, https:\/\/mlvggls1rius.i.optimole.com\/w:768\/h:368\/q:81\/f:best\/https:\/\/sosresponds.org\/wp-content\/uploads\/2023\/07\/Screen-Shot-2023-07-06-at-9.46.21-AM-e1688655155402.png 768w, https:\/\/mlvggls1rius.i.optimole.com\/w:1536\/h:736\/q:81\/f:best\/https:\/\/sosresponds.org\/wp-content\/uploads\/2023\/07\/Screen-Shot-2023-07-06-at-9.46.21-AM-e1688655155402.png 1536w, https:\/\/mlvggls1rius.i.optimole.com\/w:18\/h:9\/q:81\/f:best\/https:\/\/sosresponds.org\/wp-content\/uploads\/2023\/07\/Screen-Shot-2023-07-06-at-9.46.21-AM-e1688655155402.png 18w, https:\/\/mlvggls1rius.i.optimole.com\/w:1702\/h:816\/q:81\/f:best\/dpr:2\/https:\/\/sosresponds.org\/wp-content\/uploads\/2023\/07\/Screen-Shot-2023-07-06-at-9.46.21-AM-e1688655155402.png 2x\" sizes=\"(max-width: 800px) 100vw, 800px\" \/></noscript>\t\t\t\t\t\t\t\t\t\t\t\t\t\t\t<\/div>\n\t\t\t\t<\/div>\n\t\t\t\t\t<\/div>\n\t\t<\/div>\n\t\t\t\t<div class=\"elementor-column elementor-col-50 elementor-top-column elementor-element elementor-element-0c195a0\" data-id=\"0c195a0\" data-element_type=\"column\" data-e-type=\"column\">\n\t\t\t<div class=\"elementor-widget-wrap elementor-element-populated\">\n\t\t\t\t\t\t<div class=\"elementor-element elementor-element-501626f elementor-widget__width-initial elementor-widget elementor-widget-html\" data-id=\"501626f\" data-element_type=\"widget\" data-e-type=\"widget\" data-widget_type=\"html.default\">\n\t\t\t\t<div class=\"elementor-widget-container\">\n\t\t\t\t\t<a href=\"#XWQQXDMC\" style=\"display: none\"><\/a>\n\t\t\t\t<\/div>\n\t\t\t\t<\/div>\n\t\t\t\t\t<\/div>\n\t\t<\/div>\n\t\t\t\t\t<\/div>\n\t\t<\/section>\n\t\t\t\t<section class=\"elementor-section elementor-top-section elementor-element elementor-element-c12976a elementor-section-boxed elementor-section-height-default elementor-section-height-default\" data-id=\"c12976a\" data-element_type=\"section\" data-e-type=\"section\">\n\t\t\t\t\t\t<div class=\"elementor-container elementor-column-gap-default\">\n\t\t\t\t\t<div class=\"elementor-column elementor-col-100 elementor-top-column elementor-element elementor-element-ca432ec\" data-id=\"ca432ec\" data-element_type=\"column\" data-e-type=\"column\">\n\t\t\t<div class=\"elementor-widget-wrap elementor-element-populated\">\n\t\t\t\t\t\t<div class=\"elementor-element elementor-element-8b6675d elementor-widget elementor-widget-spacer\" data-id=\"8b6675d\" data-element_type=\"widget\" data-e-type=\"widget\" data-widget_type=\"spacer.default\">\n\t\t\t\t<div class=\"elementor-widget-container\">\n\t\t\t\t\t\t\t<div class=\"elementor-spacer\">\n\t\t\t<div class=\"elementor-spacer-inner\"><\/div>\n\t\t<\/div>\n\t\t\t\t\t\t<\/div>\n\t\t\t\t<\/div>\n\t\t\t\t\t<\/div>\n\t\t<\/div>\n\t\t\t\t\t<\/div>\n\t\t<\/section>\n\t\t\t\t<\/div>","protected":false},"excerpt":{"rendered":"<p>JOIN DANIEL &#038; SHARI https:\/\/www.youtube.com\/watch?v=9ndWg0XivFY My name is Daniel Calveti, and I\u2019m taking a stand to help bring water, food andfreedom to at-risk children around the world.&nbsp; Thank you for [&hellip;]<\/p>\n","protected":false},"author":2,"featured_media":0,"parent":0,"menu_order":0,"comment_status":"closed","ping_status":"closed","template":"","meta":{"_seopress_robots_primary_cat":"","_seopress_titles_title":"Daniel Calveti","_seopress_titles_desc":"Join Daniel and Shari!","_seopress_robots_index":"","footnotes":""},"class_list":["post-1815","page","type-page","status-publish","hentry"],"_links":{"self":[{"href":"https:\/\/sosresponds.org\/es\/wp-json\/wp\/v2\/pages\/1815","targetHints":{"allow":["GET"]}}],"collection":[{"href":"https:\/\/sosresponds.org\/es\/wp-json\/wp\/v2\/pages"}],"about":[{"href":"https:\/\/sosresponds.org\/es\/wp-json\/wp\/v2\/types\/page"}],"author":[{"embeddable":true,"href":"https:\/\/sosresponds.org\/es\/wp-json\/wp\/v2\/users\/2"}],"replies":[{"embeddable":true,"href":"https:\/\/sosresponds.org\/es\/wp-json\/wp\/v2\/comments?post=1815"}],"version-history":[{"count":0,"href":"https:\/\/sosresponds.org\/es\/wp-json\/wp\/v2\/pages\/1815\/revisions"}],"wp:attachment":[{"href":"https:\/\/sosresponds.org\/es\/wp-json\/wp\/v2\/media?parent=1815"}],"curies":[{"name":"wp","href":"https:\/\/api.w.org\/{rel}","templated":true}]}}