{"id":2194,"date":"2024-05-02T15:41:56","date_gmt":"2024-05-02T15:41:56","guid":{"rendered":"https:\/\/sosresponds.org\/?page_id=2194"},"modified":"2024-05-14T14:44:41","modified_gmt":"2024-05-14T14:44:41","slug":"ad2405rdotext","status":"publish","type":"page","link":"https:\/\/sosresponds.org\/es\/ad2405rdotext\/","title":{"rendered":"Campa\u00f1a de radio Star 99.1 - Texto 05.24"},"content":{"rendered":"<div data-elementor-type=\"wp-page\" data-elementor-id=\"2194\" class=\"elementor elementor-2194\" data-elementor-post-type=\"page\">\n\t\t\t\t\t\t<section class=\"elementor-section elementor-top-section elementor-element elementor-element-238c16d elementor-section-boxed elementor-section-height-default elementor-section-height-default\" data-id=\"238c16d\" data-element_type=\"section\" data-e-type=\"section\">\n\t\t\t\t\t\t<div class=\"elementor-container elementor-column-gap-default\">\n\t\t\t\t\t<div class=\"elementor-column elementor-col-100 elementor-top-column elementor-element elementor-element-3f080a0\" data-id=\"3f080a0\" data-element_type=\"column\" data-e-type=\"column\">\n\t\t\t<div class=\"elementor-widget-wrap elementor-element-populated\">\n\t\t\t\t\t\t<div class=\"elementor-element elementor-element-078002f elementor-widget elementor-widget-image\" data-id=\"078002f\" data-element_type=\"widget\" data-e-type=\"widget\" data-widget_type=\"image.default\">\n\t\t\t\t<div class=\"elementor-widget-container\">\n\t\t\t\t\t\t\t\t\t\t\t\t\t\t\t<img data-opt-id=1943192809  data-opt-src=\"https:\/\/mlvggls1rius.i.optimole.com\/w:800\/h:400\/q:81\/f:best\/https:\/\/sosresponds.org\/wp-content\/uploads\/2024\/05\/STAR99.1.png\"  decoding=\"async\" width=\"800\" height=\"400\" src=\"data:image/svg+xml,%3Csvg%20viewBox%3D%220%200%20800%20400%22%20width%3D%22800%22%20height%3D%22400%22%20xmlns%3D%22http%3A%2F%2Fwww.w3.org%2F2000%2Fsvg%22%3E%3Crect%20width%3D%22800%22%20height%3D%22400%22%20fill%3D%22transparent%22%2F%3E%3C%2Fsvg%3E\" class=\"attachment-large size-large wp-image-2198\" alt=\"\" old-srcset=\"https:\/\/mlvggls1rius.i.optimole.com\/w:1760\/h:880\/q:81\/f:best\/https:\/\/sosresponds.org\/wp-content\/uploads\/2024\/05\/STAR99.1.png 1760w, https:\/\/mlvggls1rius.i.optimole.com\/w:300\/h:150\/q:81\/f:best\/https:\/\/sosresponds.org\/wp-content\/uploads\/2024\/05\/STAR99.1.png 300w, https:\/\/mlvggls1rius.i.optimole.com\/w:1024\/h:512\/q:81\/f:best\/https:\/\/sosresponds.org\/wp-content\/uploads\/2024\/05\/STAR99.1.png 1024w, https:\/\/mlvggls1rius.i.optimole.com\/w:768\/h:384\/q:81\/f:best\/https:\/\/sosresponds.org\/wp-content\/uploads\/2024\/05\/STAR99.1.png 768w, https:\/\/mlvggls1rius.i.optimole.com\/w:1536\/h:768\/q:81\/f:best\/https:\/\/sosresponds.org\/wp-content\/uploads\/2024\/05\/STAR99.1.png 1536w, https:\/\/mlvggls1rius.i.optimole.com\/w:18\/h:9\/q:81\/f:best\/https:\/\/sosresponds.org\/wp-content\/uploads\/2024\/05\/STAR99.1.png 18w, https:\/\/mlvggls1rius.i.optimole.com\/w:1760\/h:880\/q:81\/f:best\/dpr:2\/https:\/\/sosresponds.org\/wp-content\/uploads\/2024\/05\/STAR99.1.png 2x\" \/><noscript><img data-opt-id=1943192809  decoding=\"async\" width=\"800\" height=\"400\" src=\"https:\/\/mlvggls1rius.i.optimole.com\/w:800\/h:400\/q:81\/f:best\/https:\/\/sosresponds.org\/wp-content\/uploads\/2024\/05\/STAR99.1.png\" class=\"attachment-large size-large wp-image-2198\" alt=\"\" srcset=\"https:\/\/mlvggls1rius.i.optimole.com\/w:1760\/h:880\/q:81\/f:best\/https:\/\/sosresponds.org\/wp-content\/uploads\/2024\/05\/STAR99.1.png 1760w, https:\/\/mlvggls1rius.i.optimole.com\/w:300\/h:150\/q:81\/f:best\/https:\/\/sosresponds.org\/wp-content\/uploads\/2024\/05\/STAR99.1.png 300w, https:\/\/mlvggls1rius.i.optimole.com\/w:1024\/h:512\/q:81\/f:best\/https:\/\/sosresponds.org\/wp-content\/uploads\/2024\/05\/STAR99.1.png 1024w, https:\/\/mlvggls1rius.i.optimole.com\/w:768\/h:384\/q:81\/f:best\/https:\/\/sosresponds.org\/wp-content\/uploads\/2024\/05\/STAR99.1.png 768w, https:\/\/mlvggls1rius.i.optimole.com\/w:1536\/h:768\/q:81\/f:best\/https:\/\/sosresponds.org\/wp-content\/uploads\/2024\/05\/STAR99.1.png 1536w, https:\/\/mlvggls1rius.i.optimole.com\/w:18\/h:9\/q:81\/f:best\/https:\/\/sosresponds.org\/wp-content\/uploads\/2024\/05\/STAR99.1.png 18w, https:\/\/mlvggls1rius.i.optimole.com\/w:1760\/h:880\/q:81\/f:best\/dpr:2\/https:\/\/sosresponds.org\/wp-content\/uploads\/2024\/05\/STAR99.1.png 2x\" sizes=\"(max-width: 800px) 100vw, 800px\" \/></noscript>\t\t\t\t\t\t\t\t\t\t\t\t\t\t\t<\/div>\n\t\t\t\t<\/div>\n\t\t\t\t<div class=\"elementor-element elementor-element-6ee0d40 elementor-widget elementor-widget-heading\" data-id=\"6ee0d40\" data-element_type=\"widget\" data-e-type=\"widget\" data-widget_type=\"heading.default\">\n\t\t\t\t<div class=\"elementor-widget-container\">\n\t\t\t\t\t<h2 class=\"elementor-heading-title elementor-size-default\">Rescate de mujeres y ni\u00f1os en peligro<\/h2>\t\t\t\t<\/div>\n\t\t\t\t<\/div>\n\t\t\t\t<div class=\"elementor-element elementor-element-29c1c33 elementor-widget-divider--view-line elementor-widget elementor-widget-divider\" data-id=\"29c1c33\" data-element_type=\"widget\" data-e-type=\"widget\" data-widget_type=\"divider.default\">\n\t\t\t\t<div class=\"elementor-widget-container\">\n\t\t\t\t\t\t\t<div class=\"elementor-divider\">\n\t\t\t<span class=\"elementor-divider-separator\">\n\t\t\t\t\t\t<\/span>\n\t\t<\/div>\n\t\t\t\t\t\t<\/div>\n\t\t\t\t<\/div>\n\t\t\t\t\t<\/div>\n\t\t<\/div>\n\t\t\t\t\t<\/div>\n\t\t<\/section>\n\t\t\t\t<section class=\"elementor-section elementor-top-section elementor-element elementor-element-2ae9f3b elementor-section-boxed elementor-section-height-default elementor-section-height-default\" data-id=\"2ae9f3b\" data-element_type=\"section\" data-e-type=\"section\">\n\t\t\t\t\t\t<div class=\"elementor-container elementor-column-gap-default\">\n\t\t\t\t\t<div class=\"elementor-column elementor-col-33 elementor-top-column elementor-element elementor-element-c0e54f0\" data-id=\"c0e54f0\" data-element_type=\"column\" data-e-type=\"column\">\n\t\t\t<div class=\"elementor-widget-wrap\">\n\t\t\t\t\t\t\t<\/div>\n\t\t<\/div>\n\t\t\t\t<div class=\"elementor-column elementor-col-33 elementor-top-column elementor-element elementor-element-bb03b06\" data-id=\"bb03b06\" data-element_type=\"column\" data-e-type=\"column\">\n\t\t\t<div class=\"elementor-widget-wrap elementor-element-populated\">\n\t\t\t\t\t\t<div class=\"elementor-element elementor-element-8b7c398 elementor-widget elementor-widget-text-editor\" data-id=\"8b7c398\" data-element_type=\"widget\" data-e-type=\"widget\" data-widget_type=\"text-editor.default\">\n\t\t\t\t<div class=\"elementor-widget-container\">\n\t\t\t\t\t\t\t\t\t<p>Actualmente hay m\u00e1s de 50 millones de esclavos en el mundo.<\/p><p>Uno de cada cuatro de estos esclavos son ni\u00f1os.<\/p><p><strong>Los ni\u00f1os.<\/strong>\u00a0<i><\/i><\/p><p><i>Su $150 donado hoy proporciona atenci\u00f3n hol\u00edstica a una mujer o un ni\u00f1o rescatados durante un\u00a0<\/i><i style=\"font-size: 1rem;\">mes entero para que puedan empezar a experimentar la curaci\u00f3n y la restauraci\u00f3n.<\/i><\/p><p><i>Tu mejor regalo proporcionar\u00e1 a estas preciosas vidas un alojamiento seguro, Comida,\u00a0<\/i><i style=\"font-size: 1rem;\">Atenci\u00f3n m\u00e9dica, asesoramiento, formaci\u00f3n profesional y una esperanza verdadera y duradera.<\/i><\/p><p><u><\/u><u><\/u><strong>Por el bien de las mujeres y los ni\u00f1os, por favor, no se demore.\u00a0<\/strong><\/p><p>Gracias por su compasiva decisi\u00f3n de ayudarles a caminar en libertad... <br \/>hasta que todos sean libres.<\/p>\t\t\t\t\t\t\t\t<\/div>\n\t\t\t\t<\/div>\n\t\t\t\t\t<\/div>\n\t\t<\/div>\n\t\t\t\t<div class=\"elementor-column elementor-col-33 elementor-top-column elementor-element elementor-element-79879e9\" data-id=\"79879e9\" data-element_type=\"column\" data-e-type=\"column\">\n\t\t\t<div class=\"elementor-widget-wrap\">\n\t\t\t\t\t\t\t<\/div>\n\t\t<\/div>\n\t\t\t\t\t<\/div>\n\t\t<\/section>\n\t\t\t\t<section class=\"elementor-section elementor-top-section elementor-element elementor-element-f743345 elementor-section-boxed elementor-section-height-default elementor-section-height-default\" data-id=\"f743345\" data-element_type=\"section\" data-e-type=\"section\">\n\t\t\t\t\t\t<div class=\"elementor-container elementor-column-gap-default\">\n\t\t\t\t\t<div class=\"elementor-column elementor-col-25 elementor-top-column elementor-element elementor-element-4bfb0dc\" data-id=\"4bfb0dc\" data-element_type=\"column\" data-e-type=\"column\">\n\t\t\t<div class=\"elementor-widget-wrap\">\n\t\t\t\t\t\t\t<\/div>\n\t\t<\/div>\n\t\t\t\t<div class=\"elementor-column elementor-col-25 elementor-top-column elementor-element elementor-element-c602d7c\" data-id=\"c602d7c\" data-element_type=\"column\" data-e-type=\"column\">\n\t\t\t<div class=\"elementor-widget-wrap elementor-element-populated\">\n\t\t\t\t\t\t<div class=\"elementor-element elementor-element-84d0a45 elementor-widget elementor-widget-image\" data-id=\"84d0a45\" data-element_type=\"widget\" data-e-type=\"widget\" data-widget_type=\"image.default\">\n\t\t\t\t<div class=\"elementor-widget-container\">\n\t\t\t\t\t\t\t\t\t\t\t\t\t\t\t<img data-opt-id=558840647  data-opt-src=\"https:\/\/mlvggls1rius.i.optimole.com\/w:780\/h:680\/q:81\/f:best\/https:\/\/sosresponds.org\/wp-content\/uploads\/2022\/06\/SOS-Banner_Welcome-780x680-1.png\"  decoding=\"async\" width=\"780\" height=\"680\" src=\"data:image/svg+xml,%3Csvg%20viewBox%3D%220%200%20780%20680%22%20width%3D%22780%22%20height%3D%22680%22%20xmlns%3D%22http%3A%2F%2Fwww.w3.org%2F2000%2Fsvg%22%3E%3Crect%20width%3D%22780%22%20height%3D%22680%22%20fill%3D%22transparent%22%2F%3E%3C%2Fsvg%3E\" class=\"attachment-full size-full wp-image-1306\" alt=\"\" old-srcset=\"https:\/\/mlvggls1rius.i.optimole.com\/w:780\/h:680\/q:81\/f:best\/https:\/\/sosresponds.org\/wp-content\/uploads\/2022\/06\/SOS-Banner_Welcome-780x680-1.png 780w, https:\/\/mlvggls1rius.i.optimole.com\/w:300\/h:262\/q:81\/f:best\/https:\/\/sosresponds.org\/wp-content\/uploads\/2022\/06\/SOS-Banner_Welcome-780x680-1.png 300w, https:\/\/mlvggls1rius.i.optimole.com\/w:768\/h:670\/q:81\/f:best\/https:\/\/sosresponds.org\/wp-content\/uploads\/2022\/06\/SOS-Banner_Welcome-780x680-1.png 768w, https:\/\/mlvggls1rius.i.optimole.com\/w:14\/h:12\/q:81\/f:best\/https:\/\/sosresponds.org\/wp-content\/uploads\/2022\/06\/SOS-Banner_Welcome-780x680-1.png 14w, https:\/\/mlvggls1rius.i.optimole.com\/w:780\/h:680\/q:81\/f:best\/dpr:2\/https:\/\/sosresponds.org\/wp-content\/uploads\/2022\/06\/SOS-Banner_Welcome-780x680-1.png 2x\" \/><noscript><img data-opt-id=558840647  decoding=\"async\" width=\"780\" height=\"680\" src=\"https:\/\/mlvggls1rius.i.optimole.com\/w:780\/h:680\/q:81\/f:best\/https:\/\/sosresponds.org\/wp-content\/uploads\/2022\/06\/SOS-Banner_Welcome-780x680-1.png\" class=\"attachment-full size-full wp-image-1306\" alt=\"\" srcset=\"https:\/\/mlvggls1rius.i.optimole.com\/w:780\/h:680\/q:81\/f:best\/https:\/\/sosresponds.org\/wp-content\/uploads\/2022\/06\/SOS-Banner_Welcome-780x680-1.png 780w, https:\/\/mlvggls1rius.i.optimole.com\/w:300\/h:262\/q:81\/f:best\/https:\/\/sosresponds.org\/wp-content\/uploads\/2022\/06\/SOS-Banner_Welcome-780x680-1.png 300w, https:\/\/mlvggls1rius.i.optimole.com\/w:768\/h:670\/q:81\/f:best\/https:\/\/sosresponds.org\/wp-content\/uploads\/2022\/06\/SOS-Banner_Welcome-780x680-1.png 768w, https:\/\/mlvggls1rius.i.optimole.com\/w:14\/h:12\/q:81\/f:best\/https:\/\/sosresponds.org\/wp-content\/uploads\/2022\/06\/SOS-Banner_Welcome-780x680-1.png 14w, https:\/\/mlvggls1rius.i.optimole.com\/w:780\/h:680\/q:81\/f:best\/dpr:2\/https:\/\/sosresponds.org\/wp-content\/uploads\/2022\/06\/SOS-Banner_Welcome-780x680-1.png 2x\" sizes=\"(max-width: 780px) 100vw, 780px\" \/></noscript>\t\t\t\t\t\t\t\t\t\t\t\t\t\t\t<\/div>\n\t\t\t\t<\/div>\n\t\t\t\t\t<\/div>\n\t\t<\/div>\n\t\t\t\t<div class=\"elementor-column elementor-col-25 elementor-top-column elementor-element elementor-element-12efd11\" data-id=\"12efd11\" data-element_type=\"column\" data-e-type=\"column\">\n\t\t\t<div class=\"elementor-widget-wrap elementor-element-populated\">\n\t\t\t\t\t\t<div class=\"elementor-element elementor-element-63d00f9 elementor-widget elementor-widget-html\" data-id=\"63d00f9\" data-element_type=\"widget\" data-e-type=\"widget\" data-widget_type=\"html.default\">\n\t\t\t\t<div class=\"elementor-widget-container\">\n\t\t\t\t\t<a href=\"#XFWHECQR\" style=\"display: none\"><\/a>\t\t\t\t<\/div>\n\t\t\t\t<\/div>\n\t\t\t\t\t<\/div>\n\t\t<\/div>\n\t\t\t\t<div class=\"elementor-column elementor-col-25 elementor-top-column elementor-element elementor-element-cef4f1d\" data-id=\"cef4f1d\" data-element_type=\"column\" data-e-type=\"column\">\n\t\t\t<div class=\"elementor-widget-wrap\">\n\t\t\t\t\t\t\t<\/div>\n\t\t<\/div>\n\t\t\t\t\t<\/div>\n\t\t<\/section>\n\t\t\t\t<section class=\"elementor-section elementor-top-section elementor-element elementor-element-34ab2d6 elementor-section-boxed elementor-section-height-default elementor-section-height-default\" data-id=\"34ab2d6\" data-element_type=\"section\" data-e-type=\"section\">\n\t\t\t\t\t\t<div class=\"elementor-container elementor-column-gap-default\">\n\t\t\t\t\t<div class=\"elementor-column elementor-col-20 elementor-top-column elementor-element elementor-element-4543403\" data-id=\"4543403\" data-element_type=\"column\" data-e-type=\"column\">\n\t\t\t<div class=\"elementor-widget-wrap\">\n\t\t\t\t\t\t\t<\/div>\n\t\t<\/div>\n\t\t\t\t<div class=\"elementor-column elementor-col-20 elementor-top-column elementor-element elementor-element-8b8d07f\" data-id=\"8b8d07f\" data-element_type=\"column\" data-e-type=\"column\">\n\t\t\t<div class=\"elementor-widget-wrap elementor-element-populated\">\n\t\t\t\t\t\t<div class=\"elementor-element elementor-element-f35f70b elementor-widget elementor-widget-image\" data-id=\"f35f70b\" data-element_type=\"widget\" data-e-type=\"widget\" data-widget_type=\"image.default\">\n\t\t\t\t<div class=\"elementor-widget-container\">\n\t\t\t\t\t\t\t\t\t\t\t\t\t\t\t<img data-opt-id=1005890000  data-opt-src=\"https:\/\/mlvggls1rius.i.optimole.com\/w:800\/h:800\/q:81\/f:best\/https:\/\/sosresponds.org\/wp-content\/uploads\/2024\/02\/Four-Star-Rating-Badge-Full-Color.png\"  decoding=\"async\" width=\"800\" height=\"800\" src=\"data:image/svg+xml,%3Csvg%20viewBox%3D%220%200%20800%20800%22%20width%3D%22800%22%20height%3D%22800%22%20xmlns%3D%22http%3A%2F%2Fwww.w3.org%2F2000%2Fsvg%22%3E%3Crect%20width%3D%22800%22%20height%3D%22800%22%20fill%3D%22transparent%22%2F%3E%3C%2Fsvg%3E\" class=\"attachment-large size-large wp-image-2110\" alt=\"\" old-srcset=\"https:\/\/mlvggls1rius.i.optimole.com\/w:2000\/h:2000\/q:81\/f:best\/https:\/\/sosresponds.org\/wp-content\/uploads\/2024\/02\/Four-Star-Rating-Badge-Full-Color.png 2000w, https:\/\/mlvggls1rius.i.optimole.com\/w:300\/h:300\/q:81\/f:best\/https:\/\/sosresponds.org\/wp-content\/uploads\/2024\/02\/Four-Star-Rating-Badge-Full-Color.png 300w, https:\/\/mlvggls1rius.i.optimole.com\/w:1024\/h:1024\/q:81\/f:best\/https:\/\/sosresponds.org\/wp-content\/uploads\/2024\/02\/Four-Star-Rating-Badge-Full-Color.png 1024w, https:\/\/mlvggls1rius.i.optimole.com\/w:150\/h:150\/q:81\/f:best\/https:\/\/sosresponds.org\/wp-content\/uploads\/2024\/02\/Four-Star-Rating-Badge-Full-Color.png 150w, https:\/\/mlvggls1rius.i.optimole.com\/w:768\/h:768\/q:81\/f:best\/https:\/\/sosresponds.org\/wp-content\/uploads\/2024\/02\/Four-Star-Rating-Badge-Full-Color.png 768w, https:\/\/mlvggls1rius.i.optimole.com\/w:1536\/h:1536\/q:81\/f:best\/https:\/\/sosresponds.org\/wp-content\/uploads\/2024\/02\/Four-Star-Rating-Badge-Full-Color.png 1536w, https:\/\/mlvggls1rius.i.optimole.com\/w:12\/h:12\/q:81\/f:best\/https:\/\/sosresponds.org\/wp-content\/uploads\/2024\/02\/Four-Star-Rating-Badge-Full-Color.png 12w, https:\/\/mlvggls1rius.i.optimole.com\/w:700\/h:700\/q:81\/f:best\/https:\/\/sosresponds.org\/wp-content\/uploads\/2024\/02\/Four-Star-Rating-Badge-Full-Color.png 700w, https:\/\/mlvggls1rius.i.optimole.com\/w:2000\/h:2000\/q:81\/f:best\/dpr:2\/https:\/\/sosresponds.org\/wp-content\/uploads\/2024\/02\/Four-Star-Rating-Badge-Full-Color.png 2x\" \/><noscript><img data-opt-id=1005890000  decoding=\"async\" width=\"800\" height=\"800\" src=\"https:\/\/mlvggls1rius.i.optimole.com\/w:800\/h:800\/q:81\/f:best\/https:\/\/sosresponds.org\/wp-content\/uploads\/2024\/02\/Four-Star-Rating-Badge-Full-Color.png\" class=\"attachment-large size-large wp-image-2110\" alt=\"\" srcset=\"https:\/\/mlvggls1rius.i.optimole.com\/w:2000\/h:2000\/q:81\/f:best\/https:\/\/sosresponds.org\/wp-content\/uploads\/2024\/02\/Four-Star-Rating-Badge-Full-Color.png 2000w, https:\/\/mlvggls1rius.i.optimole.com\/w:300\/h:300\/q:81\/f:best\/https:\/\/sosresponds.org\/wp-content\/uploads\/2024\/02\/Four-Star-Rating-Badge-Full-Color.png 300w, https:\/\/mlvggls1rius.i.optimole.com\/w:1024\/h:1024\/q:81\/f:best\/https:\/\/sosresponds.org\/wp-content\/uploads\/2024\/02\/Four-Star-Rating-Badge-Full-Color.png 1024w, https:\/\/mlvggls1rius.i.optimole.com\/w:150\/h:150\/q:81\/f:best\/https:\/\/sosresponds.org\/wp-content\/uploads\/2024\/02\/Four-Star-Rating-Badge-Full-Color.png 150w, https:\/\/mlvggls1rius.i.optimole.com\/w:768\/h:768\/q:81\/f:best\/https:\/\/sosresponds.org\/wp-content\/uploads\/2024\/02\/Four-Star-Rating-Badge-Full-Color.png 768w, https:\/\/mlvggls1rius.i.optimole.com\/w:1536\/h:1536\/q:81\/f:best\/https:\/\/sosresponds.org\/wp-content\/uploads\/2024\/02\/Four-Star-Rating-Badge-Full-Color.png 1536w, https:\/\/mlvggls1rius.i.optimole.com\/w:12\/h:12\/q:81\/f:best\/https:\/\/sosresponds.org\/wp-content\/uploads\/2024\/02\/Four-Star-Rating-Badge-Full-Color.png 12w, https:\/\/mlvggls1rius.i.optimole.com\/w:700\/h:700\/q:81\/f:best\/https:\/\/sosresponds.org\/wp-content\/uploads\/2024\/02\/Four-Star-Rating-Badge-Full-Color.png 700w, https:\/\/mlvggls1rius.i.optimole.com\/w:2000\/h:2000\/q:81\/f:best\/dpr:2\/https:\/\/sosresponds.org\/wp-content\/uploads\/2024\/02\/Four-Star-Rating-Badge-Full-Color.png 2x\" sizes=\"(max-width: 800px) 100vw, 800px\" \/></noscript>\t\t\t\t\t\t\t\t\t\t\t\t\t\t\t<\/div>\n\t\t\t\t<\/div>\n\t\t\t\t\t<\/div>\n\t\t<\/div>\n\t\t\t\t<div class=\"elementor-column elementor-col-20 elementor-top-column elementor-element elementor-element-22b4864\" data-id=\"22b4864\" data-element_type=\"column\" data-e-type=\"column\">\n\t\t\t<div class=\"elementor-widget-wrap elementor-element-populated\">\n\t\t\t\t\t\t<div class=\"elementor-element elementor-element-733c308 elementor-widget elementor-widget-image\" data-id=\"733c308\" data-element_type=\"widget\" data-e-type=\"widget\" data-widget_type=\"image.default\">\n\t\t\t\t<div class=\"elementor-widget-container\">\n\t\t\t\t\t\t\t\t\t\t\t\t\t\t\t<img data-opt-id=470425471  data-opt-src=\"https:\/\/mlvggls1rius.i.optimole.com\/w:800\/h:800\/q:81\/f:best\/https:\/\/sosresponds.org\/wp-content\/uploads\/2024\/02\/PlatinumTransparency2024.png\"  decoding=\"async\" width=\"800\" height=\"800\" src=\"data:image/svg+xml,%3Csvg%20viewBox%3D%220%200%20800%20800%22%20width%3D%22800%22%20height%3D%22800%22%20xmlns%3D%22http%3A%2F%2Fwww.w3.org%2F2000%2Fsvg%22%3E%3Crect%20width%3D%22800%22%20height%3D%22800%22%20fill%3D%22transparent%22%2F%3E%3C%2Fsvg%3E\" class=\"attachment-large size-large wp-image-2109\" alt=\"\" old-srcset=\"https:\/\/mlvggls1rius.i.optimole.com\/w:8334\/h:8334\/q:81\/f:best\/https:\/\/sosresponds.org\/wp-content\/uploads\/2024\/02\/PlatinumTransparency2024.png 8334w, https:\/\/mlvggls1rius.i.optimole.com\/w:300\/h:300\/q:81\/f:best\/https:\/\/sosresponds.org\/wp-content\/uploads\/2024\/02\/PlatinumTransparency2024.png 300w, https:\/\/mlvggls1rius.i.optimole.com\/w:1024\/h:1024\/q:81\/f:best\/https:\/\/sosresponds.org\/wp-content\/uploads\/2024\/02\/PlatinumTransparency2024.png 1024w, https:\/\/mlvggls1rius.i.optimole.com\/w:768\/h:768\/q:81\/f:best\/https:\/\/sosresponds.org\/wp-content\/uploads\/2024\/02\/PlatinumTransparency2024.png 768w, https:\/\/mlvggls1rius.i.optimole.com\/w:1536\/h:1536\/q:81\/f:best\/https:\/\/sosresponds.org\/wp-content\/uploads\/2024\/02\/PlatinumTransparency2024.png 1536w, https:\/\/mlvggls1rius.i.optimole.com\/w:12\/h:12\/q:81\/f:best\/https:\/\/sosresponds.org\/wp-content\/uploads\/2024\/02\/PlatinumTransparency2024.png 12w, https:\/\/mlvggls1rius.i.optimole.com\/w:8334\/h:8334\/q:81\/f:best\/dpr:2\/https:\/\/sosresponds.org\/wp-content\/uploads\/2024\/02\/PlatinumTransparency2024.png 2x\" \/><noscript><img data-opt-id=470425471  decoding=\"async\" width=\"800\" height=\"800\" src=\"https:\/\/mlvggls1rius.i.optimole.com\/w:800\/h:800\/q:81\/f:best\/https:\/\/sosresponds.org\/wp-content\/uploads\/2024\/02\/PlatinumTransparency2024.png\" class=\"attachment-large size-large wp-image-2109\" alt=\"\" srcset=\"https:\/\/mlvggls1rius.i.optimole.com\/w:8334\/h:8334\/q:81\/f:best\/https:\/\/sosresponds.org\/wp-content\/uploads\/2024\/02\/PlatinumTransparency2024.png 8334w, https:\/\/mlvggls1rius.i.optimole.com\/w:300\/h:300\/q:81\/f:best\/https:\/\/sosresponds.org\/wp-content\/uploads\/2024\/02\/PlatinumTransparency2024.png 300w, https:\/\/mlvggls1rius.i.optimole.com\/w:1024\/h:1024\/q:81\/f:best\/https:\/\/sosresponds.org\/wp-content\/uploads\/2024\/02\/PlatinumTransparency2024.png 1024w, https:\/\/mlvggls1rius.i.optimole.com\/w:768\/h:768\/q:81\/f:best\/https:\/\/sosresponds.org\/wp-content\/uploads\/2024\/02\/PlatinumTransparency2024.png 768w, https:\/\/mlvggls1rius.i.optimole.com\/w:1536\/h:1536\/q:81\/f:best\/https:\/\/sosresponds.org\/wp-content\/uploads\/2024\/02\/PlatinumTransparency2024.png 1536w, https:\/\/mlvggls1rius.i.optimole.com\/w:12\/h:12\/q:81\/f:best\/https:\/\/sosresponds.org\/wp-content\/uploads\/2024\/02\/PlatinumTransparency2024.png 12w, https:\/\/mlvggls1rius.i.optimole.com\/w:8334\/h:8334\/q:81\/f:best\/dpr:2\/https:\/\/sosresponds.org\/wp-content\/uploads\/2024\/02\/PlatinumTransparency2024.png 2x\" sizes=\"(max-width: 800px) 100vw, 800px\" \/></noscript>\t\t\t\t\t\t\t\t\t\t\t\t\t\t\t<\/div>\n\t\t\t\t<\/div>\n\t\t\t\t\t<\/div>\n\t\t<\/div>\n\t\t\t\t<div class=\"elementor-column elementor-col-20 elementor-top-column elementor-element elementor-element-08e9787\" data-id=\"08e9787\" data-element_type=\"column\" data-e-type=\"column\">\n\t\t\t<div class=\"elementor-widget-wrap elementor-element-populated\">\n\t\t\t\t\t\t<div class=\"elementor-element elementor-element-92a77e3 elementor-widget__width-initial elementor-widget elementor-widget-image\" data-id=\"92a77e3\" data-element_type=\"widget\" data-e-type=\"widget\" data-widget_type=\"image.default\">\n\t\t\t\t<div class=\"elementor-widget-container\">\n\t\t\t\t\t\t\t\t\t\t\t\t\t\t\t<img data-opt-id=318417222  data-opt-src=\"https:\/\/mlvggls1rius.i.optimole.com\/w:147\/h:147\/q:81\/f:best\/https:\/\/sosresponds.org\/wp-content\/uploads\/2022\/06\/ECFA-e1693331614126.png\"  decoding=\"async\" width=\"147\" height=\"147\" src=\"data:image/svg+xml,%3Csvg%20viewBox%3D%220%200%20147%20147%22%20width%3D%22147%22%20height%3D%22147%22%20xmlns%3D%22http%3A%2F%2Fwww.w3.org%2F2000%2Fsvg%22%3E%3Crect%20width%3D%22147%22%20height%3D%22147%22%20fill%3D%22transparent%22%2F%3E%3C%2Fsvg%3E\" class=\"attachment-large size-large wp-image-1309\" alt=\"ECFA\" old-srcset=\"https:\/\/mlvggls1rius.i.optimole.com\/w:147\/h:147\/q:81\/f:best\/https:\/\/sosresponds.org\/wp-content\/uploads\/2022\/06\/ECFA-e1693331614126.png 147w, https:\/\/mlvggls1rius.i.optimole.com\/w:12\/h:12\/q:81\/f:best\/https:\/\/sosresponds.org\/wp-content\/uploads\/2022\/06\/ECFA-e1693331614126.png 12w, https:\/\/mlvggls1rius.i.optimole.com\/w:147\/h:147\/q:81\/f:best\/dpr:2\/https:\/\/sosresponds.org\/wp-content\/uploads\/2022\/06\/ECFA-e1693331614126.png 2x\" \/><noscript><img data-opt-id=318417222  decoding=\"async\" width=\"147\" height=\"147\" src=\"https:\/\/mlvggls1rius.i.optimole.com\/w:147\/h:147\/q:81\/f:best\/https:\/\/sosresponds.org\/wp-content\/uploads\/2022\/06\/ECFA-e1693331614126.png\" class=\"attachment-large size-large wp-image-1309\" alt=\"ECFA\" srcset=\"https:\/\/mlvggls1rius.i.optimole.com\/w:147\/h:147\/q:81\/f:best\/https:\/\/sosresponds.org\/wp-content\/uploads\/2022\/06\/ECFA-e1693331614126.png 147w, https:\/\/mlvggls1rius.i.optimole.com\/w:12\/h:12\/q:81\/f:best\/https:\/\/sosresponds.org\/wp-content\/uploads\/2022\/06\/ECFA-e1693331614126.png 12w, https:\/\/mlvggls1rius.i.optimole.com\/w:147\/h:147\/q:81\/f:best\/dpr:2\/https:\/\/sosresponds.org\/wp-content\/uploads\/2022\/06\/ECFA-e1693331614126.png 2x\" sizes=\"(max-width: 147px) 100vw, 147px\" \/></noscript>\t\t\t\t\t\t\t\t\t\t\t\t\t\t\t<\/div>\n\t\t\t\t<\/div>\n\t\t\t\t\t<\/div>\n\t\t<\/div>\n\t\t\t\t<div class=\"elementor-column elementor-col-20 elementor-top-column elementor-element elementor-element-12aa140\" data-id=\"12aa140\" data-element_type=\"column\" data-e-type=\"column\">\n\t\t\t<div class=\"elementor-widget-wrap\">\n\t\t\t\t\t\t\t<\/div>\n\t\t<\/div>\n\t\t\t\t\t<\/div>\n\t\t<\/section>\n\t\t\t\t<section class=\"elementor-section elementor-top-section elementor-element elementor-element-4575e16 elementor-section-boxed elementor-section-height-default elementor-section-height-default\" data-id=\"4575e16\" data-element_type=\"section\" data-e-type=\"section\">\n\t\t\t\t\t\t<div class=\"elementor-container elementor-column-gap-default\">\n\t\t\t\t\t<div class=\"elementor-column elementor-col-100 elementor-top-column elementor-element elementor-element-c9b759d\" data-id=\"c9b759d\" data-element_type=\"column\" data-e-type=\"column\">\n\t\t\t<div class=\"elementor-widget-wrap elementor-element-populated\">\n\t\t\t\t\t\t<div class=\"elementor-element elementor-element-7bf4ffa elementor-widget elementor-widget-spacer\" data-id=\"7bf4ffa\" data-element_type=\"widget\" data-e-type=\"widget\" data-widget_type=\"spacer.default\">\n\t\t\t\t<div class=\"elementor-widget-container\">\n\t\t\t\t\t\t\t<div class=\"elementor-spacer\">\n\t\t\t<div class=\"elementor-spacer-inner\"><\/div>\n\t\t<\/div>\n\t\t\t\t\t\t<\/div>\n\t\t\t\t<\/div>\n\t\t\t\t\t<\/div>\n\t\t<\/div>\n\t\t\t\t\t<\/div>\n\t\t<\/section>\n\t\t\t\t<\/div>","protected":false},"excerpt":{"rendered":"<p>Rescue At-Risk Women and Children\u200b There are more than 50 million slaves in the world today. One in four of these slaves are children. Children.\u00a0 Your $150 given today provides [&hellip;]<\/p>\n","protected":false},"author":2,"featured_media":0,"parent":0,"menu_order":0,"comment_status":"closed","ping_status":"closed","template":"","meta":{"_seopress_robots_primary_cat":"","_seopress_titles_title":"Star 99.1 Radio Campaign - Text","_seopress_titles_desc":"","_seopress_robots_index":"","footnotes":""},"class_list":["post-2194","page","type-page","status-publish","hentry"],"_links":{"self":[{"href":"https:\/\/sosresponds.org\/es\/wp-json\/wp\/v2\/pages\/2194","targetHints":{"allow":["GET"]}}],"collection":[{"href":"https:\/\/sosresponds.org\/es\/wp-json\/wp\/v2\/pages"}],"about":[{"href":"https:\/\/sosresponds.org\/es\/wp-json\/wp\/v2\/types\/page"}],"author":[{"embeddable":true,"href":"https:\/\/sosresponds.org\/es\/wp-json\/wp\/v2\/users\/2"}],"replies":[{"embeddable":true,"href":"https:\/\/sosresponds.org\/es\/wp-json\/wp\/v2\/comments?post=2194"}],"version-history":[{"count":0,"href":"https:\/\/sosresponds.org\/es\/wp-json\/wp\/v2\/pages\/2194\/revisions"}],"wp:attachment":[{"href":"https:\/\/sosresponds.org\/es\/wp-json\/wp\/v2\/media?parent=2194"}],"curies":[{"name":"wp","href":"https:\/\/api.w.org\/{rel}","templated":true}]}}