{"id":2743,"date":"2025-05-01T19:17:35","date_gmt":"2025-05-01T19:17:35","guid":{"rendered":"https:\/\/sosresponds.org\/?page_id=2743"},"modified":"2025-05-01T20:32:02","modified_gmt":"2025-05-01T20:32:02","slug":"stream-now","status":"publish","type":"page","link":"https:\/\/sosresponds.org\/es\/stream-now\/","title":{"rendered":"Ver ahora"},"content":{"rendered":"<div data-elementor-type=\"wp-page\" data-elementor-id=\"2743\" class=\"elementor elementor-2743\" data-elementor-post-type=\"page\">\n\t\t\t\t\t\t<section class=\"elementor-section elementor-top-section elementor-element elementor-element-c7dd5db elementor-section-boxed elementor-section-height-default elementor-section-height-default\" data-id=\"c7dd5db\" data-element_type=\"section\" data-e-type=\"section\" data-settings=\"{&quot;background_background&quot;:&quot;classic&quot;}\">\n\t\t\t\t\t\t<div class=\"elementor-container elementor-column-gap-default\">\n\t\t\t\t\t<div class=\"elementor-column elementor-col-100 elementor-top-column elementor-element elementor-element-a6706ce\" data-id=\"a6706ce\" data-element_type=\"column\" data-e-type=\"column\">\n\t\t\t<div class=\"elementor-widget-wrap elementor-element-populated\">\n\t\t\t\t\t\t<div class=\"elementor-element elementor-element-e48b4d9 elementor-widget__width-auto elementor-absolute elementor-hidden-phone elementor-widget elementor-widget-html\" data-id=\"e48b4d9\" data-element_type=\"widget\" data-e-type=\"widget\" data-settings=\"{&quot;_position&quot;:&quot;absolute&quot;,&quot;motion_fx_motion_fx_mouse&quot;:&quot;yes&quot;,&quot;motion_fx_mouseTrack_effect&quot;:&quot;yes&quot;,&quot;motion_fx_mouseTrack_speed&quot;:{&quot;unit&quot;:&quot;px&quot;,&quot;size&quot;:0.1,&quot;sizes&quot;:[]}}\" data-widget_type=\"html.default\">\n\t\t\t\t<div class=\"elementor-widget-container\">\n\t\t\t\t\t<div class=\"square\">\n    <!--Empty-->\n<\/div>\t\t\t\t<\/div>\n\t\t\t\t<\/div>\n\t\t\t\t<div class=\"elementor-element elementor-element-37da737 elementor-widget elementor-widget-heading\" data-id=\"37da737\" data-element_type=\"widget\" data-e-type=\"widget\" data-widget_type=\"heading.default\">\n\t\t\t\t<div class=\"elementor-widget-container\">\n\t\t\t\t\t<h2 class=\"elementor-heading-title elementor-size-default\">STREAM NOW<\/h2>\t\t\t\t<\/div>\n\t\t\t\t<\/div>\n\t\t\t\t<div class=\"elementor-element elementor-element-f9230b0 elementor-widget__width-auto elementor-absolute elementor-hidden-phone elementor-widget elementor-widget-html\" data-id=\"f9230b0\" data-element_type=\"widget\" data-e-type=\"widget\" data-settings=\"{&quot;_position&quot;:&quot;absolute&quot;,&quot;motion_fx_motion_fx_mouse&quot;:&quot;yes&quot;,&quot;motion_fx_mouseTrack_effect&quot;:&quot;yes&quot;,&quot;motion_fx_mouseTrack_speed&quot;:{&quot;unit&quot;:&quot;px&quot;,&quot;size&quot;:0.2,&quot;sizes&quot;:[]}}\" data-widget_type=\"html.default\">\n\t\t\t\t<div class=\"elementor-widget-container\">\n\t\t\t\t\t<div class=\"square\">\n    <!--Empty-->\n<\/div>\t\t\t\t<\/div>\n\t\t\t\t<\/div>\n\t\t\t\t<div class=\"elementor-element elementor-element-f6a68fa elementor-widget__width-auto elementor-absolute elementor-hidden-phone elementor-widget elementor-widget-html\" data-id=\"f6a68fa\" data-element_type=\"widget\" data-e-type=\"widget\" data-settings=\"{&quot;_position&quot;:&quot;absolute&quot;,&quot;motion_fx_motion_fx_mouse&quot;:&quot;yes&quot;,&quot;motion_fx_mouseTrack_effect&quot;:&quot;yes&quot;,&quot;motion_fx_mouseTrack_speed&quot;:{&quot;unit&quot;:&quot;px&quot;,&quot;size&quot;:0.1,&quot;sizes&quot;:[]}}\" data-widget_type=\"html.default\">\n\t\t\t\t<div class=\"elementor-widget-container\">\n\t\t\t\t\t<div class=\"square\">\n    <!--Empty-->\n<\/div>\t\t\t\t<\/div>\n\t\t\t\t<\/div>\n\t\t\t\t<div class=\"elementor-element elementor-element-f578c9f elementor-widget__width-auto elementor-absolute elementor-hidden-phone elementor-widget elementor-widget-html\" data-id=\"f578c9f\" data-element_type=\"widget\" data-e-type=\"widget\" data-settings=\"{&quot;_position&quot;:&quot;absolute&quot;,&quot;motion_fx_motion_fx_mouse&quot;:&quot;yes&quot;,&quot;motion_fx_mouseTrack_effect&quot;:&quot;yes&quot;,&quot;motion_fx_mouseTrack_speed&quot;:{&quot;unit&quot;:&quot;px&quot;,&quot;size&quot;:0.2,&quot;sizes&quot;:[]}}\" data-widget_type=\"html.default\">\n\t\t\t\t<div class=\"elementor-widget-container\">\n\t\t\t\t\t<div class=\"square\">\n    <!--Empty-->\n<\/div>\t\t\t\t<\/div>\n\t\t\t\t<\/div>\n\t\t\t\t\t<\/div>\n\t\t<\/div>\n\t\t\t\t\t<\/div>\n\t\t<\/section>\n\t\t\t\t<section class=\"elementor-section elementor-top-section elementor-element elementor-element-38d7d3f elementor-section-boxed elementor-section-height-default elementor-section-height-default\" data-id=\"38d7d3f\" data-element_type=\"section\" data-e-type=\"section\">\n\t\t\t\t\t\t<div class=\"elementor-container elementor-column-gap-default\">\n\t\t\t\t\t<div class=\"elementor-column elementor-col-50 elementor-top-column elementor-element elementor-element-abb5871\" data-id=\"abb5871\" data-element_type=\"column\" data-e-type=\"column\">\n\t\t\t<div class=\"elementor-widget-wrap elementor-element-populated\">\n\t\t\t\t\t\t<div class=\"elementor-element elementor-element-35e57d1 elementor-widget__width-initial elementor-widget elementor-widget-image\" data-id=\"35e57d1\" data-element_type=\"widget\" data-e-type=\"widget\" data-widget_type=\"image.default\">\n\t\t\t\t<div class=\"elementor-widget-container\">\n\t\t\t\t\t\t\t\t\t\t\t\t\t\t\t<img data-opt-id=1576744513  data-opt-src=\"https:\/\/mlvggls1rius.i.optimole.com\/w:8301\/h:4801\/q:81\/f:best\/https:\/\/sosresponds.org\/wp-content\/uploads\/2024\/04\/SIW-Webbanner.png\"  decoding=\"async\" width=\"8301\" height=\"4801\" src=\"data:image/svg+xml,%3Csvg%20viewBox%3D%220%200%208301%204801%22%20width%3D%228301%22%20height%3D%224801%22%20xmlns%3D%22http%3A%2F%2Fwww.w3.org%2F2000%2Fsvg%22%3E%3Crect%20width%3D%228301%22%20height%3D%224801%22%20fill%3D%22transparent%22%2F%3E%3C%2Fsvg%3E\" class=\"attachment-full size-full wp-image-2170\" alt=\"\" old-srcset=\"https:\/\/mlvggls1rius.i.optimole.com\/w:8301\/h:4801\/q:81\/f:best\/https:\/\/sosresponds.org\/wp-content\/uploads\/2024\/04\/SIW-Webbanner.png 8301w, https:\/\/mlvggls1rius.i.optimole.com\/w:300\/h:174\/q:81\/f:best\/https:\/\/sosresponds.org\/wp-content\/uploads\/2024\/04\/SIW-Webbanner.png 300w, https:\/\/mlvggls1rius.i.optimole.com\/w:1024\/h:592\/q:81\/f:best\/https:\/\/sosresponds.org\/wp-content\/uploads\/2024\/04\/SIW-Webbanner.png 1024w, https:\/\/mlvggls1rius.i.optimole.com\/w:768\/h:444\/q:81\/f:best\/https:\/\/sosresponds.org\/wp-content\/uploads\/2024\/04\/SIW-Webbanner.png 768w, https:\/\/mlvggls1rius.i.optimole.com\/w:1536\/h:888\/q:81\/f:best\/https:\/\/sosresponds.org\/wp-content\/uploads\/2024\/04\/SIW-Webbanner.png 1536w, https:\/\/mlvggls1rius.i.optimole.com\/w:2048\/h:1184\/q:81\/f:best\/https:\/\/sosresponds.org\/wp-content\/uploads\/2024\/04\/SIW-Webbanner.png 2048w, https:\/\/mlvggls1rius.i.optimole.com\/w:18\/h:10\/q:81\/f:best\/https:\/\/sosresponds.org\/wp-content\/uploads\/2024\/04\/SIW-Webbanner.png 18w, https:\/\/mlvggls1rius.i.optimole.com\/w:8301\/h:4801\/q:81\/f:best\/dpr:2\/https:\/\/sosresponds.org\/wp-content\/uploads\/2024\/04\/SIW-Webbanner.png 2x\" \/><noscript><img data-opt-id=1576744513  decoding=\"async\" width=\"8301\" height=\"4801\" src=\"https:\/\/mlvggls1rius.i.optimole.com\/w:8301\/h:4801\/q:81\/f:best\/https:\/\/sosresponds.org\/wp-content\/uploads\/2024\/04\/SIW-Webbanner.png\" class=\"attachment-full size-full wp-image-2170\" alt=\"\" srcset=\"https:\/\/mlvggls1rius.i.optimole.com\/w:8301\/h:4801\/q:81\/f:best\/https:\/\/sosresponds.org\/wp-content\/uploads\/2024\/04\/SIW-Webbanner.png 8301w, https:\/\/mlvggls1rius.i.optimole.com\/w:300\/h:174\/q:81\/f:best\/https:\/\/sosresponds.org\/wp-content\/uploads\/2024\/04\/SIW-Webbanner.png 300w, https:\/\/mlvggls1rius.i.optimole.com\/w:1024\/h:592\/q:81\/f:best\/https:\/\/sosresponds.org\/wp-content\/uploads\/2024\/04\/SIW-Webbanner.png 1024w, https:\/\/mlvggls1rius.i.optimole.com\/w:768\/h:444\/q:81\/f:best\/https:\/\/sosresponds.org\/wp-content\/uploads\/2024\/04\/SIW-Webbanner.png 768w, https:\/\/mlvggls1rius.i.optimole.com\/w:1536\/h:888\/q:81\/f:best\/https:\/\/sosresponds.org\/wp-content\/uploads\/2024\/04\/SIW-Webbanner.png 1536w, https:\/\/mlvggls1rius.i.optimole.com\/w:2048\/h:1184\/q:81\/f:best\/https:\/\/sosresponds.org\/wp-content\/uploads\/2024\/04\/SIW-Webbanner.png 2048w, https:\/\/mlvggls1rius.i.optimole.com\/w:18\/h:10\/q:81\/f:best\/https:\/\/sosresponds.org\/wp-content\/uploads\/2024\/04\/SIW-Webbanner.png 18w, https:\/\/mlvggls1rius.i.optimole.com\/w:8301\/h:4801\/q:81\/f:best\/dpr:2\/https:\/\/sosresponds.org\/wp-content\/uploads\/2024\/04\/SIW-Webbanner.png 2x\" sizes=\"(max-width: 800px) 100vw, 800px\" \/></noscript>\t\t\t\t\t\t\t\t\t\t\t\t\t\t\t<\/div>\n\t\t\t\t<\/div>\n\t\t\t\t\t<\/div>\n\t\t<\/div>\n\t\t\t\t<div class=\"elementor-column elementor-col-50 elementor-top-column elementor-element elementor-element-e2f8ac5\" data-id=\"e2f8ac5\" data-element_type=\"column\" data-e-type=\"column\">\n\t\t\t<div class=\"elementor-widget-wrap elementor-element-populated\">\n\t\t\t\t\t\t<div class=\"elementor-element elementor-element-14d18d2 elementor-widget elementor-widget-text-editor\" data-id=\"14d18d2\" data-element_type=\"widget\" data-e-type=\"widget\" data-widget_type=\"text-editor.default\">\n\t\t\t\t<div class=\"elementor-widget-container\">\n\t\t\t\t\t\t\t\t\t<h3 style=\"text-align: center;\">\u00a1CONOZCA SOS INTERNATIONAL WORSHIP!<\/h3><p>Una nueva y emocionante extensi\u00f3n del incre\u00edble trabajo que ya se est\u00e1 llevando a cabo en todo el mundo. El objetivo de SOS International Worship es ampliar el alcance y la concienciaci\u00f3n de nuestros proyectos contra la trata de personas. Esto es en asociaci\u00f3n con artistas incre\u00edbles que ofrecen su tiempo, talento e influencia para unirse a nosotros en la liberaci\u00f3n de canciones de esperanza y libertad sobre las vidas de aquellos atrapados en la esclavitud. <strong>Todos los derechos de este proyecto se destinan a apoyar nuestras iniciativas de rescate.<\/strong> Cada vez que escuchas nuestra m\u00fasica y nuestros v\u00eddeos, est\u00e1s recaudando fondos para las v\u00edctimas de la trata de seres humanos.<\/p>\t\t\t\t\t\t\t\t<\/div>\n\t\t\t\t<\/div>\n\t\t\t\t<div class=\"elementor-element elementor-element-2c5544d elementor-align-center elementor-widget elementor-widget-button\" data-id=\"2c5544d\" data-element_type=\"widget\" data-e-type=\"widget\" data-widget_type=\"button.default\">\n\t\t\t\t<div class=\"elementor-widget-container\">\n\t\t\t\t\t\t\t\t\t<div class=\"elementor-button-wrapper\">\n\t\t\t\t\t<a class=\"elementor-button elementor-button-link elementor-size-sm\" href=\"https:\/\/sosresponds.org\/es\/sosinternationalworship\/\">\n\t\t\t\t\t\t<span class=\"elementor-button-content-wrapper\">\n\t\t\t\t\t\t\t\t\t<span class=\"elementor-button-text\">ESCUCHAR AHORA<\/span>\n\t\t\t\t\t<\/span>\n\t\t\t\t\t<\/a>\n\t\t\t\t<\/div>\n\t\t\t\t\t\t\t\t<\/div>\n\t\t\t\t<\/div>\n\t\t\t\t\t<\/div>\n\t\t<\/div>\n\t\t\t\t\t<\/div>\n\t\t<\/section>\n\t\t\t\t<section class=\"elementor-section elementor-top-section elementor-element elementor-element-58ccbae elementor-section-boxed elementor-section-height-default elementor-section-height-default\" data-id=\"58ccbae\" data-element_type=\"section\" data-e-type=\"section\">\n\t\t\t\t\t\t<div class=\"elementor-container elementor-column-gap-default\">\n\t\t\t\t\t<div class=\"elementor-column elementor-col-100 elementor-top-column elementor-element elementor-element-9ab6921\" data-id=\"9ab6921\" data-element_type=\"column\" data-e-type=\"column\">\n\t\t\t<div class=\"elementor-widget-wrap elementor-element-populated\">\n\t\t\t\t\t\t<div class=\"elementor-element elementor-element-53f7370 elementor-widget elementor-widget-spacer\" data-id=\"53f7370\" data-element_type=\"widget\" data-e-type=\"widget\" data-widget_type=\"spacer.default\">\n\t\t\t\t<div class=\"elementor-widget-container\">\n\t\t\t\t\t\t\t<div class=\"elementor-spacer\">\n\t\t\t<div class=\"elementor-spacer-inner\"><\/div>\n\t\t<\/div>\n\t\t\t\t\t\t<\/div>\n\t\t\t\t<\/div>\n\t\t\t\t\t<\/div>\n\t\t<\/div>\n\t\t\t\t\t<\/div>\n\t\t<\/section>\n\t\t\t\t<section class=\"elementor-section elementor-top-section elementor-element elementor-element-54d4fea elementor-section-boxed elementor-section-height-default elementor-section-height-default\" data-id=\"54d4fea\" data-element_type=\"section\" data-e-type=\"section\">\n\t\t\t\t\t\t<div class=\"elementor-container elementor-column-gap-default\">\n\t\t\t\t\t<div class=\"elementor-column elementor-col-50 elementor-top-column elementor-element elementor-element-6c86efa\" data-id=\"6c86efa\" data-element_type=\"column\" data-e-type=\"column\">\n\t\t\t<div class=\"elementor-widget-wrap elementor-element-populated\">\n\t\t\t\t\t\t<div class=\"elementor-element elementor-element-ee448c0 elementor-widget elementor-widget-image\" data-id=\"ee448c0\" data-element_type=\"widget\" data-e-type=\"widget\" data-widget_type=\"image.default\">\n\t\t\t\t<div class=\"elementor-widget-container\">\n\t\t\t\t\t\t\t\t\t\t\t\t\t\t\t<img data-opt-id=1674558287  data-opt-src=\"https:\/\/mlvggls1rius.i.optimole.com\/w:800\/h:450\/q:81\/f:best\/https:\/\/sosresponds.org\/wp-content\/uploads\/2022\/04\/DHP-LOGO-1080x1920-1-1.png\"  decoding=\"async\" width=\"800\" height=\"450\" src=\"data:image/svg+xml,%3Csvg%20viewBox%3D%220%200%20800%20450%22%20width%3D%22800%22%20height%3D%22450%22%20xmlns%3D%22http%3A%2F%2Fwww.w3.org%2F2000%2Fsvg%22%3E%3Crect%20width%3D%22800%22%20height%3D%22450%22%20fill%3D%22transparent%22%2F%3E%3C%2Fsvg%3E\" class=\"attachment-large size-large wp-image-1173\" alt=\"Disruptive Hope Banner Image\" old-srcset=\"https:\/\/mlvggls1rius.i.optimole.com\/w:1920\/h:1080\/q:81\/f:best\/https:\/\/sosresponds.org\/wp-content\/uploads\/2022\/04\/DHP-LOGO-1080x1920-1-1.png 1920w, https:\/\/mlvggls1rius.i.optimole.com\/w:300\/h:169\/q:81\/f:best\/https:\/\/sosresponds.org\/wp-content\/uploads\/2022\/04\/DHP-LOGO-1080x1920-1-1.png 300w, https:\/\/mlvggls1rius.i.optimole.com\/w:1024\/h:576\/q:81\/f:best\/https:\/\/sosresponds.org\/wp-content\/uploads\/2022\/04\/DHP-LOGO-1080x1920-1-1.png 1024w, https:\/\/mlvggls1rius.i.optimole.com\/w:768\/h:432\/q:81\/f:best\/https:\/\/sosresponds.org\/wp-content\/uploads\/2022\/04\/DHP-LOGO-1080x1920-1-1.png 768w, https:\/\/mlvggls1rius.i.optimole.com\/w:1536\/h:864\/q:81\/f:best\/https:\/\/sosresponds.org\/wp-content\/uploads\/2022\/04\/DHP-LOGO-1080x1920-1-1.png 1536w, https:\/\/mlvggls1rius.i.optimole.com\/w:18\/h:10\/q:81\/f:best\/https:\/\/sosresponds.org\/wp-content\/uploads\/2022\/04\/DHP-LOGO-1080x1920-1-1.png 18w, https:\/\/mlvggls1rius.i.optimole.com\/w:1920\/h:1080\/q:81\/f:best\/dpr:2\/https:\/\/sosresponds.org\/wp-content\/uploads\/2022\/04\/DHP-LOGO-1080x1920-1-1.png 2x\" \/><noscript><img data-opt-id=1674558287  decoding=\"async\" width=\"800\" height=\"450\" src=\"https:\/\/mlvggls1rius.i.optimole.com\/w:800\/h:450\/q:81\/f:best\/https:\/\/sosresponds.org\/wp-content\/uploads\/2022\/04\/DHP-LOGO-1080x1920-1-1.png\" class=\"attachment-large size-large wp-image-1173\" alt=\"Disruptive Hope Banner Image\" srcset=\"https:\/\/mlvggls1rius.i.optimole.com\/w:1920\/h:1080\/q:81\/f:best\/https:\/\/sosresponds.org\/wp-content\/uploads\/2022\/04\/DHP-LOGO-1080x1920-1-1.png 1920w, https:\/\/mlvggls1rius.i.optimole.com\/w:300\/h:169\/q:81\/f:best\/https:\/\/sosresponds.org\/wp-content\/uploads\/2022\/04\/DHP-LOGO-1080x1920-1-1.png 300w, https:\/\/mlvggls1rius.i.optimole.com\/w:1024\/h:576\/q:81\/f:best\/https:\/\/sosresponds.org\/wp-content\/uploads\/2022\/04\/DHP-LOGO-1080x1920-1-1.png 1024w, https:\/\/mlvggls1rius.i.optimole.com\/w:768\/h:432\/q:81\/f:best\/https:\/\/sosresponds.org\/wp-content\/uploads\/2022\/04\/DHP-LOGO-1080x1920-1-1.png 768w, https:\/\/mlvggls1rius.i.optimole.com\/w:1536\/h:864\/q:81\/f:best\/https:\/\/sosresponds.org\/wp-content\/uploads\/2022\/04\/DHP-LOGO-1080x1920-1-1.png 1536w, https:\/\/mlvggls1rius.i.optimole.com\/w:18\/h:10\/q:81\/f:best\/https:\/\/sosresponds.org\/wp-content\/uploads\/2022\/04\/DHP-LOGO-1080x1920-1-1.png 18w, https:\/\/mlvggls1rius.i.optimole.com\/w:1920\/h:1080\/q:81\/f:best\/dpr:2\/https:\/\/sosresponds.org\/wp-content\/uploads\/2022\/04\/DHP-LOGO-1080x1920-1-1.png 2x\" sizes=\"(max-width: 800px) 100vw, 800px\" \/></noscript>\t\t\t\t\t\t\t\t\t\t\t\t\t\t\t<\/div>\n\t\t\t\t<\/div>\n\t\t\t\t\t<\/div>\n\t\t<\/div>\n\t\t\t\t<div class=\"elementor-column elementor-col-50 elementor-top-column elementor-element elementor-element-327624d\" data-id=\"327624d\" data-element_type=\"column\" data-e-type=\"column\">\n\t\t\t<div class=\"elementor-widget-wrap elementor-element-populated\">\n\t\t\t\t\t\t<div class=\"elementor-element elementor-element-fab4a9a elementor-widget elementor-widget-text-editor\" data-id=\"fab4a9a\" data-element_type=\"widget\" data-e-type=\"widget\" data-widget_type=\"text-editor.default\">\n\t\t\t\t<div class=\"elementor-widget-container\">\n\t\t\t\t\t\t\t\t\t<h3 style=\"text-align: center;\">La esperanza ve. La esperanza se compromete. La esperanza pertenece. La esperanza construye.<\/h3>\n<p style=\"text-align: center;\">Nuestro deseo es que el podcast Disruptive Hope te desaf\u00ede y te anime a convertirte en un agente de esperanza en lugares improbables.<\/p>\t\t\t\t\t\t\t\t<\/div>\n\t\t\t\t<\/div>\n\t\t\t\t<div class=\"elementor-element elementor-element-b9bab46 elementor-align-center elementor-widget elementor-widget-button\" data-id=\"b9bab46\" data-element_type=\"widget\" data-e-type=\"widget\" data-widget_type=\"button.default\">\n\t\t\t\t<div class=\"elementor-widget-container\">\n\t\t\t\t\t\t\t\t\t<div class=\"elementor-button-wrapper\">\n\t\t\t\t\t<a class=\"elementor-button elementor-button-link elementor-size-sm\" href=\"https:\/\/sosresponds.org\/es\/disruptive-hope-podcast\/\">\n\t\t\t\t\t\t<span class=\"elementor-button-content-wrapper\">\n\t\t\t\t\t\t\t\t\t<span class=\"elementor-button-text\">ESCUCHAR AHORA<\/span>\n\t\t\t\t\t<\/span>\n\t\t\t\t\t<\/a>\n\t\t\t\t<\/div>\n\t\t\t\t\t\t\t\t<\/div>\n\t\t\t\t<\/div>\n\t\t\t\t\t<\/div>\n\t\t<\/div>\n\t\t\t\t\t<\/div>\n\t\t<\/section>\n\t\t\t\t<section class=\"elementor-section elementor-top-section elementor-element elementor-element-a1fb3dc elementor-section-boxed elementor-section-height-default elementor-section-height-default\" data-id=\"a1fb3dc\" data-element_type=\"section\" data-e-type=\"section\">\n\t\t\t\t\t\t<div class=\"elementor-container elementor-column-gap-default\">\n\t\t\t\t\t<div class=\"elementor-column elementor-col-100 elementor-top-column elementor-element elementor-element-328217e\" data-id=\"328217e\" data-element_type=\"column\" data-e-type=\"column\">\n\t\t\t<div class=\"elementor-widget-wrap elementor-element-populated\">\n\t\t\t\t\t\t<div class=\"elementor-element elementor-element-3534495 elementor-widget elementor-widget-spacer\" data-id=\"3534495\" data-element_type=\"widget\" data-e-type=\"widget\" data-widget_type=\"spacer.default\">\n\t\t\t\t<div class=\"elementor-widget-container\">\n\t\t\t\t\t\t\t<div class=\"elementor-spacer\">\n\t\t\t<div class=\"elementor-spacer-inner\"><\/div>\n\t\t<\/div>\n\t\t\t\t\t\t<\/div>\n\t\t\t\t<\/div>\n\t\t\t\t\t<\/div>\n\t\t<\/div>\n\t\t\t\t\t<\/div>\n\t\t<\/section>\n\t\t\t\t<\/div>","protected":false},"excerpt":{"rendered":"<p>STREAM NOW MEET SOS INTERNATIONAL WORSHIP! An exciting new extension of the incredible work already happening globally. The heart behind SOS International Worship is to expand the reach and awareness [&hellip;]<\/p>\n","protected":false},"author":6,"featured_media":0,"parent":0,"menu_order":0,"comment_status":"closed","ping_status":"closed","template":"","meta":{"_seopress_robots_primary_cat":"","_seopress_titles_title":"","_seopress_titles_desc":"","_seopress_robots_index":"","footnotes":""},"class_list":["post-2743","page","type-page","status-publish","hentry"],"_links":{"self":[{"href":"https:\/\/sosresponds.org\/es\/wp-json\/wp\/v2\/pages\/2743","targetHints":{"allow":["GET"]}}],"collection":[{"href":"https:\/\/sosresponds.org\/es\/wp-json\/wp\/v2\/pages"}],"about":[{"href":"https:\/\/sosresponds.org\/es\/wp-json\/wp\/v2\/types\/page"}],"author":[{"embeddable":true,"href":"https:\/\/sosresponds.org\/es\/wp-json\/wp\/v2\/users\/6"}],"replies":[{"embeddable":true,"href":"https:\/\/sosresponds.org\/es\/wp-json\/wp\/v2\/comments?post=2743"}],"version-history":[{"count":0,"href":"https:\/\/sosresponds.org\/es\/wp-json\/wp\/v2\/pages\/2743\/revisions"}],"wp:attachment":[{"href":"https:\/\/sosresponds.org\/es\/wp-json\/wp\/v2\/media?parent=2743"}],"curies":[{"name":"wp","href":"https:\/\/api.w.org\/{rel}","templated":true}]}}