{"id":2882,"date":"2025-07-29T21:28:47","date_gmt":"2025-07-29T21:28:47","guid":{"rendered":"https:\/\/sosresponds.org\/?page_id=2882"},"modified":"2025-07-29T21:35:13","modified_gmt":"2025-07-29T21:35:13","slug":"prayer","status":"publish","type":"page","link":"https:\/\/sosresponds.org\/es\/prayer\/","title":{"rendered":"Oraci\u00f3n"},"content":{"rendered":"\t\t<div data-elementor-type=\"wp-page\" data-elementor-id=\"2882\" class=\"elementor elementor-2882\" data-elementor-post-type=\"page\">\n\t\t\t\t\t\t<section class=\"elementor-section elementor-top-section elementor-element elementor-element-97a6a2c elementor-section-boxed elementor-section-height-default elementor-section-height-default\" data-id=\"97a6a2c\" data-element_type=\"section\" data-e-type=\"section\" data-settings=\"{&quot;background_background&quot;:&quot;gradient&quot;}\">\n\t\t\t\t\t\t<div class=\"elementor-container elementor-column-gap-no\">\n\t\t\t\t\t<div class=\"elementor-column elementor-col-50 elementor-top-column elementor-element elementor-element-ca10208\" data-id=\"ca10208\" data-element_type=\"column\" data-e-type=\"column\">\n\t\t\t<div class=\"elementor-widget-wrap elementor-element-populated\">\n\t\t\t\t\t\t<div class=\"elementor-element elementor-element-22486af elementor-widget__width-auto elementor-absolute elementor-hidden-phone elementor-widget elementor-widget-html\" data-id=\"22486af\" data-element_type=\"widget\" data-e-type=\"widget\" data-settings=\"{&quot;_position&quot;:&quot;absolute&quot;}\" data-widget_type=\"html.default\">\n\t\t\t\t<div class=\"elementor-widget-container\">\n\t\t\t\t\t<div class=\"square\">\n    <!--Empty-->\n<\/div>\t\t\t\t<\/div>\n\t\t\t\t<\/div>\n\t\t\t\t<div class=\"elementor-element elementor-element-5b6d356 elementor-widget elementor-widget-heading\" data-id=\"5b6d356\" data-element_type=\"widget\" data-e-type=\"widget\" data-widget_type=\"heading.default\">\n\t\t\t\t<div class=\"elementor-widget-container\">\n\t\t\t\t\t<h1 class=\"elementor-heading-title elementor-size-default\">Commit to Pray<\/h1>\t\t\t\t<\/div>\n\t\t\t\t<\/div>\n\t\t\t\t<div class=\"elementor-element elementor-element-ac18cfa elementor-widget-divider--view-line elementor-widget elementor-widget-divider\" data-id=\"ac18cfa\" data-element_type=\"widget\" data-e-type=\"widget\" data-widget_type=\"divider.default\">\n\t\t\t\t<div class=\"elementor-widget-container\">\n\t\t\t\t\t\t\t<div class=\"elementor-divider\">\n\t\t\t<span class=\"elementor-divider-separator\">\n\t\t\t\t\t\t<\/span>\n\t\t<\/div>\n\t\t\t\t\t\t<\/div>\n\t\t\t\t<\/div>\n\t\t\t\t\t<\/div>\n\t\t<\/div>\n\t\t\t\t<div class=\"elementor-column elementor-col-50 elementor-top-column elementor-element elementor-element-ded3b15\" data-id=\"ded3b15\" data-element_type=\"column\" data-e-type=\"column\">\n\t\t\t<div class=\"elementor-widget-wrap elementor-element-populated\">\n\t\t\t\t\t\t<div class=\"elementor-element elementor-element-99aafb3 animated-fast elementor-invisible elementor-widget elementor-widget-image\" data-id=\"99aafb3\" data-element_type=\"widget\" data-e-type=\"widget\" data-settings=\"{&quot;motion_fx_motion_fx_mouse&quot;:&quot;yes&quot;,&quot;motion_fx_mouseTrack_effect&quot;:&quot;yes&quot;,&quot;motion_fx_mouseTrack_speed&quot;:{&quot;unit&quot;:&quot;px&quot;,&quot;size&quot;:0.05,&quot;sizes&quot;:[]},&quot;_animation&quot;:&quot;fadeIn&quot;}\" data-widget_type=\"image.default\">\n\t\t\t\t<div class=\"elementor-widget-container\">\n\t\t\t\t\t\t\t\t\t\t\t\t\t\t\t<img data-opt-id=2028017562  data-opt-src=\"https:\/\/mlvggls1rius.i.optimole.com\/w:800\/h:534\/q:81\/f:best\/https:\/\/sosresponds.org\/wp-content\/uploads\/2025\/07\/DSC_5757-2015-02-18-at-01-34-43-copy.jpg\"  decoding=\"async\" width=\"800\" height=\"534\" src=\"data:image/svg+xml,%3Csvg%20viewBox%3D%220%200%20800%20534%22%20width%3D%22800%22%20height%3D%22534%22%20xmlns%3D%22http%3A%2F%2Fwww.w3.org%2F2000%2Fsvg%22%3E%3Crect%20width%3D%22800%22%20height%3D%22534%22%20fill%3D%22transparent%22%2F%3E%3C%2Fsvg%3E\" class=\"attachment-large size-large wp-image-2885\" alt=\"\" old-srcset=\"https:\/\/mlvggls1rius.i.optimole.com\/w:1200\/h:801\/q:81\/f:best\/https:\/\/sosresponds.org\/wp-content\/uploads\/2025\/07\/DSC_5757-2015-02-18-at-01-34-43-copy.jpg 1200w, https:\/\/mlvggls1rius.i.optimole.com\/w:300\/h:200\/q:81\/f:best\/https:\/\/sosresponds.org\/wp-content\/uploads\/2025\/07\/DSC_5757-2015-02-18-at-01-34-43-copy.jpg 300w, https:\/\/mlvggls1rius.i.optimole.com\/w:1024\/h:684\/q:81\/f:best\/https:\/\/sosresponds.org\/wp-content\/uploads\/2025\/07\/DSC_5757-2015-02-18-at-01-34-43-copy.jpg 1024w, https:\/\/mlvggls1rius.i.optimole.com\/w:768\/h:513\/q:81\/f:best\/https:\/\/sosresponds.org\/wp-content\/uploads\/2025\/07\/DSC_5757-2015-02-18-at-01-34-43-copy.jpg 768w, https:\/\/mlvggls1rius.i.optimole.com\/w:18\/h:12\/q:81\/f:best\/https:\/\/sosresponds.org\/wp-content\/uploads\/2025\/07\/DSC_5757-2015-02-18-at-01-34-43-copy.jpg 18w, https:\/\/mlvggls1rius.i.optimole.com\/w:1200\/h:801\/q:81\/f:best\/dpr:2\/https:\/\/sosresponds.org\/wp-content\/uploads\/2025\/07\/DSC_5757-2015-02-18-at-01-34-43-copy.jpg 2x\" \/><noscript><img data-opt-id=2028017562  decoding=\"async\" width=\"800\" height=\"534\" src=\"https:\/\/mlvggls1rius.i.optimole.com\/w:800\/h:534\/q:81\/f:best\/https:\/\/sosresponds.org\/wp-content\/uploads\/2025\/07\/DSC_5757-2015-02-18-at-01-34-43-copy.jpg\" class=\"attachment-large size-large wp-image-2885\" alt=\"\" srcset=\"https:\/\/mlvggls1rius.i.optimole.com\/w:1200\/h:801\/q:81\/f:best\/https:\/\/sosresponds.org\/wp-content\/uploads\/2025\/07\/DSC_5757-2015-02-18-at-01-34-43-copy.jpg 1200w, https:\/\/mlvggls1rius.i.optimole.com\/w:300\/h:200\/q:81\/f:best\/https:\/\/sosresponds.org\/wp-content\/uploads\/2025\/07\/DSC_5757-2015-02-18-at-01-34-43-copy.jpg 300w, https:\/\/mlvggls1rius.i.optimole.com\/w:1024\/h:684\/q:81\/f:best\/https:\/\/sosresponds.org\/wp-content\/uploads\/2025\/07\/DSC_5757-2015-02-18-at-01-34-43-copy.jpg 1024w, https:\/\/mlvggls1rius.i.optimole.com\/w:768\/h:513\/q:81\/f:best\/https:\/\/sosresponds.org\/wp-content\/uploads\/2025\/07\/DSC_5757-2015-02-18-at-01-34-43-copy.jpg 768w, https:\/\/mlvggls1rius.i.optimole.com\/w:18\/h:12\/q:81\/f:best\/https:\/\/sosresponds.org\/wp-content\/uploads\/2025\/07\/DSC_5757-2015-02-18-at-01-34-43-copy.jpg 18w, https:\/\/mlvggls1rius.i.optimole.com\/w:1200\/h:801\/q:81\/f:best\/dpr:2\/https:\/\/sosresponds.org\/wp-content\/uploads\/2025\/07\/DSC_5757-2015-02-18-at-01-34-43-copy.jpg 2x\" sizes=\"(max-width: 800px) 100vw, 800px\" \/></noscript>\t\t\t\t\t\t\t\t\t\t\t\t\t\t\t<\/div>\n\t\t\t\t<\/div>\n\t\t\t\t<div class=\"elementor-element elementor-element-c373470 elementor-widget__width-auto elementor-absolute elementor-widget elementor-widget-html\" data-id=\"c373470\" data-element_type=\"widget\" data-e-type=\"widget\" data-settings=\"{&quot;motion_fx_motion_fx_mouse&quot;:&quot;yes&quot;,&quot;motion_fx_mouseTrack_effect&quot;:&quot;yes&quot;,&quot;motion_fx_mouseTrack_speed&quot;:{&quot;unit&quot;:&quot;px&quot;,&quot;size&quot;:0.1,&quot;sizes&quot;:[]},&quot;_position&quot;:&quot;absolute&quot;}\" data-widget_type=\"html.default\">\n\t\t\t\t<div class=\"elementor-widget-container\">\n\t\t\t\t\t<div class=\"square\">\n    <!--Empty-->\n<\/div>\t\t\t\t<\/div>\n\t\t\t\t<\/div>\n\t\t\t\t<div class=\"elementor-element elementor-element-0852aca elementor-widget__width-auto elementor-absolute elementor-widget elementor-widget-html\" data-id=\"0852aca\" data-element_type=\"widget\" data-e-type=\"widget\" data-settings=\"{&quot;motion_fx_motion_fx_mouse&quot;:&quot;yes&quot;,&quot;motion_fx_mouseTrack_effect&quot;:&quot;yes&quot;,&quot;motion_fx_mouseTrack_speed&quot;:{&quot;unit&quot;:&quot;px&quot;,&quot;size&quot;:0.1,&quot;sizes&quot;:[]},&quot;_position&quot;:&quot;absolute&quot;}\" data-widget_type=\"html.default\">\n\t\t\t\t<div class=\"elementor-widget-container\">\n\t\t\t\t\t<div class=\"square\">\n    <!--Empty-->\n<\/div>\t\t\t\t<\/div>\n\t\t\t\t<\/div>\n\t\t\t\t\t<\/div>\n\t\t<\/div>\n\t\t\t\t\t<\/div>\n\t\t<\/section>\n\t\t\t\t<section class=\"elementor-section elementor-top-section elementor-element elementor-element-a9efb74 elementor-section-boxed elementor-section-height-default elementor-section-height-default\" data-id=\"a9efb74\" data-element_type=\"section\" data-e-type=\"section\">\n\t\t\t\t\t\t<div class=\"elementor-container elementor-column-gap-default\">\n\t\t\t\t\t<div class=\"elementor-column elementor-col-33 elementor-top-column elementor-element elementor-element-4e802db\" data-id=\"4e802db\" data-element_type=\"column\" data-e-type=\"column\">\n\t\t\t<div class=\"elementor-widget-wrap\">\n\t\t\t\t\t\t\t<\/div>\n\t\t<\/div>\n\t\t\t\t<div class=\"elementor-column elementor-col-33 elementor-top-column elementor-element elementor-element-54d5cf3\" data-id=\"54d5cf3\" data-element_type=\"column\" data-e-type=\"column\">\n\t\t\t<div class=\"elementor-widget-wrap elementor-element-populated\">\n\t\t\t\t\t\t<div class=\"elementor-element elementor-element-cafa6c1 elementor-widget elementor-widget-text-editor\" data-id=\"cafa6c1\" data-element_type=\"widget\" data-e-type=\"widget\" data-widget_type=\"text-editor.default\">\n\t\t\t\t<div class=\"elementor-widget-container\">\n\t\t\t\t\t\t\t\t\t<h5 style=\"text-align: center;\">Sign up for our monthly prayer emails to receive <br \/>information about specific ways you can pray and partner with us in the fight against trafficking.<\/h5>\t\t\t\t\t\t\t\t<\/div>\n\t\t\t\t<\/div>\n\t\t\t\t<div class=\"elementor-element elementor-element-ed3f03a elementor-button-align-stretch elementor-widget elementor-widget-form\" data-id=\"ed3f03a\" data-element_type=\"widget\" data-e-type=\"widget\" data-settings=\"{&quot;step_next_label&quot;:&quot;Next&quot;,&quot;step_previous_label&quot;:&quot;Previous&quot;,&quot;button_width&quot;:&quot;100&quot;,&quot;step_type&quot;:&quot;number_text&quot;,&quot;step_icon_shape&quot;:&quot;circle&quot;}\" data-widget_type=\"form.default\">\n\t\t\t\t<div class=\"elementor-widget-container\">\n\t\t\t\t\t\t\t<form class=\"elementor-form\" method=\"post\" name=\"newsletter-form\" aria-label=\"newsletter-form\">\n\t\t\t<input type=\"hidden\" name=\"post_id\" value=\"2882\"\/>\n\t\t\t<input type=\"hidden\" name=\"form_id\" value=\"ed3f03a\"\/>\n\t\t\t<input type=\"hidden\" name=\"referer_title\" value=\"Prayer\" \/>\n\n\t\t\t\t\t\t\t<input type=\"hidden\" name=\"queried_id\" value=\"2882\"\/>\n\t\t\t\n\t\t\t<div class=\"elementor-form-fields-wrapper elementor-labels-above\">\n\t\t\t\t\t\t\t\t<div class=\"elementor-field-type-text elementor-field-group elementor-column elementor-field-group-name elementor-col-50 elementor-field-required\">\n\t\t\t\t\t\t\t\t\t\t\t\t<label for=\"form-field-name\" class=\"elementor-field-label\">\n\t\t\t\t\t\t\t\tFirst Name\t\t\t\t\t\t\t<\/label>\n\t\t\t\t\t\t\t\t\t\t\t\t\t\t<input size=\"1\" type=\"text\" name=\"form_fields[name]\" id=\"form-field-name\" class=\"elementor-field elementor-size-sm  elementor-field-textual\" placeholder=\"Alex\" required=\"required\">\n\t\t\t\t\t\t\t\t\t\t\t<\/div>\n\t\t\t\t\t\t\t\t<div class=\"elementor-field-type-text elementor-field-group elementor-column elementor-field-group-field_72cf4d8 elementor-col-50 elementor-field-required\">\n\t\t\t\t\t\t\t\t\t\t\t\t<label for=\"form-field-field_72cf4d8\" class=\"elementor-field-label\">\n\t\t\t\t\t\t\t\tLast Name\t\t\t\t\t\t\t<\/label>\n\t\t\t\t\t\t\t\t\t\t\t\t\t\t<input size=\"1\" type=\"text\" name=\"form_fields[field_72cf4d8]\" id=\"form-field-field_72cf4d8\" class=\"elementor-field elementor-size-sm  elementor-field-textual\" placeholder=\"Smith\" required=\"required\">\n\t\t\t\t\t\t\t\t\t\t\t<\/div>\n\t\t\t\t\t\t\t\t<div class=\"elementor-field-type-email elementor-field-group elementor-column elementor-field-group-email elementor-col-100 elementor-field-required\">\n\t\t\t\t\t\t\t\t\t\t\t\t<label for=\"form-field-email\" class=\"elementor-field-label\">\n\t\t\t\t\t\t\t\tEmail\t\t\t\t\t\t\t<\/label>\n\t\t\t\t\t\t\t\t\t\t\t\t\t\t<input size=\"1\" type=\"email\" name=\"form_fields[email]\" id=\"form-field-email\" class=\"elementor-field elementor-size-sm  elementor-field-textual\" placeholder=\"Email\" required=\"required\">\n\t\t\t\t\t\t\t\t\t\t\t<\/div>\n\t\t\t\t\t\t\t\t<div class=\"elementor-field-type-text\">\n\t\t\t\t\t<input size=\"1\" type=\"text\" name=\"form_fields[field_3d431a0]\" id=\"form-field-field_3d431a0\" class=\"elementor-field elementor-size-sm \" style=\"display:none !important;\">\t\t\t\t<\/div>\n\t\t\t\t\t\t\t\t<div class=\"elementor-field-group elementor-column elementor-field-type-submit elementor-col-100 e-form__buttons\">\n\t\t\t\t\t<button class=\"elementor-button elementor-size-sm\" type=\"submit\">\n\t\t\t\t\t\t<span class=\"elementor-button-content-wrapper\">\n\t\t\t\t\t\t\t\t\t\t\t\t\t\t\t\t\t\t\t\t\t\t<span class=\"elementor-button-text\">Send<\/span>\n\t\t\t\t\t\t\t\t\t\t\t\t\t<\/span>\n\t\t\t\t\t<\/button>\n\t\t\t\t<\/div>\n\t\t\t<\/div>\n\t\t<\/form>\n\t\t\t\t\t\t<\/div>\n\t\t\t\t<\/div>\n\t\t\t\t\t<\/div>\n\t\t<\/div>\n\t\t\t\t<div class=\"elementor-column elementor-col-33 elementor-top-column elementor-element elementor-element-feb44c9\" data-id=\"feb44c9\" data-element_type=\"column\" data-e-type=\"column\">\n\t\t\t<div class=\"elementor-widget-wrap\">\n\t\t\t\t\t\t\t<\/div>\n\t\t<\/div>\n\t\t\t\t\t<\/div>\n\t\t<\/section>\n\t\t\t\t<section class=\"elementor-section elementor-top-section elementor-element elementor-element-c7256ad elementor-section-boxed elementor-section-height-default elementor-section-height-default\" data-id=\"c7256ad\" data-element_type=\"section\" data-e-type=\"section\">\n\t\t\t\t\t\t<div class=\"elementor-container elementor-column-gap-default\">\n\t\t\t\t\t<div class=\"elementor-column elementor-col-100 elementor-top-column elementor-element elementor-element-5131280\" data-id=\"5131280\" data-element_type=\"column\" data-e-type=\"column\">\n\t\t\t<div class=\"elementor-widget-wrap elementor-element-populated\">\n\t\t\t\t\t\t<div class=\"elementor-element elementor-element-5a913b5 elementor-widget elementor-widget-spacer\" data-id=\"5a913b5\" data-element_type=\"widget\" data-e-type=\"widget\" data-widget_type=\"spacer.default\">\n\t\t\t\t<div class=\"elementor-widget-container\">\n\t\t\t\t\t\t\t<div class=\"elementor-spacer\">\n\t\t\t<div class=\"elementor-spacer-inner\"><\/div>\n\t\t<\/div>\n\t\t\t\t\t\t<\/div>\n\t\t\t\t<\/div>\n\t\t\t\t\t<\/div>\n\t\t<\/div>\n\t\t\t\t\t<\/div>\n\t\t<\/section>\n\t\t\t\t<\/div>\n\t\t","protected":false},"excerpt":{"rendered":"<p>Comprom\u00e9tete a rezar Suscr\u00edbete a nuestros correos electr\u00f3nicos mensuales de oraci\u00f3n para recibir informaci\u00f3n sobre formas concretas de rezar y colaborar con nosotros en la lucha contra la trata.<\/p>","protected":false},"author":2,"featured_media":0,"parent":0,"menu_order":0,"comment_status":"closed","ping_status":"closed","template":"","meta":{"_seopress_robots_primary_cat":"","_seopress_titles_title":"Prayer","_seopress_titles_desc":"","_seopress_robots_index":"","footnotes":""},"class_list":["post-2882","page","type-page","status-publish","hentry"],"_links":{"self":[{"href":"https:\/\/sosresponds.org\/es\/wp-json\/wp\/v2\/pages\/2882","targetHints":{"allow":["GET"]}}],"collection":[{"href":"https:\/\/sosresponds.org\/es\/wp-json\/wp\/v2\/pages"}],"about":[{"href":"https:\/\/sosresponds.org\/es\/wp-json\/wp\/v2\/types\/page"}],"author":[{"embeddable":true,"href":"https:\/\/sosresponds.org\/es\/wp-json\/wp\/v2\/users\/2"}],"replies":[{"embeddable":true,"href":"https:\/\/sosresponds.org\/es\/wp-json\/wp\/v2\/comments?post=2882"}],"version-history":[{"count":0,"href":"https:\/\/sosresponds.org\/es\/wp-json\/wp\/v2\/pages\/2882\/revisions"}],"wp:attachment":[{"href":"https:\/\/sosresponds.org\/es\/wp-json\/wp\/v2\/media?parent=2882"}],"curies":[{"name":"wp","href":"https:\/\/api.w.org\/{rel}","templated":true}]}}