{"id":2983,"date":"2025-10-23T15:52:06","date_gmt":"2025-10-23T15:52:06","guid":{"rendered":"https:\/\/sosresponds.org\/?page_id=2983"},"modified":"2025-10-28T16:02:09","modified_gmt":"2025-10-28T16:02:09","slug":"ad2510rdotext","status":"publish","type":"page","link":"https:\/\/sosresponds.org\/es\/ad2510rdotext\/","title":{"rendered":"KKLA - Texto 10.25"},"content":{"rendered":"<div data-elementor-type=\"wp-page\" data-elementor-id=\"2983\" class=\"elementor elementor-2983\" data-elementor-post-type=\"page\">\n\t\t\t\t\t\t<section class=\"elementor-section elementor-top-section elementor-element elementor-element-6b7f3f0 elementor-section-boxed elementor-section-height-default elementor-section-height-default\" data-id=\"6b7f3f0\" data-element_type=\"section\" data-e-type=\"section\">\n\t\t\t\t\t\t<div class=\"elementor-container elementor-column-gap-default\">\n\t\t\t\t\t<div class=\"elementor-column elementor-col-33 elementor-top-column elementor-element elementor-element-43b8148\" data-id=\"43b8148\" data-element_type=\"column\" data-e-type=\"column\">\n\t\t\t<div class=\"elementor-widget-wrap\">\n\t\t\t\t\t\t\t<\/div>\n\t\t<\/div>\n\t\t\t\t<div class=\"elementor-column elementor-col-33 elementor-top-column elementor-element elementor-element-f57b79f\" data-id=\"f57b79f\" data-element_type=\"column\" data-e-type=\"column\">\n\t\t\t<div class=\"elementor-widget-wrap elementor-element-populated\">\n\t\t\t\t\t\t<div class=\"elementor-element elementor-element-606e355 elementor-widget elementor-widget-image\" data-id=\"606e355\" data-element_type=\"widget\" data-e-type=\"widget\" data-widget_type=\"image.default\">\n\t\t\t\t<div class=\"elementor-widget-container\">\n\t\t\t\t\t\t\t\t\t\t\t\t\t\t\t<img data-opt-id=463108300  data-opt-src=\"https:\/\/mlvggls1rius.i.optimole.com\/w:800\/h:450\/q:81\/f:best\/https:\/\/sosresponds.org\/wp-content\/uploads\/2025\/10\/KKLA-BannerImage-SOSWebsite.png\"  decoding=\"async\" width=\"800\" height=\"450\" src=\"data:image/svg+xml,%3Csvg%20viewBox%3D%220%200%20800%20450%22%20width%3D%22800%22%20height%3D%22450%22%20xmlns%3D%22http%3A%2F%2Fwww.w3.org%2F2000%2Fsvg%22%3E%3Crect%20width%3D%22800%22%20height%3D%22450%22%20fill%3D%22transparent%22%2F%3E%3C%2Fsvg%3E\" class=\"attachment-large size-large wp-image-2981\" alt=\"\" old-srcset=\"https:\/\/mlvggls1rius.i.optimole.com\/w:1920\/h:1080\/q:81\/f:best\/https:\/\/sosresponds.org\/wp-content\/uploads\/2025\/10\/KKLA-BannerImage-SOSWebsite.png 1920w, https:\/\/mlvggls1rius.i.optimole.com\/w:300\/h:169\/q:81\/f:best\/https:\/\/sosresponds.org\/wp-content\/uploads\/2025\/10\/KKLA-BannerImage-SOSWebsite.png 300w, https:\/\/mlvggls1rius.i.optimole.com\/w:1024\/h:576\/q:81\/f:best\/https:\/\/sosresponds.org\/wp-content\/uploads\/2025\/10\/KKLA-BannerImage-SOSWebsite.png 1024w, https:\/\/mlvggls1rius.i.optimole.com\/w:768\/h:432\/q:81\/f:best\/https:\/\/sosresponds.org\/wp-content\/uploads\/2025\/10\/KKLA-BannerImage-SOSWebsite.png 768w, https:\/\/mlvggls1rius.i.optimole.com\/w:1536\/h:864\/q:81\/f:best\/https:\/\/sosresponds.org\/wp-content\/uploads\/2025\/10\/KKLA-BannerImage-SOSWebsite.png 1536w, https:\/\/mlvggls1rius.i.optimole.com\/w:18\/h:10\/q:81\/f:best\/https:\/\/sosresponds.org\/wp-content\/uploads\/2025\/10\/KKLA-BannerImage-SOSWebsite.png 18w, https:\/\/mlvggls1rius.i.optimole.com\/w:1920\/h:1080\/q:81\/f:best\/dpr:2\/https:\/\/sosresponds.org\/wp-content\/uploads\/2025\/10\/KKLA-BannerImage-SOSWebsite.png 2x\" \/><noscript><img data-opt-id=463108300  decoding=\"async\" width=\"800\" height=\"450\" src=\"https:\/\/mlvggls1rius.i.optimole.com\/w:800\/h:450\/q:81\/f:best\/https:\/\/sosresponds.org\/wp-content\/uploads\/2025\/10\/KKLA-BannerImage-SOSWebsite.png\" class=\"attachment-large size-large wp-image-2981\" alt=\"\" srcset=\"https:\/\/mlvggls1rius.i.optimole.com\/w:1920\/h:1080\/q:81\/f:best\/https:\/\/sosresponds.org\/wp-content\/uploads\/2025\/10\/KKLA-BannerImage-SOSWebsite.png 1920w, https:\/\/mlvggls1rius.i.optimole.com\/w:300\/h:169\/q:81\/f:best\/https:\/\/sosresponds.org\/wp-content\/uploads\/2025\/10\/KKLA-BannerImage-SOSWebsite.png 300w, https:\/\/mlvggls1rius.i.optimole.com\/w:1024\/h:576\/q:81\/f:best\/https:\/\/sosresponds.org\/wp-content\/uploads\/2025\/10\/KKLA-BannerImage-SOSWebsite.png 1024w, https:\/\/mlvggls1rius.i.optimole.com\/w:768\/h:432\/q:81\/f:best\/https:\/\/sosresponds.org\/wp-content\/uploads\/2025\/10\/KKLA-BannerImage-SOSWebsite.png 768w, https:\/\/mlvggls1rius.i.optimole.com\/w:1536\/h:864\/q:81\/f:best\/https:\/\/sosresponds.org\/wp-content\/uploads\/2025\/10\/KKLA-BannerImage-SOSWebsite.png 1536w, https:\/\/mlvggls1rius.i.optimole.com\/w:18\/h:10\/q:81\/f:best\/https:\/\/sosresponds.org\/wp-content\/uploads\/2025\/10\/KKLA-BannerImage-SOSWebsite.png 18w, https:\/\/mlvggls1rius.i.optimole.com\/w:1920\/h:1080\/q:81\/f:best\/dpr:2\/https:\/\/sosresponds.org\/wp-content\/uploads\/2025\/10\/KKLA-BannerImage-SOSWebsite.png 2x\" sizes=\"(max-width: 800px) 100vw, 800px\" \/></noscript>\t\t\t\t\t\t\t\t\t\t\t\t\t\t\t<\/div>\n\t\t\t\t<\/div>\n\t\t\t\t<div class=\"elementor-element elementor-element-8f0379b elementor-widget elementor-widget-heading\" data-id=\"8f0379b\" data-element_type=\"widget\" data-e-type=\"widget\" data-widget_type=\"heading.default\">\n\t\t\t\t<div class=\"elementor-widget-container\">\n\t\t\t\t\t<h2 class=\"elementor-heading-title elementor-size-default\">haga sitio en su mesa estas fiestas<\/h2>\t\t\t\t<\/div>\n\t\t\t\t<\/div>\n\t\t\t\t<div class=\"elementor-element elementor-element-f0db781 elementor-widget-divider--view-line elementor-widget elementor-widget-divider\" data-id=\"f0db781\" data-element_type=\"widget\" data-e-type=\"widget\" data-widget_type=\"divider.default\">\n\t\t\t\t<div class=\"elementor-widget-container\">\n\t\t\t\t\t\t\t<div class=\"elementor-divider\">\n\t\t\t<span class=\"elementor-divider-separator\">\n\t\t\t\t\t\t<\/span>\n\t\t<\/div>\n\t\t\t\t\t\t<\/div>\n\t\t\t\t<\/div>\n\t\t\t\t<div class=\"elementor-element elementor-element-6e25636 elementor-widget elementor-widget-text-editor\" data-id=\"6e25636\" data-element_type=\"widget\" data-e-type=\"widget\" data-widget_type=\"text-editor.default\">\n\t\t\t\t<div class=\"elementor-widget-container\">\n\t\t\t\t\t\t\t\t\t<p style=\"text-align: center;\">A medida que se acercan las fiestas, nos preparamos para invitar a nuestros seres queridos a reunirse en torno a nuestras mesas. Pero muchos ni\u00f1os se enfrentan al hambre y a la incertidumbre en estas fechas. \u00bfConsiderar\u00eda la posibilidad de hacer un regalo de fin de a\u00f1o para dar de comer a ni\u00f1os en situaci\u00f3n de riesgo? Aunque no pueda invitarlos f\u00edsicamente a su mesa, tiene la oportunidad de crear asientos en mesas de todo el mundo para ni\u00f1os hambrientos.<br \/>\u00bfTe unir\u00e1s a nosotros para llevar esperanza y alimentos a quienes m\u00e1s lo necesitan?<\/p><p style=\"text-align: center;\">$100 puede alimentar\u00a0<b>10 ni\u00f1os durante un mes<\/b><br \/>$200 puede alimentar\u00a0<b>20 ni\u00f1os durante un mes<\/b><br \/>$500 puede alimentar\u00a0<b>50 ni\u00f1os durante un mes<\/b><br \/>$1.000 pueden alimentar\u00a0<b>100 ni\u00f1os durante un mes<\/b><\/p>\t\t\t\t\t\t\t\t<\/div>\n\t\t\t\t<\/div>\n\t\t\t\t\t<\/div>\n\t\t<\/div>\n\t\t\t\t<div class=\"elementor-column elementor-col-33 elementor-top-column elementor-element elementor-element-ddbd024\" data-id=\"ddbd024\" data-element_type=\"column\" data-e-type=\"column\">\n\t\t\t<div class=\"elementor-widget-wrap\">\n\t\t\t\t\t\t\t<\/div>\n\t\t<\/div>\n\t\t\t\t\t<\/div>\n\t\t<\/section>\n\t\t\t\t<section class=\"elementor-section elementor-top-section elementor-element elementor-element-bafd50c elementor-section-boxed elementor-section-height-default elementor-section-height-default\" data-id=\"bafd50c\" data-element_type=\"section\" data-e-type=\"section\">\n\t\t\t\t\t\t<div class=\"elementor-container elementor-column-gap-default\">\n\t\t\t\t\t<div class=\"elementor-column elementor-col-25 elementor-top-column elementor-element elementor-element-5e8f1e0\" data-id=\"5e8f1e0\" data-element_type=\"column\" data-e-type=\"column\">\n\t\t\t<div class=\"elementor-widget-wrap\">\n\t\t\t\t\t\t\t<\/div>\n\t\t<\/div>\n\t\t\t\t<div class=\"elementor-column elementor-col-25 elementor-top-column elementor-element elementor-element-73c339d\" data-id=\"73c339d\" data-element_type=\"column\" data-e-type=\"column\">\n\t\t\t<div class=\"elementor-widget-wrap elementor-element-populated\">\n\t\t\t\t\t\t<div class=\"elementor-element elementor-element-e10fc6f elementor-widget elementor-widget-image\" data-id=\"e10fc6f\" data-element_type=\"widget\" data-e-type=\"widget\" data-widget_type=\"image.default\">\n\t\t\t\t<div class=\"elementor-widget-container\">\n\t\t\t\t\t\t\t\t\t\t\t\t\t\t\t<img data-opt-id=1459658370  data-opt-src=\"https:\/\/mlvggls1rius.i.optimole.com\/w:684\/h:1024\/q:81\/f:best\/https:\/\/sosresponds.org\/wp-content\/uploads\/2025\/10\/HMW_5079-scaled.png\"  decoding=\"async\" width=\"684\" height=\"1024\" src=\"data:image/svg+xml,%3Csvg%20viewBox%3D%220%200%20684%201024%22%20width%3D%22684%22%20height%3D%221024%22%20xmlns%3D%22http%3A%2F%2Fwww.w3.org%2F2000%2Fsvg%22%3E%3Crect%20width%3D%22684%22%20height%3D%221024%22%20fill%3D%22transparent%22%2F%3E%3C%2Fsvg%3E\" class=\"attachment-large size-large wp-image-2982\" alt=\"\" old-srcset=\"https:\/\/mlvggls1rius.i.optimole.com\/w:1709\/h:2560\/q:81\/f:best\/https:\/\/sosresponds.org\/wp-content\/uploads\/2025\/10\/HMW_5079-scaled.png 1709w, https:\/\/mlvggls1rius.i.optimole.com\/w:200\/h:300\/q:81\/f:best\/https:\/\/sosresponds.org\/wp-content\/uploads\/2025\/10\/HMW_5079-scaled.png 200w, https:\/\/mlvggls1rius.i.optimole.com\/w:683\/h:1024\/q:81\/f:best\/https:\/\/sosresponds.org\/wp-content\/uploads\/2025\/10\/HMW_5079-scaled.png 683w, https:\/\/mlvggls1rius.i.optimole.com\/w:768\/h:1151\/q:81\/f:best\/https:\/\/sosresponds.org\/wp-content\/uploads\/2025\/10\/HMW_5079-scaled.png 768w, https:\/\/mlvggls1rius.i.optimole.com\/w:1025\/h:1536\/q:81\/f:best\/https:\/\/sosresponds.org\/wp-content\/uploads\/2025\/10\/HMW_5079-scaled.png 1025w, https:\/\/mlvggls1rius.i.optimole.com\/w:1367\/h:2048\/q:81\/f:best\/https:\/\/sosresponds.org\/wp-content\/uploads\/2025\/10\/HMW_5079-scaled.png 1367w, https:\/\/mlvggls1rius.i.optimole.com\/w:8\/h:12\/q:81\/f:best\/https:\/\/sosresponds.org\/wp-content\/uploads\/2025\/10\/HMW_5079-scaled.png 8w, https:\/\/mlvggls1rius.i.optimole.com\/w:1709\/h:2560\/q:81\/f:best\/dpr:2\/https:\/\/sosresponds.org\/wp-content\/uploads\/2025\/10\/HMW_5079-scaled.png 2x\" \/><noscript><img data-opt-id=1459658370  decoding=\"async\" width=\"684\" height=\"1024\" src=\"https:\/\/mlvggls1rius.i.optimole.com\/w:684\/h:1024\/q:81\/f:best\/https:\/\/sosresponds.org\/wp-content\/uploads\/2025\/10\/HMW_5079-scaled.png\" class=\"attachment-large size-large wp-image-2982\" alt=\"\" srcset=\"https:\/\/mlvggls1rius.i.optimole.com\/w:1709\/h:2560\/q:81\/f:best\/https:\/\/sosresponds.org\/wp-content\/uploads\/2025\/10\/HMW_5079-scaled.png 1709w, https:\/\/mlvggls1rius.i.optimole.com\/w:200\/h:300\/q:81\/f:best\/https:\/\/sosresponds.org\/wp-content\/uploads\/2025\/10\/HMW_5079-scaled.png 200w, https:\/\/mlvggls1rius.i.optimole.com\/w:683\/h:1024\/q:81\/f:best\/https:\/\/sosresponds.org\/wp-content\/uploads\/2025\/10\/HMW_5079-scaled.png 683w, https:\/\/mlvggls1rius.i.optimole.com\/w:768\/h:1151\/q:81\/f:best\/https:\/\/sosresponds.org\/wp-content\/uploads\/2025\/10\/HMW_5079-scaled.png 768w, https:\/\/mlvggls1rius.i.optimole.com\/w:1025\/h:1536\/q:81\/f:best\/https:\/\/sosresponds.org\/wp-content\/uploads\/2025\/10\/HMW_5079-scaled.png 1025w, https:\/\/mlvggls1rius.i.optimole.com\/w:1367\/h:2048\/q:81\/f:best\/https:\/\/sosresponds.org\/wp-content\/uploads\/2025\/10\/HMW_5079-scaled.png 1367w, https:\/\/mlvggls1rius.i.optimole.com\/w:8\/h:12\/q:81\/f:best\/https:\/\/sosresponds.org\/wp-content\/uploads\/2025\/10\/HMW_5079-scaled.png 8w, https:\/\/mlvggls1rius.i.optimole.com\/w:1709\/h:2560\/q:81\/f:best\/dpr:2\/https:\/\/sosresponds.org\/wp-content\/uploads\/2025\/10\/HMW_5079-scaled.png 2x\" sizes=\"(max-width: 684px) 100vw, 684px\" \/></noscript>\t\t\t\t\t\t\t\t\t\t\t\t\t\t\t<\/div>\n\t\t\t\t<\/div>\n\t\t\t\t\t<\/div>\n\t\t<\/div>\n\t\t\t\t<div class=\"elementor-column elementor-col-25 elementor-top-column elementor-element elementor-element-00467af\" data-id=\"00467af\" data-element_type=\"column\" data-e-type=\"column\">\n\t\t\t<div class=\"elementor-widget-wrap elementor-element-populated\">\n\t\t\t\t\t\t<div class=\"elementor-element elementor-element-6d36226 elementor-widget elementor-widget-html\" data-id=\"6d36226\" data-element_type=\"widget\" data-e-type=\"widget\" data-widget_type=\"html.default\">\n\t\t\t\t<div class=\"elementor-widget-container\">\n\t\t\t\t\t<a href=\"#XCAUMLTJ\" style=\"display: none\"><\/a>\t\t\t\t<\/div>\n\t\t\t\t<\/div>\n\t\t\t\t\t<\/div>\n\t\t<\/div>\n\t\t\t\t<div class=\"elementor-column elementor-col-25 elementor-top-column elementor-element elementor-element-6594644\" data-id=\"6594644\" data-element_type=\"column\" data-e-type=\"column\">\n\t\t\t<div class=\"elementor-widget-wrap\">\n\t\t\t\t\t\t\t<\/div>\n\t\t<\/div>\n\t\t\t\t\t<\/div>\n\t\t<\/section>\n\t\t\t\t<section class=\"elementor-section elementor-top-section elementor-element elementor-element-334ee60 elementor-section-boxed elementor-section-height-default elementor-section-height-default\" data-id=\"334ee60\" data-element_type=\"section\" data-e-type=\"section\">\n\t\t\t\t\t\t<div class=\"elementor-container elementor-column-gap-default\">\n\t\t\t\t\t<div class=\"elementor-column elementor-col-100 elementor-top-column elementor-element elementor-element-ed4cdfa\" data-id=\"ed4cdfa\" data-element_type=\"column\" data-e-type=\"column\">\n\t\t\t<div class=\"elementor-widget-wrap elementor-element-populated\">\n\t\t\t\t\t\t<div class=\"elementor-element elementor-element-823dd12 elementor-widget elementor-widget-spacer\" data-id=\"823dd12\" data-element_type=\"widget\" data-e-type=\"widget\" data-widget_type=\"spacer.default\">\n\t\t\t\t<div class=\"elementor-widget-container\">\n\t\t\t\t\t\t\t<div class=\"elementor-spacer\">\n\t\t\t<div class=\"elementor-spacer-inner\"><\/div>\n\t\t<\/div>\n\t\t\t\t\t\t<\/div>\n\t\t\t\t<\/div>\n\t\t\t\t\t<\/div>\n\t\t<\/div>\n\t\t\t\t\t<\/div>\n\t\t<\/section>\n\t\t\t\t<\/div>","protected":false},"excerpt":{"rendered":"<p>make space at your table this holiday season As the holidays approach, we prepare to invite loved ones to gather around our tables. But many children face hunger and uncertainty [&hellip;]<\/p>\n","protected":false},"author":2,"featured_media":0,"parent":0,"menu_order":0,"comment_status":"closed","ping_status":"closed","template":"","meta":{"_seopress_robots_primary_cat":"","_seopress_titles_title":"KKLA - Text 10.25","_seopress_titles_desc":"","_seopress_robots_index":"","footnotes":""},"class_list":["post-2983","page","type-page","status-publish","hentry"],"_links":{"self":[{"href":"https:\/\/sosresponds.org\/es\/wp-json\/wp\/v2\/pages\/2983","targetHints":{"allow":["GET"]}}],"collection":[{"href":"https:\/\/sosresponds.org\/es\/wp-json\/wp\/v2\/pages"}],"about":[{"href":"https:\/\/sosresponds.org\/es\/wp-json\/wp\/v2\/types\/page"}],"author":[{"embeddable":true,"href":"https:\/\/sosresponds.org\/es\/wp-json\/wp\/v2\/users\/2"}],"replies":[{"embeddable":true,"href":"https:\/\/sosresponds.org\/es\/wp-json\/wp\/v2\/comments?post=2983"}],"version-history":[{"count":0,"href":"https:\/\/sosresponds.org\/es\/wp-json\/wp\/v2\/pages\/2983\/revisions"}],"wp:attachment":[{"href":"https:\/\/sosresponds.org\/es\/wp-json\/wp\/v2\/media?parent=2983"}],"curies":[{"name":"wp","href":"https:\/\/api.w.org\/{rel}","templated":true}]}}